{"id":727,"date":"2022-01-20T11:40:47","date_gmt":"2022-01-20T11:40:47","guid":{"rendered":"http:\/\/spiegelraum.com\/?page_id=727"},"modified":"2025-02-09T12:08:19","modified_gmt":"2025-02-09T12:08:19","slug":"wir","status":"publish","type":"page","link":"https:\/\/spiegelraum.com\/?page_id=727","title":{"rendered":"Wir"},"content":{"rendered":"\n<p class=\"has-text-align-center has-medium-font-size\"><strong>D<\/strong>er Spiegelraum soll ein Ort sein, um Menschen, die auf dem Weg zur\u00fcck zu sich selbst sind, M\u00f6glichkeiten der Heilung aufzuzeigen bzw. neue Denkans\u00e4tze zu vermitteln.<br><br><strong>Wir<\/strong> alle sind verschieden, wir alle erg\u00e4nzen uns, jeder bringt etwas ein, was Ihn oder Sie zum Meister seines Faches macht. Obwohl die Gesetzm\u00e4\u00dfigkeiten f\u00fcr wahre Heilung immer die gleichen sind, hat dennoch jeder einen individuellen Stil, wenn es darum geht, sich selbst und auch andere wieder in eine harmonische Balance zu f\u00fchren.<br><br><strong>H<\/strong>ier stelle ich euch Menschen vor, die den Weg der Selbstheilung und Selbsterfahrung schon viele Jahre gehen und Ihre F\u00e4higkeiten in den Dienst anderer stellen:<\/p>\n\n\n\n<div style=\"height:20px\" aria-hidden=\"true\" class=\"wp-block-spacer\"><\/div>\n\n\n\n<div class=\"wp-block-columns is-layout-flex wp-container-core-columns-is-layout-9d6595d7 wp-block-columns-is-layout-flex\">\n<div class=\"wp-block-column is-layout-flow wp-block-column-is-layout-flow\">\n<p class=\"has-text-align-center\" id=\"Johannes\"><strong>\u00b7 Johannes Alexander \u00b7<\/strong><\/p>\n\n\n<div class=\"wp-block-image\">\n<figure class=\"aligncenter size-full\"><img loading=\"lazy\" decoding=\"async\" width=\"960\" height=\"1280\" src=\"https:\/\/spiegelraum.com\/wp-content\/uploads\/photo_2024-08-07_19-26-32.jpg\" alt=\"\" class=\"wp-image-3346\" srcset=\"https:\/\/spiegelraum.com\/wp-content\/uploads\/photo_2024-08-07_19-26-32.jpg 960w, https:\/\/spiegelraum.com\/wp-content\/uploads\/photo_2024-08-07_19-26-32-225x300.jpg 225w, https:\/\/spiegelraum.com\/wp-content\/uploads\/photo_2024-08-07_19-26-32-768x1024.jpg 768w\" sizes=\"auto, (max-width: 960px) 100vw, 960px\" \/><\/figure>\n<\/div>\n\n\n<details class=\"wp-block-details is-layout-flow wp-block-details-is-layout-flow\"><summary><strong><strong>\u00b7\u00b7\u00b7<\/strong>&gt;<\/strong> mehr zu Johannes<\/summary>\n<p class=\"has-text-align-left\"><br>Hallo, Ich bin <strong>Johannes<\/strong>.<br><br>Schon seit meiner Kindheit bin ich medial veranlagt und kann durch tiefes Einf\u00fchlen erfahren, in welchem Zustand sich ein Mensch befindet bzw. vor welcher Lernaufgabe er steht.<br>So kann ich z.B. &#8222;lesen&#8220;, was sich auf der k\u00f6rperlichen, emotionalen &amp; mentalen Ebene meines Gegen\u00fcbers abspielt.<\/p>\n\n\n\n<p>Diese F\u00e4higkeit kombiniere ich mit verschiedenen Geistheil- und Energiearbeitstechniken, die mir im Laufe der Zeit in Ausbildungen, vor allem aber in tiefer Meditation, begegnet sind und sich als die f\u00fcr mich wirksamsten und sch\u00f6nsten erwiesen haben.<\/p>\n\n\n\n<p>Gerne helfe Ich Dir, die Lernaufgaben hinter Deinen Themen zu entdecken und diese liebevoll zu integrieren und begleite Dich dadurch auf Deinem Weg zu mehr Liebe und Ausgeglichenheit.<\/p>\n\n\n\n<p>Mehr Infos &amp; Kontaktm\u00f6glichkeiten auf <a href=\"https:\/\/johannes-alexander.de\"><strong>johannes-alexander.de<\/strong><\/a> oder auch hier:<\/p>\n\n\n<div class=\"wpforms-container wpforms-container-full wpforms-block wpforms-block-b4b60232-c669-479f-87bc-3ed1f90fe173\" id=\"wpforms-606\"><form id=\"wpforms-form-606\" class=\"wpforms-validate wpforms-form\" data-formid=\"606\" method=\"post\" enctype=\"multipart\/form-data\" action=\"\/index.php?rest_route=%2Fwp%2Fv2%2Fpages%2F727\" data-token=\"f147fa161203a8796adc08549521cb5f\" data-token-time=\"1778005697\"><noscript class=\"wpforms-error-noscript\">Bitte aktiviere JavaScript in deinem Browser, um dieses Formular fertigzustellen.<\/noscript><div class=\"wpforms-field-container\"><div id=\"wpforms-606-field_0-container\" class=\"wpforms-field wpforms-field-name wpforms-one-half wpforms-first\" data-field-id=\"0\"><label class=\"wpforms-field-label wpforms-label-hide\" for=\"wpforms-606-field_0\">Name <span class=\"wpforms-required-label\">*<\/span><\/label><input type=\"text\" id=\"wpforms-606-field_0\" class=\"wpforms-field-large wpforms-field-required\" name=\"wpforms[fields][0]\" placeholder=\"Name\" required><\/div><div id=\"wpforms-606-field_3-container\" class=\"wpforms-field wpforms-field-email wpforms-one-half\" data-field-id=\"3\"><label class=\"wpforms-field-label wpforms-label-hide\" for=\"wpforms-606-field_3\">Email <span class=\"wpforms-required-label\">*<\/span><\/label><input type=\"email\" id=\"wpforms-606-field_3\" class=\"wpforms-field-large wpforms-field-required\" name=\"wpforms[fields][3]\" placeholder=\"Email-Adresse\" spellcheck=\"false\" required><\/div><div id=\"wpforms-606-field_4-container\" class=\"wpforms-field wpforms-field-text\" data-field-id=\"4\"><label class=\"wpforms-field-label wpforms-label-hide\" for=\"wpforms-606-field_4\">Betreff <span class=\"wpforms-required-label\">*<\/span><\/label><input type=\"text\" id=\"wpforms-606-field_4\" class=\"wpforms-field-large wpforms-field-required\" name=\"wpforms[fields][4]\" placeholder=\"Betreff\" required><\/div><div id=\"wpforms-606-field_2-container\" class=\"wpforms-field wpforms-field-textarea\" data-field-id=\"2\"><label class=\"wpforms-field-label wpforms-label-hide\" for=\"wpforms-606-field_2\">Message <span class=\"wpforms-required-label\">*<\/span><\/label><textarea id=\"wpforms-606-field_2\" class=\"wpforms-field-medium wpforms-field-required\" name=\"wpforms[fields][2]\" placeholder=\"Deine Nachricht\" required><\/textarea><\/div><\/div><!-- .wpforms-field-container --><div class=\"wpforms-field wpforms-field-hp\"><label for=\"wpforms-606-field-hp\" class=\"wpforms-field-label\">Phone<\/label><input type=\"text\" name=\"wpforms[hp]\" id=\"wpforms-606-field-hp\" class=\"wpforms-field-medium\"><\/div><div class=\"wpforms-recaptcha-container wpforms-is-hcaptcha\" ><div class=\"g-recaptcha\" data-sitekey=\"9a7acfa9-4b10-4ec7-a548-fa5df09d15fd\"><\/div><input type=\"text\" name=\"g-recaptcha-hidden\" class=\"wpforms-recaptcha-hidden\" style=\"position:absolute!important;clip:rect(0,0,0,0)!important;height:1px!important;width:1px!important;border:0!important;overflow:hidden!important;padding:0!important;margin:0!important;\" data-rule-hcaptcha=\"1\"><\/div><div class=\"wpforms-submit-container\" ><input type=\"hidden\" name=\"wpforms[id]\" value=\"606\"><input type=\"hidden\" name=\"page_title\" value=\"\"><input type=\"hidden\" name=\"page_url\" value=\"https:\/\/spiegelraum.com\/index.php?rest_route=\/wp\/v2\/pages\/727\"><input type=\"hidden\" name=\"url_referer\" value=\"\"><button type=\"submit\" name=\"wpforms[submit]\" id=\"wpforms-submit-606\" class=\"wpforms-submit\" data-alt-text=\"Sende...\" data-submit-text=\"Absenden\" aria-live=\"assertive\" value=\"wpforms-submit\">Absenden<\/button><\/div><\/form><\/div>  <!-- .wpforms-container -->\n\n\n<p>Ich freue mich auf Dich \ud83d\ude42<\/p>\n<\/details>\n\n\n\n<div style=\"height:20px\" aria-hidden=\"true\" class=\"wp-block-spacer\"><\/div>\n<\/div>\n\n\n\n<div class=\"wp-block-column is-layout-flow wp-block-column-is-layout-flow\">\n<p class=\"has-text-align-center\" id=\"Joana\"><strong>\u00b7 Joana Glaum \u00b7<\/strong><\/p>\n\n\n\n<figure class=\"wp-block-image size-large\"><img loading=\"lazy\" decoding=\"async\" width=\"764\" height=\"1024\" src=\"https:\/\/spiegelraum.com\/wp-content\/uploads\/Joana_neu-1-764x1024.jpg\" alt=\"\" class=\"wp-image-3596\" srcset=\"https:\/\/spiegelraum.com\/wp-content\/uploads\/Joana_neu-1-764x1024.jpg 764w, https:\/\/spiegelraum.com\/wp-content\/uploads\/Joana_neu-1-224x300.jpg 224w, https:\/\/spiegelraum.com\/wp-content\/uploads\/Joana_neu-1-768x1030.jpg 768w, https:\/\/spiegelraum.com\/wp-content\/uploads\/Joana_neu-1-1146x1536.jpg 1146w, https:\/\/spiegelraum.com\/wp-content\/uploads\/Joana_neu-1-1528x2048.jpg 1528w, https:\/\/spiegelraum.com\/wp-content\/uploads\/Joana_neu-1.jpg 1826w\" sizes=\"auto, (max-width: 764px) 100vw, 764px\" \/><\/figure>\n\n\n\n<details class=\"wp-block-details is-layout-flow wp-block-details-is-layout-flow\"><summary><strong>\u00b7\u00b7\u00b7&gt;<\/strong> mehr zu Joana<\/summary>\n<p><br>Hallo.\ud83e\udd0d Ich bin <strong>Joana<\/strong>.<\/p>\n\n\n\n<p>Als ehemalige Lehrerin lebe ich heute meine Seelenaufgabe, indem ich Kinder, Jugendliche und Erwachsene ganzheitlich und traumasensibel bei den ihnen vom Leben gestellten Aufgaben unterst\u00fctze.\ud83e\udd8b<\/p>\n\n\n\n<p>Meine eigenen Lebensaufgaben haben mich auf genau diesen Weg gebracht.<br>Ich selbst bin auf meiner Reise mit verschiedenen Heilungsmethoden und Herangehensweisen in Kontakt gekommen. Dabei hat mich von Anfang an der Bereich der Energiearbeit fasziniert.\u2728<\/p>\n\n\n\n<p>Insbesondere R\u00fcckf\u00fchrungen sowie energetische Anteils- und Aufstellungsarbeit haben mir selbst ganz viel Heilung geschenkt. Im Zuge dessen habe ich auch immer mehr meine medialen F\u00e4higkeiten entdeckt.<\/p>\n\n\n\n<p>Du kannst mit mir im 1:1 vor Ort in Markkleeberg oder auch online zusammen arbeiten.<\/p>\n\n\n\n<p>Zudem biete ich auch ganzheitliche Jobcoachings an. Die Zusammenarbeit kann dabei auch \u00fcber einen AVGS erfolgen.<\/p>\n\n\n\n<p>Mehr zu mir und meinen Angeboten findest du auf meiner Homepage: <a href=\"http:\/\/www.joanalumina.com\">www.joanalumina.com<\/a><\/p>\n\n\n\n<p>Du kannst mich bei Fragen oder Interesse einfach kontaktieren.<br>Ich freue mich auf dich. \ud83d\udc9b<\/p>\n\n\n<div class=\"wpforms-container wpforms-container-full wpforms-block wpforms-block-80db361c-046b-4d51-91c3-c37c402d2e6a\" id=\"wpforms-3324\"><form id=\"wpforms-form-3324\" class=\"wpforms-validate wpforms-form\" data-formid=\"3324\" method=\"post\" enctype=\"multipart\/form-data\" action=\"\/index.php?rest_route=%2Fwp%2Fv2%2Fpages%2F727\" data-token=\"ba469cedf3f5435c8b1d86d21b1f7954\" data-token-time=\"1778005697\"><noscript class=\"wpforms-error-noscript\">Bitte aktiviere JavaScript in deinem Browser, um dieses Formular fertigzustellen.<\/noscript><div class=\"wpforms-field-container\"><div id=\"wpforms-3324-field_0-container\" class=\"wpforms-field wpforms-field-name wpforms-one-half wpforms-first\" data-field-id=\"0\"><label class=\"wpforms-field-label wpforms-label-hide\" for=\"wpforms-3324-field_0\">Name <span class=\"wpforms-required-label\">*<\/span><\/label><input type=\"text\" id=\"wpforms-3324-field_0\" class=\"wpforms-field-large wpforms-field-required\" name=\"wpforms[fields][0]\" placeholder=\"Name\" required><\/div><div id=\"wpforms-3324-field_3-container\" class=\"wpforms-field wpforms-field-email wpforms-one-half\" data-field-id=\"3\"><label class=\"wpforms-field-label wpforms-label-hide\" for=\"wpforms-3324-field_3\">Email <span class=\"wpforms-required-label\">*<\/span><\/label><input type=\"email\" id=\"wpforms-3324-field_3\" class=\"wpforms-field-large wpforms-field-required\" name=\"wpforms[fields][3]\" placeholder=\"Email-Adresse\" spellcheck=\"false\" required><\/div><div id=\"wpforms-3324-field_4-container\" class=\"wpforms-field wpforms-field-text\" data-field-id=\"4\"><label class=\"wpforms-field-label wpforms-label-hide\" for=\"wpforms-3324-field_4\">Betreff <span class=\"wpforms-required-label\">*<\/span><\/label><input type=\"text\" id=\"wpforms-3324-field_4\" class=\"wpforms-field-large wpforms-field-required\" name=\"wpforms[fields][4]\" placeholder=\"Betreff\" required><\/div><div id=\"wpforms-3324-field_2-container\" class=\"wpforms-field wpforms-field-textarea\" data-field-id=\"2\"><label class=\"wpforms-field-label wpforms-label-hide\" for=\"wpforms-3324-field_2\">Message <span class=\"wpforms-required-label\">*<\/span><\/label><textarea id=\"wpforms-3324-field_2\" class=\"wpforms-field-medium wpforms-field-required\" name=\"wpforms[fields][2]\" placeholder=\"Deine Nachricht\" required><\/textarea><\/div><\/div><!-- .wpforms-field-container --><div class=\"wpforms-field wpforms-field-hp\"><label for=\"wpforms-3324-field-hp\" class=\"wpforms-field-label\">Name<\/label><input type=\"text\" name=\"wpforms[hp]\" id=\"wpforms-3324-field-hp\" class=\"wpforms-field-medium\"><\/div><div class=\"wpforms-recaptcha-container wpforms-is-hcaptcha\" ><div class=\"g-recaptcha\" data-sitekey=\"9a7acfa9-4b10-4ec7-a548-fa5df09d15fd\"><\/div><input type=\"text\" name=\"g-recaptcha-hidden\" class=\"wpforms-recaptcha-hidden\" style=\"position:absolute!important;clip:rect(0,0,0,0)!important;height:1px!important;width:1px!important;border:0!important;overflow:hidden!important;padding:0!important;margin:0!important;\" data-rule-hcaptcha=\"1\"><\/div><div class=\"wpforms-submit-container\" ><input type=\"hidden\" name=\"wpforms[id]\" value=\"3324\"><input type=\"hidden\" name=\"page_title\" value=\"\"><input type=\"hidden\" name=\"page_url\" value=\"https:\/\/spiegelraum.com\/index.php?rest_route=\/wp\/v2\/pages\/727\"><input type=\"hidden\" name=\"url_referer\" value=\"\"><button type=\"submit\" name=\"wpforms[submit]\" id=\"wpforms-submit-3324\" class=\"wpforms-submit\" data-alt-text=\"Sende...\" data-submit-text=\"Absenden\" aria-live=\"assertive\" value=\"wpforms-submit\">Absenden<\/button><\/div><\/form><\/div>  <!-- .wpforms-container --><\/details>\n<\/div>\n<\/div>\n\n\n\n<div class=\"wp-block-columns is-layout-flex wp-container-core-columns-is-layout-9d6595d7 wp-block-columns-is-layout-flex\">\n<div class=\"wp-block-column is-layout-flow wp-block-column-is-layout-flow\">\n<p class=\"has-text-align-center\" id=\"Annett\"><strong>\u00b7 Annett Kupfer \u00b7<\/strong><\/p>\n\n\n\n<figure class=\"wp-block-image size-full\"><img loading=\"lazy\" decoding=\"async\" width=\"749\" height=\"937\" src=\"https:\/\/spiegelraum.com\/wp-content\/uploads\/Annett-Kupfer_Ausschnitt.jpg.png\" alt=\"\" class=\"wp-image-3578\" srcset=\"https:\/\/spiegelraum.com\/wp-content\/uploads\/Annett-Kupfer_Ausschnitt.jpg.png 749w, https:\/\/spiegelraum.com\/wp-content\/uploads\/Annett-Kupfer_Ausschnitt.jpg-240x300.png 240w\" sizes=\"auto, (max-width: 749px) 100vw, 749px\" \/><\/figure>\n\n\n\n<details class=\"wp-block-details is-layout-flow wp-block-details-is-layout-flow\"><summary><strong><strong>\u00b7\u00b7\u00b7<\/strong>&gt;<\/strong> mehr zu Annett<\/summary>\n<div style=\"height:20px\" aria-hidden=\"true\" class=\"wp-block-spacer\"><\/div>\n\n\n\n<p class=\"has-text-align-left\">Hallo ihr Lieben! \ud83e\udd8b<\/p>\n\n\n\n<p>Dank Johannes bin auch ich jetzt Teil des Spiegelraums. \ud83e\ude9e\ud83d\ude4f<\/p>\n\n\n\n<p>Mein Name ist <strong>Annett<\/strong>, ich lebe in der Dichterstadt Weimar und begleite seit fast 20 Jahren Menschen auf ihrem Weg ins Bewusstsein. \ud83c\udf1f<\/p>\n\n\n\n<p>Durch eigene tiefgehende Lebenskrisen, unz\u00e4hlige spannende Erfahrungen und meinem unb\u00e4ndigen Wissensdurst angespornt, habe ich vielf\u00e4ltige Ausbildungen\/Seminare absolviert, u.a. bin ich Heilpraktikerin &amp; Spirituelle Heilerin, Dozentin, Klangtherapeutin &amp; Musikerin\u2026<\/p>\n\n\n\n<p>Mein Herzenswunsch \u2764\ufe0f ist es, Menschen wieder zu erinnern\u2026<\/p>\n\n\n\n<ul class=\"wp-block-list\">\n<li>an ihre urspr\u00fcngliche Essenz \/ ihr wahres Sein<\/li>\n\n\n\n<li>wie es sich anf\u00fchlt, wieder lebendig \/ wahrhaftig zu sein<\/li>\n\n\n\n<li>ihren Seelenplan zu entschl\u00fcsseln \ud83d\udddd<\/li>\n\n\n\n<li>und diesen authentisch und frei leben zu k\u00f6nnen\u2026<\/li>\n<\/ul>\n\n\n\n<p>Dazu biete ich 1:1 Gespr\u00e4che \/ Behandlungen als auch Gruppenseminare und Ausbildungen zu verschiedenen Themen, z.B.<\/p>\n\n\n\n<ul class=\"wp-block-list\">\n<li>schamanische Reisen<\/li>\n\n\n\n<li>geistiges Heilen<\/li>\n\n\n\n<li>Klangschalenmassage<\/li>\n\n\n\n<li>Chakren- und Aurabehandlungen<\/li>\n\n\n\n<li>Erstellung eines Seelenplanes\u2026<\/li>\n<\/ul>\n\n\n\n<p>Sehr gern begleite ich dich ganz individuell auf deinem pers\u00f6nlichen Heilungs- und Bewusstseinsweg. \ud83d\ude4f\ud83e\udd8b<\/p>\n\n\n\n<p class=\"has-text-align-left\">Liebe Gr\u00fc\u00dfe \u2764\ufe0f<br>Annett<\/p>\n\n\n\n<p>F\u00fcr mehr Informationen oder Terminanfragen k\u00f6nnt ihr gern das Kontaktformular nutzen.<\/p>\n\n\n\n\n<div class=\"wpforms-container wpforms-container-full wpforms-block wpforms-block-209f6330-b395-4832-9874-59146cf4a523\" id=\"wpforms-3583\"><form id=\"wpforms-form-3583\" class=\"wpforms-validate wpforms-form\" data-formid=\"3583\" method=\"post\" enctype=\"multipart\/form-data\" action=\"\/index.php?rest_route=%2Fwp%2Fv2%2Fpages%2F727\" data-token=\"1fa60e03db67088f3fb51c3c5c602463\" data-token-time=\"1778005697\"><noscript class=\"wpforms-error-noscript\">Bitte aktiviere JavaScript in deinem Browser, um dieses Formular fertigzustellen.<\/noscript><div class=\"wpforms-field-container\"><div id=\"wpforms-3583-field_0-container\" class=\"wpforms-field wpforms-field-name wpforms-one-half wpforms-first\" data-field-id=\"0\"><label class=\"wpforms-field-label wpforms-label-hide\" for=\"wpforms-3583-field_0\">Name <span class=\"wpforms-required-label\">*<\/span><\/label><input type=\"text\" id=\"wpforms-3583-field_0\" class=\"wpforms-field-large wpforms-field-required\" name=\"wpforms[fields][0]\" placeholder=\"Name\" required><\/div><div id=\"wpforms-3583-field_3-container\" class=\"wpforms-field wpforms-field-email wpforms-one-half\" data-field-id=\"3\"><label class=\"wpforms-field-label wpforms-label-hide\" for=\"wpforms-3583-field_3\">Email <span class=\"wpforms-required-label\">*<\/span><\/label><input type=\"email\" id=\"wpforms-3583-field_3\" class=\"wpforms-field-large wpforms-field-required\" name=\"wpforms[fields][3]\" placeholder=\"Email-Adresse\" spellcheck=\"false\" required><\/div><div id=\"wpforms-3583-field_4-container\" class=\"wpforms-field wpforms-field-text\" data-field-id=\"4\"><label class=\"wpforms-field-label wpforms-label-hide\" for=\"wpforms-3583-field_4\">Betreff <span class=\"wpforms-required-label\">*<\/span><\/label><input type=\"text\" id=\"wpforms-3583-field_4\" class=\"wpforms-field-large wpforms-field-required\" name=\"wpforms[fields][4]\" placeholder=\"Betreff\" required><\/div><div id=\"wpforms-3583-field_2-container\" class=\"wpforms-field wpforms-field-textarea\" data-field-id=\"2\"><label class=\"wpforms-field-label wpforms-label-hide\" for=\"wpforms-3583-field_2\">Message <span class=\"wpforms-required-label\">*<\/span><\/label><textarea id=\"wpforms-3583-field_2\" class=\"wpforms-field-medium wpforms-field-required\" name=\"wpforms[fields][2]\" placeholder=\"Deine Nachricht\" required><\/textarea><\/div><\/div><!-- .wpforms-field-container --><div class=\"wpforms-field wpforms-field-hp\"><label for=\"wpforms-3583-field-hp\" class=\"wpforms-field-label\">Message<\/label><input type=\"text\" name=\"wpforms[hp]\" id=\"wpforms-3583-field-hp\" class=\"wpforms-field-medium\"><\/div><div class=\"wpforms-recaptcha-container wpforms-is-hcaptcha\" ><div class=\"g-recaptcha\" data-sitekey=\"9a7acfa9-4b10-4ec7-a548-fa5df09d15fd\"><\/div><input type=\"text\" name=\"g-recaptcha-hidden\" class=\"wpforms-recaptcha-hidden\" style=\"position:absolute!important;clip:rect(0,0,0,0)!important;height:1px!important;width:1px!important;border:0!important;overflow:hidden!important;padding:0!important;margin:0!important;\" data-rule-hcaptcha=\"1\"><\/div><div class=\"wpforms-submit-container\" ><input type=\"hidden\" name=\"wpforms[id]\" value=\"3583\"><input type=\"hidden\" name=\"page_title\" value=\"\"><input type=\"hidden\" name=\"page_url\" value=\"https:\/\/spiegelraum.com\/index.php?rest_route=\/wp\/v2\/pages\/727\"><input type=\"hidden\" name=\"url_referer\" value=\"\"><button type=\"submit\" name=\"wpforms[submit]\" id=\"wpforms-submit-3583\" class=\"wpforms-submit\" data-alt-text=\"Sende...\" data-submit-text=\"Absenden\" aria-live=\"assertive\" value=\"wpforms-submit\">Absenden<\/button><\/div><\/form><\/div>  <!-- .wpforms-container --><\/details>\n<\/div>\n\n\n\n<div class=\"wp-block-column is-layout-flow wp-block-column-is-layout-flow\"><\/div>\n<\/div>\n","protected":false},"excerpt":{"rendered":"<p>Der Spiegelraum soll ein Ort sein, um Menschen, die auf dem Weg zur\u00fcck zu sich selbst sind, M\u00f6glichkeiten der Heilung aufzuzeigen bzw. neue Denkans\u00e4tze zu vermitteln. Wir alle sind verschieden, wir alle erg\u00e4nzen uns, jeder bringt etwas ein, was Ihn oder Sie zum Meister seines Faches macht. Obwohl die Gesetzm\u00e4\u00dfigkeiten f\u00fcr wahre Heilung immer die [&hellip;]<\/p>\n","protected":false},"author":1,"featured_media":3085,"parent":0,"menu_order":0,"comment_status":"closed","ping_status":"closed","template":"template-full-width.php","meta":{"footnotes":""},"class_list":["post-727","page","type-page","status-publish","has-post-thumbnail","hentry"],"_links":{"self":[{"href":"https:\/\/spiegelraum.com\/index.php?rest_route=\/wp\/v2\/pages\/727","targetHints":{"allow":["GET"]}}],"collection":[{"href":"https:\/\/spiegelraum.com\/index.php?rest_route=\/wp\/v2\/pages"}],"about":[{"href":"https:\/\/spiegelraum.com\/index.php?rest_route=\/wp\/v2\/types\/page"}],"author":[{"embeddable":true,"href":"https:\/\/spiegelraum.com\/index.php?rest_route=\/wp\/v2\/users\/1"}],"replies":[{"embeddable":true,"href":"https:\/\/spiegelraum.com\/index.php?rest_route=%2Fwp%2Fv2%2Fcomments&post=727"}],"version-history":[{"count":93,"href":"https:\/\/spiegelraum.com\/index.php?rest_route=\/wp\/v2\/pages\/727\/revisions"}],"predecessor-version":[{"id":3598,"href":"https:\/\/spiegelraum.com\/index.php?rest_route=\/wp\/v2\/pages\/727\/revisions\/3598"}],"wp:featuredmedia":[{"embeddable":true,"href":"https:\/\/spiegelraum.com\/index.php?rest_route=\/wp\/v2\/media\/3085"}],"wp:attachment":[{"href":"https:\/\/spiegelraum.com\/index.php?rest_route=%2Fwp%2Fv2%2Fmedia&parent=727"}],"curies":[{"name":"wp","href":"https:\/\/api.w.org\/{rel}","templated":true}]}}