{"id":494,"date":"2022-01-15T13:17:54","date_gmt":"2022-01-15T13:17:54","guid":{"rendered":"http:\/\/spiegelraum.com\/?p=494"},"modified":"2024-09-20T06:53:53","modified_gmt":"2024-09-20T06:53:53","slug":"was-uns-bewegt-folge-no-05-die-angst-vor-dem-tod-durchschauen-und-wirklich-leben","status":"publish","type":"page","link":"https:\/\/spiegelraum.com\/?page_id=494","title":{"rendered":"Was uns bewegt \u00b7 Folge no.05 \u00b7 Die Angst vor dem Tod durchschauen und wirklich leben"},"content":{"rendered":"\n<p class=\"has-text-align-center has-medium-font-size\"><strong>Die Angst vor dem Tod durchschauen und wirklich leben<\/strong><br><strong>I<\/strong>nterview-Reihe: <strong>&#8222;was uns bewegt&#8220; \u00b7<\/strong> Folge 5<\/p>\n\n\n\n<div style=\"height:25px\" aria-hidden=\"true\" class=\"wp-block-spacer\"><\/div>\n\n\n\n<p class=\"has-medium-font-size\"><strong>V<\/strong>ielen Dank f\u00fcr Dein Interesse an dieser Episode. \ud83d\ude42 Wenn Du unsere Arbeit unterst\u00fctzen m\u00f6chtest, w\u00fcrden wir uns \u00fcber eine\u00a0<a href=\"https:\/\/spiegelraum.com\/?page_id=2533\">Spende<\/a>\u00a0sehr freuen.<\/p>\n\n\n\n<p class=\"has-medium-font-size\"><strong>I<\/strong>n diesem Gespr\u00e4ch geht es unter anderem um folgende Schwerpunkte:<\/p>\n\n\n\n<div class=\"wp-block-columns is-layout-flex wp-container-core-columns-is-layout-9d6595d7 wp-block-columns-is-layout-flex\">\n<div class=\"wp-block-column is-layout-flow wp-block-column-is-layout-flow\">\n<p class=\"has-background\" style=\"background-color:#ffa72b24\"><strong>Wie sich alle \u00c4ngste in Luft aufl\u00f6sen:<\/strong><br>Warum viele Menschen, die eine Nahtod-Erfahrung gemacht haben, kaum mehr \u00c4ngste haben und warum der gleiche Effekt auch durch regelm\u00e4\u00dfige Meditation entstehen kann.<\/p>\n\n\n\n<p class=\"has-background\" style=\"background-color:#ffa72b24\"><strong>Herausforderungen beim Meditieren:<\/strong><br>Wenn wir mit Meditation beginnen, sehen wir jeweils sehr genau, ob zwischen dem, was wir wirklich sind und dem eigenen Selbstbild eine Diskrepanz liegt oder nicht. Die Frage ist, wie mitf\u00fchlend wir den eigenen \u00abScherbenhaufen\u00bb anschauen k\u00f6nnen.<\/p>\n\n\n\n<p class=\"has-background\" style=\"background-color:#ffa72b24\"><strong>Meditieren als Pflicht oder als Freude:<\/strong><br>Warum es nichts bringt, zu meditieren, wenn wir es gar nicht wirklich wollen. Und was in uns passiert, wenn wir etwas aus der Freude heraus tun.<\/p>\n\n\n\n<p class=\"has-background\" style=\"background-color:#ffa72b24\"><strong>Mit der Meditation ist es wie mit dem Kraftsport:<\/strong><br>Wenn wir immer \u00fcber unsere Leistungsgrenze gehen, wird der Muskelaufbau keineswegs gesteigert.<\/p>\n<\/div>\n\n\n\n<div class=\"wp-block-column is-layout-flow wp-block-column-is-layout-flow\">\n<p class=\"has-background\" style=\"background-color:#ffa72b24\"><strong>Haltung der Liebe &amp; Spontanheilung:<\/strong><br>Wie bei Johannes ein stark juckender Hautausschlag nach zwei Tagen komplett verschwunden ist, nachdem er seine innere Einstellung ver\u00e4ndert hat.<\/p>\n\n\n\n<p class=\"has-background\" style=\"background-color:#ffa72b24\"><strong>Der freie Wille und das Ego:<\/strong><br>Der Wille ist bei weitem nicht so frei, wie wir oft meinen. Wenn wir verletzt sind, sagen wir oft Dinge, die wir gar nicht wirklich wollen. Wenn das Ego verletzt ist, ist der Wille nicht frei.<\/p>\n\n\n\n<p class=\"has-background\" style=\"background-color:#ffa72b24\"><strong>G\u00f6ttlicher und pers\u00f6nlicher Wille:<\/strong><br>Je heiler wir werden, desto mehr verschmilzt der g\u00f6ttliche Willen mit dem pers\u00f6nlichen Willen.<\/p>\n\n\n\n<p class=\"has-background\" style=\"background-color:#ffa72b24\"><strong>Das Leben dient uns:<\/strong><br>Warum sich manche Menschen immer ungerecht behandelt f\u00fchlen und wie immer mehr die Empfindung entsteht in uns, dass uns das Leben dient und nur das Beste will f\u00fcr uns.<\/p>\n<\/div>\n<\/div>\n\n\n\n<p class=\"has-medium-font-size\"><strong>U<\/strong>nd nun viel Freude mit dem <strong>kompletten Video<\/strong>:<\/p>\n\n\n\n<figure class=\"wp-block-video aligncenter\"><video controls poster=\"http:\/\/spiegelraum.com\/wp-content\/uploads\/2022\/01\/VIDEOREIHE-.-Was-uns-bewegt-.-No-05-.-Die-Angst-vor-dem-Tod-durchschauen-wirklich-leben-.-720p.png\" preload=\"none\" src=\"https:\/\/spiegelraum.com\/WUB\/Videoreihe . Was uns bewegt . Folge 05 . 1080p.mp4\"><\/video><\/figure>\n\n\n\n<div style=\"height:25px\" aria-hidden=\"true\" class=\"wp-block-spacer\"><\/div>\n\n\n\n<p>\ud83d\udca1 auch als <strong>Audioversion:<\/strong><\/p>\n\n\n\n<figure class=\"wp-block-audio\"><audio controls src=\"http:\/\/spiegelraum.com\/wp-content\/uploads\/Videoreihe-.-Was-uns-bewegt-.-Folge-05-.-nur-Audio.ogg\" preload=\"none\"><\/audio><\/figure>\n\n\n\n<div style=\"height:20px\" aria-hidden=\"true\" class=\"wp-block-spacer\"><\/div>\n\n\n\n<hr class=\"wp-block-separator has-alpha-channel-opacity is-style-dots\"\/>\n\n\n\n<p class=\"has-text-align-right\"><strong>\u00b7\u00b7\u00b7&gt;<\/strong>&nbsp;<a href=\"https:\/\/spiegelraum.com\/interview-reihe-was-uns-bewegt\" data-type=\"page\" data-id=\"535\">zur \u00dcbersicht<\/a><\/p>\n\n\n\n<p class=\"has-background has-medium-font-size\" style=\"background-color:#ffa72b24\">\ud83d\udca1 Wenn Dir unsere Arbeit gef\u00e4llt und Du uns unterst\u00fctzen m\u00f6chtest, gelangst Du hier zur Seite mit den <a href=\"https:\/\/spiegelraum.com\/?page_id=2533\" data-type=\"page\" data-id=\"2533\" rel=\"nofollow\">Spendeninformationen<\/a>.<\/p>\n","protected":false},"excerpt":{"rendered":"<p>Die Angst vor dem Tod durchschauen und wirklich lebenInterview-Reihe: &#8222;was uns bewegt&#8220; \u00b7 Folge 5 Vielen Dank f\u00fcr Dein Interesse an dieser Episode. \ud83d\ude42 Wenn Du unsere Arbeit unterst\u00fctzen m\u00f6chtest, w\u00fcrden wir uns \u00fcber eine\u00a0Spende\u00a0sehr freuen. In diesem Gespr\u00e4ch geht es unter anderem um folgende Schwerpunkte: Wie sich alle \u00c4ngste in Luft aufl\u00f6sen:Warum viele Menschen, [&hellip;]<\/p>\n","protected":false},"author":1,"featured_media":205,"parent":0,"menu_order":0,"comment_status":"open","ping_status":"open","template":"template-full-width.php","meta":{"footnotes":""},"class_list":["post-494","page","type-page","status-publish","has-post-thumbnail","hentry"],"_links":{"self":[{"href":"https:\/\/spiegelraum.com\/index.php?rest_route=\/wp\/v2\/pages\/494","targetHints":{"allow":["GET"]}}],"collection":[{"href":"https:\/\/spiegelraum.com\/index.php?rest_route=\/wp\/v2\/pages"}],"about":[{"href":"https:\/\/spiegelraum.com\/index.php?rest_route=\/wp\/v2\/types\/page"}],"author":[{"embeddable":true,"href":"https:\/\/spiegelraum.com\/index.php?rest_route=\/wp\/v2\/users\/1"}],"replies":[{"embeddable":true,"href":"https:\/\/spiegelraum.com\/index.php?rest_route=%2Fwp%2Fv2%2Fcomments&post=494"}],"version-history":[{"count":37,"href":"https:\/\/spiegelraum.com\/index.php?rest_route=\/wp\/v2\/pages\/494\/revisions"}],"predecessor-version":[{"id":3488,"href":"https:\/\/spiegelraum.com\/index.php?rest_route=\/wp\/v2\/pages\/494\/revisions\/3488"}],"wp:featuredmedia":[{"embeddable":true,"href":"https:\/\/spiegelraum.com\/index.php?rest_route=\/wp\/v2\/media\/205"}],"wp:attachment":[{"href":"https:\/\/spiegelraum.com\/index.php?rest_route=%2Fwp%2Fv2%2Fmedia&parent=494"}],"curies":[{"name":"wp","href":"https:\/\/api.w.org\/{rel}","templated":true}]}}