{"id":492,"date":"2022-01-15T13:17:15","date_gmt":"2022-01-15T13:17:15","guid":{"rendered":"http:\/\/spiegelraum.com\/?p=492"},"modified":"2024-09-20T06:52:55","modified_gmt":"2024-09-20T06:52:55","slug":"was-uns-bewegt-folge-no-04-das-sehnen-die-bedingungsfreie-liebe","status":"publish","type":"page","link":"https:\/\/spiegelraum.com\/?page_id=492","title":{"rendered":"Was uns bewegt \u00b7 Folge no.04 \u00b7 Das Sehnen &#038; die bedingungsfreie Liebe"},"content":{"rendered":"\n<p class=\"has-text-align-center has-medium-font-size\"><strong>Das Sehnen &amp; die bedingungsfreie Liebe<\/strong><br><strong>I<\/strong>nterview-Reihe: <strong>&#8222;was uns bewegt&#8220; \u00b7<\/strong> Folge 4<\/p>\n\n\n\n<div style=\"height:25px\" aria-hidden=\"true\" class=\"wp-block-spacer\"><\/div>\n\n\n\n<p class=\"has-medium-font-size\"><strong>V<\/strong>ielen Dank f\u00fcr Dein Interesse an dieser Episode. \ud83d\ude42 Wenn Du unsere Arbeit unterst\u00fctzen m\u00f6chtest, w\u00fcrden wir uns \u00fcber eine\u00a0<a href=\"https:\/\/spiegelraum.com\/?page_id=2533\">Spende<\/a>\u00a0sehr freuen.<\/p>\n\n\n\n<p class=\"has-medium-font-size\"><strong>I<\/strong>n diesem Gespr\u00e4ch geht es unter anderem um folgende Schwerpunkte:<\/p>\n\n\n\n<div class=\"wp-block-columns is-layout-flex wp-container-core-columns-is-layout-9d6595d7 wp-block-columns-is-layout-flex\">\n<div class=\"wp-block-column is-layout-flow wp-block-column-is-layout-flow\">\n<p class=\"has-background\" style=\"background-color:#ffa72b24\"><strong>Wie tiefe Liebesbeziehungen entstehen:<\/strong><br>Warum wir in der Liebe zu zweit nicht die ganze Tiefe erleben k\u00f6nnen, wenn wir zu \u00abnonnenhaft\u00bb unterwegs sind.<\/p>\n\n\n\n<p class=\"has-background\" style=\"background-color:#ffa72b24\"><strong>Die Liebe zum Einen &amp; die Liebe zu Allem:<\/strong><br>Die partnerschaftliche Liebe ist bedingungsbehaftet. Was der Unterschied ist zu einem M\u00f6nch, der die ganze Welt liebt.<\/p>\n\n\n\n<p class=\"has-background\" style=\"background-color:#ffa72b24\"><strong>Verletzlichkeit in Beziehungen:<\/strong><br>Warum es nicht zwangsl\u00e4ufig sein mu\u00df, da\u00df wir in nahen Beziehungen verletzlicher sind.<\/p>\n\n\n\n<p class=\"has-background\" style=\"background-color:#ffa72b24\"><strong>\u00dcber das Sehnen nach tiefer Begegnung:<\/strong><br>Wie gut es tut, das Sehnen nach tiefer Begegnung zuzulassen und wie gerade dieses Zulassen oft dazu f\u00fchrt, dass wir das tats\u00e4chlich erleben.<\/p>\n\n\n\n<p class=\"has-background\" style=\"background-color:#ffa72b24\"><strong>Sehnen und Wachstum:<\/strong><br>Das Sehnen ist ein grosses JA zu mehr Wachstum in uns selbst. Und was das Auftauchen des Sehnens mit unserem Wunsch zu tun hat, ganz wir selbst zu sein und ganz nach Hause zu kommen.<\/p>\n<\/div>\n\n\n\n<div class=\"wp-block-column is-layout-flow wp-block-column-is-layout-flow\">\n<p class=\"has-background\" style=\"background-color:#ffa72b24\"><strong>M\u00e4nnliche Sexualit\u00e4t ist nicht wahllos:<\/strong><br>Warum die m\u00e4nnliche Sexualit\u00e4t keineswegs so wahllos ist, wie sie vielleicht manchmal wirkt. Wenn wir meinen, die M\u00e4nner\/die Frauen wollten nicht in die Tiefe gehen in Beziehungen, dann hat dies oft sehr viel mit uns selbst zu tun.<\/p>\n\n\n\n<p class=\"has-background\" style=\"background-color:#ffa72b24\"><strong>Unpassende Partner?:<\/strong><br>Warum manche Menschen einen Partner w\u00e4hlen, der sie in Wahrheit eher langweilt als inspiriert. Ein Herantasten an das wahre Potential?<\/p>\n\n\n\n<p class=\"has-background\" style=\"background-color:#ffa72b24\"><strong>\u00dcber das Bedauern des Endens von Beziehungen:<\/strong><br>Wenn wir wirklich pr\u00e4sent sind in der Begegnung zusammen mit einem Menschen, dann gibt es sp\u00e4ter kein Bedauern; &#8211; auch dann nicht, wenn die Beziehung inzwischen beendet ist. Die Begegnung ist erf\u00fcllt.<\/p>\n<\/div>\n<\/div>\n\n\n\n<p class=\"has-medium-font-size\"><strong>U<\/strong>nd nun viel Freude mit dem <strong>kompletten Video<\/strong>:<\/p>\n\n\n\n<figure class=\"wp-block-video aligncenter\"><video controls poster=\"http:\/\/spiegelraum.com\/wp-content\/uploads\/2022\/03\/VIDEOREIHE-.-Was-uns-bewegt-.-No-04-.-Das-Sehnen-die-bedingungsfreie-Liebe-.-720p.png\" preload=\"none\" src=\"https:\/\/spiegelraum.com\/WUB\/Videoreihe . Was uns bewegt . Folge 04 . 1080p.mp4\"><\/video><\/figure>\n\n\n\n<div style=\"height:25px\" aria-hidden=\"true\" class=\"wp-block-spacer\"><\/div>\n\n\n\n<p>\ud83d\udca1 auch als <strong>Audioversion<\/strong>:<\/p>\n\n\n\n<figure class=\"wp-block-audio\"><audio controls src=\"http:\/\/spiegelraum.com\/wp-content\/uploads\/Videoreihe-.-Was-uns-bewegt-.-Folge-04-.-nur-Audio.ogg\" preload=\"none\"><\/audio><\/figure>\n\n\n\n<div style=\"height:20px\" aria-hidden=\"true\" class=\"wp-block-spacer\"><\/div>\n\n\n\n<hr class=\"wp-block-separator has-alpha-channel-opacity is-style-dots\"\/>\n\n\n\n<p class=\"has-text-align-right\"><strong>\u00b7\u00b7\u00b7&gt;<\/strong>&nbsp;<a href=\"https:\/\/spiegelraum.com\/interview-reihe-was-uns-bewegt\" data-type=\"page\" data-id=\"535\">zur \u00dcbersicht<\/a><\/p>\n\n\n\n<p class=\"has-background has-medium-font-size\" style=\"background-color:#ffa72b24\">\ud83d\udca1 Wenn Dir unsere Arbeit gef\u00e4llt und Du uns unterst\u00fctzen m\u00f6chtest, gelangst Du hier zur Seite mit den <a href=\"https:\/\/spiegelraum.com\/?page_id=2533\" data-type=\"page\" data-id=\"2533\" rel=\"nofollow\">Spendeninformationen<\/a>.<\/p>\n","protected":false},"excerpt":{"rendered":"<p>Das Sehnen &amp; die bedingungsfreie LiebeInterview-Reihe: &#8222;was uns bewegt&#8220; \u00b7 Folge 4 Vielen Dank f\u00fcr Dein Interesse an dieser Episode. \ud83d\ude42 Wenn Du unsere Arbeit unterst\u00fctzen m\u00f6chtest, w\u00fcrden wir uns \u00fcber eine\u00a0Spende\u00a0sehr freuen. In diesem Gespr\u00e4ch geht es unter anderem um folgende Schwerpunkte: Wie tiefe Liebesbeziehungen entstehen:Warum wir in der Liebe zu zweit nicht die [&hellip;]<\/p>\n","protected":false},"author":1,"featured_media":205,"parent":0,"menu_order":0,"comment_status":"open","ping_status":"open","template":"template-full-width.php","meta":{"footnotes":""},"class_list":["post-492","page","type-page","status-publish","has-post-thumbnail","hentry"],"_links":{"self":[{"href":"https:\/\/spiegelraum.com\/index.php?rest_route=\/wp\/v2\/pages\/492","targetHints":{"allow":["GET"]}}],"collection":[{"href":"https:\/\/spiegelraum.com\/index.php?rest_route=\/wp\/v2\/pages"}],"about":[{"href":"https:\/\/spiegelraum.com\/index.php?rest_route=\/wp\/v2\/types\/page"}],"author":[{"embeddable":true,"href":"https:\/\/spiegelraum.com\/index.php?rest_route=\/wp\/v2\/users\/1"}],"replies":[{"embeddable":true,"href":"https:\/\/spiegelraum.com\/index.php?rest_route=%2Fwp%2Fv2%2Fcomments&post=492"}],"version-history":[{"count":42,"href":"https:\/\/spiegelraum.com\/index.php?rest_route=\/wp\/v2\/pages\/492\/revisions"}],"predecessor-version":[{"id":3487,"href":"https:\/\/spiegelraum.com\/index.php?rest_route=\/wp\/v2\/pages\/492\/revisions\/3487"}],"wp:featuredmedia":[{"embeddable":true,"href":"https:\/\/spiegelraum.com\/index.php?rest_route=\/wp\/v2\/media\/205"}],"wp:attachment":[{"href":"https:\/\/spiegelraum.com\/index.php?rest_route=%2Fwp%2Fv2%2Fmedia&parent=492"}],"curies":[{"name":"wp","href":"https:\/\/api.w.org\/{rel}","templated":true}]}}