{"id":488,"date":"2022-01-15T13:13:45","date_gmt":"2022-01-15T13:13:45","guid":{"rendered":"http:\/\/spiegelraum.com\/?p=488"},"modified":"2024-09-20T06:51:28","modified_gmt":"2024-09-20T06:51:28","slug":"was-uns-bewegt-folge-no-02-beziehungen-sind-wie-blumen","status":"publish","type":"page","link":"https:\/\/spiegelraum.com\/?page_id=488","title":{"rendered":"Was uns bewegt \u00b7 Folge no.02 \u00b7 Beziehungen sind wie Blumen"},"content":{"rendered":"\n<p class=\"has-text-align-center has-medium-font-size\"><strong>Beziehungen sind wie Blumen<\/strong><br><strong><strong>I<\/strong><\/strong>nterview-Reihe <strong><strong>&#8222;was uns bewegt&#8220; \u00b7 <\/strong><\/strong>Folge 2<\/p>\n\n\n\n<div style=\"height:25px\" aria-hidden=\"true\" class=\"wp-block-spacer\"><\/div>\n\n\n\n<p class=\"has-medium-font-size\"><strong>V<\/strong>ielen Dank f\u00fcr Dein Interesse an dieser Episode. \ud83d\ude42 Wenn Du unsere Arbeit unterst\u00fctzen m\u00f6chtest, w\u00fcrden wir uns \u00fcber eine <a href=\"https:\/\/spiegelraum.com\/?page_id=2533\" data-type=\"page\" data-id=\"2533\">Spende<\/a> sehr freuen.<br><br><strong>I<\/strong>n diesem Gespr\u00e4ch geht es unter anderem um folgende Schwerpunkte:<\/p>\n\n\n\n<div class=\"wp-block-columns is-layout-flex wp-container-core-columns-is-layout-9d6595d7 wp-block-columns-is-layout-flex\">\n<div class=\"wp-block-column is-layout-flow wp-block-column-is-layout-flow\">\n<p class=\"has-text-align-left has-background\" style=\"background-color:#ffa72b24\"><strong>Wenn du dich selber w\u00e4hlst:<\/strong><br>Was steckt wohl hinter der Situation, wenn ein Mann neben seiner Partnerin noch mit weiteren Frauen nahe sein m\u00f6chte (oder umgekehrt)? Und was passiert, wenn wir uns selbst wirklich gew\u00e4hlt haben?<\/p>\n\n\n\n<p class=\"has-background\" style=\"background-color:#ffa72b24\"><strong>Wenn wir nicht glauben, da\u00df der Partner uns liebt:<\/strong><br>Dem Menschen macht es Freude, sich zu schenken. Wenn wir nicht glauben, dass der Partner uns liebt, dann k\u00f6nnen wir seine Geschenke nicht ekstatisch empfangen. So kann es nat\u00fcrlich passieren, dass er sich anderen Frauen\/M\u00e4nnern zuwendet.<\/p>\n\n\n\n<p class=\"has-background\" style=\"background-color:#ffa72b24\"><strong>Kinderwunsch aus egoistischen Gr\u00fcnden?<\/strong><br>Woran wir erkennen k\u00f6nnen, da\u00df wir aus egoistischen Gr\u00fcnden Kinder haben m\u00f6chten und wie wir mit dem Kinderwunsch umgehen k\u00f6nnten.<\/p>\n<\/div>\n\n\n\n<div class=\"wp-block-column is-layout-flow wp-block-column-is-layout-flow\">\n<p class=\"has-background\" style=\"background-color:#ffa72b24\"><strong>Deine Beziehungs-Blume wird so oder so erbl\u00fchen:<\/strong><br>Warum die Angst hinf\u00e4llig ist, da\u00df wir wom\u00f6glich keinen Partner abkriegen k\u00f6nnten und was das mit der \u00abBeziehungs-Blume\u00bb zu tun hat.<\/p>\n\n\n\n<p class=\"has-background\" style=\"background-color:#ffa72b24\"><strong>Zuerst kommt die 1 und dann die 2:<\/strong><br>Sobald wir die \u00ab1\u00bb gelernt haben (das Alleinsein mit uns selbst), ist die logische Konsequenz, da\u00df wir das, was wir alleine schon k\u00f6nnen, nun zu zweit erleben.<\/p>\n\n\n\n<p class=\"has-background\" style=\"background-color:#ffa72b24\"><strong>Wenn der Partner wie von selbst auftaucht:<\/strong><br>Wie es dazu kommt, da\u00df Menschen pl\u00f6tzlich einen wunderbar passenden Partner finden, obwohl sie nicht danach suchten.<\/p>\n\n\n\n<p class=\"has-background\" style=\"background-color:#ffa72b24\"><strong>Das Spiel der Projektion:<\/strong><br>Wie das Projektionsspiel zwischen Mann und Frau aufh\u00f6rt, soda\u00df sich die beiden gegenseitig wirklich wahrnehmen k\u00f6nnen.<\/p>\n<\/div>\n<\/div>\n\n\n\n<p class=\"has-medium-font-size\"><strong>U<\/strong>nd nun viel Freude mit dem <strong>kompletten Video<\/strong>:<\/p>\n\n\n\n<figure class=\"wp-block-video aligncenter\"><video controls poster=\"http:\/\/spiegelraum.com\/wp-content\/uploads\/2022\/03\/VIDEOREIHE-.-Was-uns-bewegt-.-No-02-.-Beziehungen-sind-wie-Blumen-.-720p.png\" preload=\"none\" src=\"https:\/\/spiegelraum.com\/WUB\/Videoreihe . Was uns bewegt . Folge 02 . 1080p.mp4\"><\/video><\/figure>\n\n\n\n<div style=\"height:25px\" aria-hidden=\"true\" class=\"wp-block-spacer\"><\/div>\n\n\n\n<p>\ud83d\udca1 auch als <strong>Audioversion<\/strong>:<\/p>\n\n\n\n<figure class=\"wp-block-audio\"><audio controls src=\"http:\/\/spiegelraum.com\/wp-content\/uploads\/Videoreihe-.-Was-uns-bewegt-.-Folge-02-.-nur-Audio.ogg\" preload=\"none\"><\/audio><\/figure>\n\n\n\n<div style=\"height:20px\" aria-hidden=\"true\" class=\"wp-block-spacer\"><\/div>\n\n\n\n<hr class=\"wp-block-separator has-alpha-channel-opacity is-style-dots\"\/>\n\n\n\n<p class=\"has-text-align-right\"><strong>\u00b7\u00b7\u00b7&gt;<\/strong>&nbsp;<a href=\"https:\/\/spiegelraum.com\/interview-reihe-was-uns-bewegt\" data-type=\"page\" data-id=\"535\">zur \u00dcbersicht<\/a><\/p>\n\n\n\n<p class=\"has-background has-medium-font-size\" style=\"background-color:#ffa72b24\">\ud83d\udca1 Wenn Dir unsere Arbeit gef\u00e4llt und Du uns unterst\u00fctzen m\u00f6chtest, gelangst Du hier zur Seite mit den <a href=\"https:\/\/spiegelraum.com\/?page_id=2533\" data-type=\"page\" data-id=\"2533\" rel=\"nofollow\">Spendeninformationen<\/a>.<\/p>\n","protected":false},"excerpt":{"rendered":"<p>Beziehungen sind wie BlumenInterview-Reihe &#8222;was uns bewegt&#8220; \u00b7 Folge 2 Vielen Dank f\u00fcr Dein Interesse an dieser Episode. \ud83d\ude42 Wenn Du unsere Arbeit unterst\u00fctzen m\u00f6chtest, w\u00fcrden wir uns \u00fcber eine Spende sehr freuen. In diesem Gespr\u00e4ch geht es unter anderem um folgende Schwerpunkte: Wenn du dich selber w\u00e4hlst:Was steckt wohl hinter der Situation, wenn ein [&hellip;]<\/p>\n","protected":false},"author":1,"featured_media":205,"parent":0,"menu_order":0,"comment_status":"open","ping_status":"open","template":"template-full-width.php","meta":{"footnotes":""},"class_list":["post-488","page","type-page","status-publish","has-post-thumbnail","hentry"],"_links":{"self":[{"href":"https:\/\/spiegelraum.com\/index.php?rest_route=\/wp\/v2\/pages\/488","targetHints":{"allow":["GET"]}}],"collection":[{"href":"https:\/\/spiegelraum.com\/index.php?rest_route=\/wp\/v2\/pages"}],"about":[{"href":"https:\/\/spiegelraum.com\/index.php?rest_route=\/wp\/v2\/types\/page"}],"author":[{"embeddable":true,"href":"https:\/\/spiegelraum.com\/index.php?rest_route=\/wp\/v2\/users\/1"}],"replies":[{"embeddable":true,"href":"https:\/\/spiegelraum.com\/index.php?rest_route=%2Fwp%2Fv2%2Fcomments&post=488"}],"version-history":[{"count":51,"href":"https:\/\/spiegelraum.com\/index.php?rest_route=\/wp\/v2\/pages\/488\/revisions"}],"predecessor-version":[{"id":3485,"href":"https:\/\/spiegelraum.com\/index.php?rest_route=\/wp\/v2\/pages\/488\/revisions\/3485"}],"wp:featuredmedia":[{"embeddable":true,"href":"https:\/\/spiegelraum.com\/index.php?rest_route=\/wp\/v2\/media\/205"}],"wp:attachment":[{"href":"https:\/\/spiegelraum.com\/index.php?rest_route=%2Fwp%2Fv2%2Fmedia&parent=488"}],"curies":[{"name":"wp","href":"https:\/\/api.w.org\/{rel}","templated":true}]}}