{"id":484,"date":"2022-01-15T13:09:45","date_gmt":"2022-01-15T13:09:45","guid":{"rendered":"http:\/\/spiegelraum.com\/?p=484"},"modified":"2024-09-20T06:47:47","modified_gmt":"2024-09-20T06:47:47","slug":"was-uns-bewegt-folge-no-01-balance-des-inneren-paerchens","status":"publish","type":"page","link":"https:\/\/spiegelraum.com\/?page_id=484","title":{"rendered":"Was uns bewegt \u00b7 Folge no.01 \u00b7 Die Balance des inneren P\u00e4rchens"},"content":{"rendered":"\n<p class=\"has-text-align-center has-medium-font-size\"><strong>Die Balance des inneren P\u00e4rchens<\/strong><br><strong>I<\/strong>nterview-Reihe <strong>&#8222;was uns bewegt&#8220; \u00b7 <\/strong>Folge 1<\/p>\n\n\n\n<div style=\"height:25px\" aria-hidden=\"true\" class=\"wp-block-spacer\"><\/div>\n\n\n\n<p class=\"has-medium-font-size\"><strong>V<\/strong>ielen Dank f\u00fcr Dein Interesse an dieser Episode. \ud83d\ude42 Wenn Du unsere Arbeit unterst\u00fctzen m\u00f6chtest, w\u00fcrden wir uns \u00fcber eine <a href=\"https:\/\/spiegelraum.com\/?page_id=2533\" data-type=\"page\" data-id=\"2533\">Spende<\/a> sehr freuen.<br><br><strong>I<\/strong>n diesem Gespr\u00e4ch geht es unter anderem um folgende Schwerpunkte:<\/p>\n\n\n\n<div class=\"wp-block-columns is-layout-flex wp-container-core-columns-is-layout-9d6595d7 wp-block-columns-is-layout-flex\">\n<div class=\"wp-block-column is-layout-flow wp-block-column-is-layout-flow\">\n<p class=\"has-background\" style=\"background-color:#ffa72b24\"><strong>Yin und Yang:<\/strong><br>Wie ein Gleichgewicht in unseren inneren weiblichen Yin- und m\u00e4nnlichen Yang-Anteilen, auch ein Gleichgewicht im \u00e4u\u00dferen Leben hervorbringt.<\/p>\n\n\n\n<p class=\"has-background\" style=\"background-color:#ffa72b24\"><strong>Umgang mit Gef\u00fchlen:<\/strong><br>Wie wir mit unseren Gef\u00fchlen umgehen, wenn unsere \u00abinnere Frau\u00bb und unser \u00abinnerer Mann\u00bb in Balance sind.<\/p>\n\n\n\n<p class=\"has-background\" style=\"background-color:#ffa72b24\"><strong>\u00dcber das Sehnen nach m\u00e4nnlicher Unterst\u00fctzung:<\/strong><br>Wenn wir Frauen uns nach m\u00e4nnlicher Unterst\u00fctzung sehnen und wie wir damit umgehen k\u00f6nnten. Wie ein Mann sich selbst treu bleiben kann, wenn er diese Erwartung bei seiner Partnerin bemerkt.<\/p>\n\n\n\n<p class=\"has-background\" style=\"background-color:#ffa72b24\"><strong>Partner und Eltern:<\/strong><br>Was passieren kann, wenn die Frau den Mann als ihren Vater \u00abverkl\u00e4rt\u00bb (bzw. der Mann seine Frau als Mutter).<\/p>\n<\/div>\n\n\n\n<div class=\"wp-block-column is-layout-flow wp-block-column-is-layout-flow\">\n<p class=\"has-background\" style=\"background-color:#ffa72b24\"><strong>Angst vor destruktiver Energie:<\/strong><br>In der Geschichte gibt es gen\u00fcgend Gr\u00fcnde, sich vor destruktiver m\u00e4nnlicher Energie zu f\u00fcrchten. Genauso gibt es Gr\u00fcnde, sich vor destruktiver weiblicher Energie zu f\u00fcrchten. Wenn wir diese \u00c4ngste liebevoll anschauen, k\u00f6nnen wir viel mehr Intensit\u00e4t und Liebe zulassen in der Begegnung zwischen Mann und Frau.<\/p>\n\n\n\n<p class=\"has-background\" style=\"background-color:#ffa72b24\"><strong>Macht und Hingabe:<\/strong><br>Eine Frau kann sich erst dann entgrenzen\/hingeben, wenn der Mann verantwortungsvoll mit seiner Macht umgehen kann.<\/p>\n\n\n\n<p class=\"has-background\" style=\"background-color:#ffa72b24\"><strong>Tiefe zulassen:<\/strong><br>Ein Mann kann sich erst dann emotional in die Tiefe begeben, wenn seine Partnerin mit ihren eigenen \u2013 und mit den Gef\u00fchlen des Mannes \u2013 verantwortungsvoll umgeht.<\/p>\n<\/div>\n<\/div>\n\n\n\n<p class=\"has-medium-font-size\"><strong>V<\/strong>iel Freude mit dem Video: \ud83d\ude42<\/p>\n\n\n\n<figure class=\"wp-block-video aligncenter\"><video controls poster=\"http:\/\/spiegelraum.com\/wp-content\/uploads\/2022\/03\/VIDEOREIHE-.-Was-uns-bewegt-.-No-01-.-Die-Balance-des-inneren-Paerchens-.-720p.png\" preload=\"none\" src=\"https:\/\/spiegelraum.com\/WUB\/Videoreihe . Was uns bewegt . Folge 01 . 1080p.mp4\"><\/video><\/figure>\n\n\n\n<div style=\"height:25px\" aria-hidden=\"true\" class=\"wp-block-spacer\"><\/div>\n\n\n\n<p class=\"has-text-align-left\"><strong>\ud83d\udca1<\/strong> auch als <strong>Audioversion<\/strong>:<\/p>\n\n\n\n<figure class=\"wp-block-audio\"><audio controls src=\"http:\/\/spiegelraum.com\/wp-content\/uploads\/Videoreihe-.-Was-uns-bewegt-.-Folge-01-.-nur-Audio.ogg\" preload=\"none\"><\/audio><\/figure>\n\n\n\n<div style=\"height:20px\" aria-hidden=\"true\" class=\"wp-block-spacer\"><\/div>\n\n\n\n<hr class=\"wp-block-separator has-alpha-channel-opacity is-style-dots\"\/>\n\n\n\n<p class=\"has-text-align-right\"><strong>\u00b7\u00b7\u00b7&gt;<\/strong>&nbsp;<a href=\"https:\/\/spiegelraum.com\/interview-reihe-was-uns-bewegt\" data-type=\"page\" data-id=\"535\">zur \u00dcbersicht<\/a><\/p>\n\n\n\n<p class=\"has-background has-medium-font-size\" style=\"background-color:#ffa72b24\">\ud83d\udca1 Wenn Dir unsere Arbeit gef\u00e4llt und Du uns unterst\u00fctzen m\u00f6chtest, gelangst Du hier zur Seite mit den <a href=\"https:\/\/spiegelraum.com\/?page_id=2533\" data-type=\"page\" data-id=\"2533\" rel=\"nofollow\">Spendeninformationen<\/a>.<\/p>\n","protected":false},"excerpt":{"rendered":"<p>Videoreihe &#8222;Was uns bewegt&#8220; \u00b7 Folge 1 \u00b7 Balance des inneren P\u00e4rchens<\/p>\n","protected":false},"author":1,"featured_media":205,"parent":0,"menu_order":0,"comment_status":"open","ping_status":"open","template":"template-full-width.php","meta":{"footnotes":""},"class_list":["post-484","page","type-page","status-publish","has-post-thumbnail","hentry"],"_links":{"self":[{"href":"https:\/\/spiegelraum.com\/index.php?rest_route=\/wp\/v2\/pages\/484","targetHints":{"allow":["GET"]}}],"collection":[{"href":"https:\/\/spiegelraum.com\/index.php?rest_route=\/wp\/v2\/pages"}],"about":[{"href":"https:\/\/spiegelraum.com\/index.php?rest_route=\/wp\/v2\/types\/page"}],"author":[{"embeddable":true,"href":"https:\/\/spiegelraum.com\/index.php?rest_route=\/wp\/v2\/users\/1"}],"replies":[{"embeddable":true,"href":"https:\/\/spiegelraum.com\/index.php?rest_route=%2Fwp%2Fv2%2Fcomments&post=484"}],"version-history":[{"count":166,"href":"https:\/\/spiegelraum.com\/index.php?rest_route=\/wp\/v2\/pages\/484\/revisions"}],"predecessor-version":[{"id":3484,"href":"https:\/\/spiegelraum.com\/index.php?rest_route=\/wp\/v2\/pages\/484\/revisions\/3484"}],"wp:featuredmedia":[{"embeddable":true,"href":"https:\/\/spiegelraum.com\/index.php?rest_route=\/wp\/v2\/media\/205"}],"wp:attachment":[{"href":"https:\/\/spiegelraum.com\/index.php?rest_route=%2Fwp%2Fv2%2Fmedia&parent=484"}],"curies":[{"name":"wp","href":"https:\/\/api.w.org\/{rel}","templated":true}]}}