{"id":3507,"date":"2024-10-17T12:39:09","date_gmt":"2024-10-17T12:39:09","guid":{"rendered":"https:\/\/spiegelraum.com\/?page_id=3507"},"modified":"2024-10-17T14:35:59","modified_gmt":"2024-10-17T14:35:59","slug":"musik-all-die-dinge","status":"publish","type":"page","link":"https:\/\/spiegelraum.com\/?page_id=3507","title":{"rendered":"Musik: &#8222;All die Dinge&#8220;"},"content":{"rendered":"\n<p class=\"has-text-align-center has-medium-font-size\">&#8222;<strong>All die Dinge<\/strong>&#8220; <br>eine musikalische Reise von Johannes Alexander<\/p>\n\n\n\n<div style=\"height:20px\" aria-hidden=\"true\" class=\"wp-block-spacer\"><\/div>\n\n\n\n<p class=\"has-medium-font-size\"><strong>I<\/strong>ch habe meinen neusten Text &#8222;<a href=\"https:\/\/johannes-alexander.de\/?page_id=1281\">All die Dinge<\/a>&#8220; , \u00e4hnlich dem Musikst\u00fcck &#8222;<a href=\"https:\/\/spiegelraum.com\/?page_id=2878\" data-type=\"page\" data-id=\"2878\">All-Ein<\/a>&#8220; , noch einmal in die Hand genommen und mit eigener Musik und einem neuen stimmungsvollen Bild unterlegt.<\/p>\n\n\n\n<div style=\"height:20px\" aria-hidden=\"true\" class=\"wp-block-spacer\"><\/div>\n\n\n\n<div class=\"wp-block-columns is-layout-flex wp-container-core-columns-is-layout-9d6595d7 wp-block-columns-is-layout-flex\">\n<div class=\"wp-block-column is-layout-flow wp-block-column-is-layout-flow\" style=\"flex-basis:33.33%\">\n<p>&#8222;<strong>A<\/strong>ll die Dinge, die wir unerledigt zur\u00fccklassen, all die Gef\u00fchle, die wir nicht wollen oder ertragen k\u00f6nnen,<br>all die ungeweinten Tr\u00e4nen, all die Eindr\u00fccke, die wir nicht rechtzeitig gr\u00fcndlich durchf\u00fchlen, all dieser Ballast findet irgendwann einen Weg zur\u00fcck in unser Bewu\u00dftsein.<\/p>\n\n\n\n<p><strong>U<\/strong>nd je nachdem, wie wir ihm begegnen, wird er entweder zu unserem Stolperstein auf dem Weg zur\u00fcck in unser heiles Selbst oder aber zum Lohn unseres mutigen Eintauchens in unsere Innenwelt.<\/p>\n<\/div>\n\n\n\n<div class=\"wp-block-column is-layout-flow wp-block-column-is-layout-flow\" style=\"flex-basis:66.66%\">\n<figure class=\"wp-block-video\"><video height=\"1080\" style=\"aspect-ratio: 1920 \/ 1080;\" width=\"1920\" controls poster=\"http:\/\/spiegelraum.com\/wp-content\/uploads\/Johannes-Alexander-.-All-die-Dinge-.-169-.-720p-.-THUMBNAIL.png\" preload=\"none\" src=\"https:\/\/spiegelraum.com\/wp-content\/uploads\/Johannes-Alexander-.-All-die-Dinge.mp4\"><\/video><\/figure>\n<\/div>\n<\/div>\n\n\n\n<div class=\"wp-block-columns is-layout-flex wp-container-core-columns-is-layout-9d6595d7 wp-block-columns-is-layout-flex\">\n<div class=\"wp-block-column is-layout-flow wp-block-column-is-layout-flow\">\n<p><strong>B<\/strong>eginnen wir, unsere Perspektive und damit unser Bewu\u00dftsein zu wandeln, beginnen wir, Sorge und Verantwortung zu tragen f\u00fcr das, was war und h\u00e4tte sein k\u00f6nnen. <\/p>\n\n\n\n<p><strong>D<\/strong>ann wird aus dem Stolpern ein &#8222;Arme-weit-machen&#8220;. Dann sehen wir die Steine und was sie in Wahrheit sind. Dann werden wir uns wieder f\u00fchlen.<\/p>\n\n\n\n<p style=\"font-size:17px\"><\/p>\n<\/div>\n\n\n\n<div class=\"wp-block-column is-layout-flow wp-block-column-is-layout-flow\">\n<p><strong>W<\/strong>ir werden wieder mitf\u00fchlend. Wir werden verstehen und mit uns selbst Verst\u00e4ndnis haben und wir werden die tiefere Weisheit in den dunklen Schatten erkennen.<\/p>\n\n\n\n<p class=\"has-text-align-left has-medium-font-size\">Und dann werden wir dankbar. Und dann werden wir frei sein.&#8220;<\/p>\n<\/div>\n<\/div>\n\n\n\n<div style=\"height:20px\" aria-hidden=\"true\" class=\"wp-block-spacer\"><\/div>\n\n\n\n<p>\ud83d\udc49 <strong>Audioversion<\/strong>:<\/p>\n\n\n\n<figure class=\"wp-block-audio\"><audio controls src=\"http:\/\/spiegelraum.com\/wp-content\/uploads\/Johannes-Alexander-.-All-die-Dinge.ogg\"><\/audio><\/figure>\n\n\n\n<p class=\"has-background has-medium-font-size\" style=\"background-color:#ffa72b24\">\ud83d\udca1 Wenn Dir der Beitrag gefallen hat und Du unsere Arbeit unterst\u00fctzen m\u00f6chtest, gelangst Du hier zur Seite mit den <a href=\"https:\/\/spiegelraum.com\/?page_id=2533\" data-type=\"page\" data-id=\"2533\" rel=\"nofollow\">Spendeninformationen<\/a>.<\/p>\n","protected":false},"excerpt":{"rendered":"<p>&#8222;All die Dinge&#8220; eine musikalische Reise von Johannes Alexander Ich habe meinen neusten Text &#8222;All die Dinge&#8220; , \u00e4hnlich dem Musikst\u00fcck &#8222;All-Ein&#8220; , noch einmal in die Hand genommen und mit eigener Musik und einem neuen stimmungsvollen Bild unterlegt. &#8222;All die Dinge, die wir unerledigt zur\u00fccklassen, all die Gef\u00fchle, die wir nicht wollen oder ertragen [&hellip;]<\/p>\n","protected":false},"author":1,"featured_media":3429,"parent":419,"menu_order":0,"comment_status":"closed","ping_status":"closed","template":"template-full-width.php","meta":{"footnotes":""},"class_list":["post-3507","page","type-page","status-publish","has-post-thumbnail","hentry"],"_links":{"self":[{"href":"https:\/\/spiegelraum.com\/index.php?rest_route=\/wp\/v2\/pages\/3507","targetHints":{"allow":["GET"]}}],"collection":[{"href":"https:\/\/spiegelraum.com\/index.php?rest_route=\/wp\/v2\/pages"}],"about":[{"href":"https:\/\/spiegelraum.com\/index.php?rest_route=\/wp\/v2\/types\/page"}],"author":[{"embeddable":true,"href":"https:\/\/spiegelraum.com\/index.php?rest_route=\/wp\/v2\/users\/1"}],"replies":[{"embeddable":true,"href":"https:\/\/spiegelraum.com\/index.php?rest_route=%2Fwp%2Fv2%2Fcomments&post=3507"}],"version-history":[{"count":43,"href":"https:\/\/spiegelraum.com\/index.php?rest_route=\/wp\/v2\/pages\/3507\/revisions"}],"predecessor-version":[{"id":3559,"href":"https:\/\/spiegelraum.com\/index.php?rest_route=\/wp\/v2\/pages\/3507\/revisions\/3559"}],"up":[{"embeddable":true,"href":"https:\/\/spiegelraum.com\/index.php?rest_route=\/wp\/v2\/pages\/419"}],"wp:featuredmedia":[{"embeddable":true,"href":"https:\/\/spiegelraum.com\/index.php?rest_route=\/wp\/v2\/media\/3429"}],"wp:attachment":[{"href":"https:\/\/spiegelraum.com\/index.php?rest_route=%2Fwp%2Fv2%2Fmedia&parent=3507"}],"curies":[{"name":"wp","href":"https:\/\/api.w.org\/{rel}","templated":true}]}}