{"id":3349,"date":"2024-09-17T12:58:32","date_gmt":"2024-09-17T12:58:32","guid":{"rendered":"https:\/\/spiegelraum.com\/?page_id=3349"},"modified":"2024-09-20T06:43:24","modified_gmt":"2024-09-20T06:43:24","slug":"blog-wie-schaffen-wir-es-denn-die-welt-wieder-menschlicher-zu-machen","status":"publish","type":"page","link":"https:\/\/spiegelraum.com\/?page_id=3349","title":{"rendered":"Blog: \u201eWie schaffen wir es denn, die Welt wieder menschlicher zu machen?\u201c"},"content":{"rendered":"\n<p class=\"has-text-align-center has-medium-font-size\"><strong>B<\/strong>log: \u201e<strong>Wie schaffen wir es denn, die Welt wieder menschlicher zu machen?<\/strong>\u201c<\/p>\n\n\n\n<p class=\"has-text-align-center\"><strong>ein Text von Johannes Alexander<\/strong><\/p>\n\n\n\n<div style=\"height:20px\" aria-hidden=\"true\" class=\"wp-block-spacer\"><\/div>\n\n\n\n<div class=\"wp-block-columns is-layout-flex wp-container-core-columns-is-layout-9d6595d7 wp-block-columns-is-layout-flex\">\n<div class=\"wp-block-column is-layout-flow wp-block-column-is-layout-flow\" style=\"flex-basis:33.33%\">\n<figure class=\"wp-block-image size-large is-resized\"><img loading=\"lazy\" decoding=\"async\" width=\"678\" height=\"1024\" src=\"https:\/\/spiegelraum.com\/wp-content\/uploads\/shane-rounce-DNkoNXQti3c-unsplash-678x1024.jpg\" alt=\"\" class=\"wp-image-3384\" style=\"width:207px;height:auto\" srcset=\"https:\/\/spiegelraum.com\/wp-content\/uploads\/shane-rounce-DNkoNXQti3c-unsplash-678x1024.jpg 678w, https:\/\/spiegelraum.com\/wp-content\/uploads\/shane-rounce-DNkoNXQti3c-unsplash-199x300.jpg 199w, https:\/\/spiegelraum.com\/wp-content\/uploads\/shane-rounce-DNkoNXQti3c-unsplash-768x1160.jpg 768w, https:\/\/spiegelraum.com\/wp-content\/uploads\/shane-rounce-DNkoNXQti3c-unsplash-1017x1536.jpg 1017w, https:\/\/spiegelraum.com\/wp-content\/uploads\/shane-rounce-DNkoNXQti3c-unsplash-1356x2048.jpg 1356w, https:\/\/spiegelraum.com\/wp-content\/uploads\/shane-rounce-DNkoNXQti3c-unsplash-scaled.jpg 1696w\" sizes=\"auto, (max-width: 678px) 100vw, 678px\" \/><\/figure>\n<\/div>\n\n\n\n<div class=\"wp-block-column is-layout-flow wp-block-column-is-layout-flow\" style=\"flex-basis:66.66%\">\n<p>\u201e<strong>W<\/strong>ie schaffen wir es denn, die Welt wieder menschlicher zu machen?\u201c, fragte neulich Thomas Becherer, der Gr\u00fcnder der alternativen Dating-Plattform <a href=\"https:\/\/conscious-love.com\/\">Conscious:Love<\/a>, Prof. Dr. Max Otte in einem <a href=\"https:\/\/youtu.be\/STChoKcdVNs\" target=\"_blank\" rel=\"noreferrer noopener\">Interview<\/a>. Dazu fiel mir sofort etwas ein und ich lie\u00df alles stehen und liegen, um mich hinzusetzen und mit schreiben zu beginnen.<\/p>\n\n\n\n<p><strong>T<\/strong>homas\u2019 Frage ist so brisant, wie vermutlich noch nie zuvor und viele Menschen stellen sie sich vermutlich auch selbst und suchen nach Wegen und Antworten.<\/p>\n\n\n\n<div style=\"height:20px\" aria-hidden=\"true\" class=\"wp-block-spacer\"><\/div>\n\n\n\n<p class=\"has-text-align-center\"><strong>Die kurze Antwort: \u201eSei Mensch!\u201c, das hei\u00dft: &#8222;Liebe!&#8220;. Denn \u201eMensch sein\u201c hei\u00dft Lieben.<\/strong><\/p>\n<\/div>\n<\/div>\n\n\n\n<p><strong>S<\/strong>ei ehrlich mit Dir selbst! Geh in Dich und \u00fcberpr\u00fcfe, ob Deine Liebe ausreicht, um das Gegenteil von Dir selbst, n\u00e4mlich die lieblose Unmenschlichkeit, mit Mitgef\u00fchl und Verst\u00e4ndnis zu beschenken, so, wie weise Eltern ihre Kinder, trotz deren Unreife, lieben.<\/p>\n\n\n\n<p><strong>D<\/strong>enn diese Liebe \u00e4ndert etwas. Denn diese Liebe ist nicht nur ein Wort oder ein netter Gedanke, sondern sie ist eine Schwingung. Diese Liebe ist wie ein Tropfen, der aus der Reinheit der Seele voller Mitgef\u00fchl ins Meer der Unreinheiten f\u00e4llt. Und das Mitgef\u00fchl, welches ich hier meine, ist anders, als das landl\u00e4ufige Verst\u00e4ndnis davon, was eigentlich mehr Mitleid ist.<\/p>\n\n\n\n<p><strong>M<\/strong>itgef\u00fchl ist das Sehen und Seinlassen des anderen, so wie er ist. Und das stille Wissen um und das Vertrauen auf die innere Macht des Anderen und seine F\u00e4higkeit, sich gut um sich selbst k\u00fcmmern zu k\u00f6nnen. Es braucht keinen Retter im Au\u00dfen.<\/p>\n\n\n\n<p><strong>W<\/strong>enn ich versuche, jemanden mit \u201eLicht und Liebe\u201c zu \u00fcberh\u00e4ufen, wie es in NewAge-Kreisen gern gesagt wird, unterstellt das dem Empf\u00e4nger auch, da\u00df er alleine niemals in der Lage w\u00e4re, sich selbst aus einer Situation zu befreien. Energetisch wird also eher gesagt: \u201eDu bist schwach und kannst es nicht alleine.\u201c<\/p>\n\n\n\n<p><strong>D<\/strong>as Gegenteil davon ist ebenso schw\u00e4chend: Wenn zum Bsp. gesagt wird \u201eWehe, Du schaffst es allein, dann werde ich gegen Dich Gewalt anwenden\u201c, dann ist diese Drohung mitunter \u00e4hnlich schw\u00e4chend, je nachdem, ob der Empf\u00e4nger tiefer in der Wahrheit verwurzelt ist, als der Sprecher. <\/p>\n\n\n\n<p class=\"has-background\" style=\"background-color:#ffa72b24\">\ud83d\udca1 Ich m\u00f6chte dazu an dieser Stelle folgendes <a href=\"https:\/\/youtu.be\/V_DyRTs6uvo?list=PL3bNqn4UlfbPBQxO8fRAezfoqGXdkkvZH\" target=\"_blank\" rel=\"noreferrer noopener\">Interview mit Karl Grunick<\/a> (insbesondere ab 6min 45sek) empfehlen.<\/p>\n\n\n\n<p><strong>B<\/strong>in ich voller Mitgef\u00fchl, bin ich realistisch und neutral. Ich bin objektiv und kann sagen \u201eIch f\u00fchle genau, da\u00df Du die Kraft hast. Ich mu\u00df nicht an Dich glauben, sondern ich wei\u00df es, weil ich es ehrlich f\u00fchle.\u201c Dann bin ich einfach \u201enur\u201c dabei, w\u00e4hrend ein Mensch oder eben eine ganze Welt durch Geburtsschmerzen geht. Und weil ich dabei sein kann, ohne zu bedauern oder zu pushen, st\u00f6re ich den anderen nicht in dem, was er wirklich ist. Dadurch f\u00fchlt er sich nicht mehr allein oder bedauert oder gezwungen, sondern kann einfach leichter in das zur\u00fcckfinden, was er wirklich ist: N\u00e4mlich gesund.<\/p>\n\n\n\n<p><strong>U<\/strong>nser Mitleid und unsere Gewalt, also unsere Widerst\u00e4nde gegen die Wahrheit, sind das, was das Chaos bzw. die Panik erzeugt. H\u00f6ren wir auf, an etwas Perfektem etwas verbessern zu wollen, dann lieben wir. Wer wahrhaft liebt, hat erkannt, da\u00df das Perfekte auch \u201eFehler\u201c haben kann und da\u00df die Dinge immer optimal laufen, auch wenn sich die Dinge erst einmal anders zeigen, als wir es uns w\u00fcnschen w\u00fcrden oder erwartet haben.<\/p>\n\n\n\n<figure class=\"wp-block-image size-large\"><img loading=\"lazy\" decoding=\"async\" width=\"1024\" height=\"576\" src=\"http:\/\/spiegelraum.com\/wp-content\/uploads\/vero-manrique-9OflqNWhcrE-unsplash_720p.jpg-1024x576.png\" alt=\"\" class=\"wp-image-3375\" srcset=\"https:\/\/spiegelraum.com\/wp-content\/uploads\/vero-manrique-9OflqNWhcrE-unsplash_720p.jpg-1024x576.png 1024w, https:\/\/spiegelraum.com\/wp-content\/uploads\/vero-manrique-9OflqNWhcrE-unsplash_720p.jpg-300x169.png 300w, https:\/\/spiegelraum.com\/wp-content\/uploads\/vero-manrique-9OflqNWhcrE-unsplash_720p.jpg-768x432.png 768w, https:\/\/spiegelraum.com\/wp-content\/uploads\/vero-manrique-9OflqNWhcrE-unsplash_720p.jpg.png 1280w\" sizes=\"auto, (max-width: 1024px) 100vw, 1024px\" \/><\/figure>\n\n\n\n<div style=\"height:20px\" aria-hidden=\"true\" class=\"wp-block-spacer\"><\/div>\n\n\n\n<p><strong>D<\/strong>ie Liebe ist kein ohnm\u00e4chtiges, naives Geschehenlassen des \u201eB\u00f6sen\u201c, sondern ein Mitgef\u00fchl und Verst\u00e4ndnis, mit all denen, die aus irgendwelchen Gr\u00fcnden noch nicht oder nicht mehr in der Lage sind zu lieben.<\/p>\n\n\n\n<p><strong>E<\/strong>in liebloses Wesen ist krank. Es empfindet sich als getrennt, wenn die Anstrengungen, den eigenen Schmerz zu ertragen, gr\u00f6\u00dfer werden, als die F\u00e4higkeit zu Mitgef\u00fchl und Verst\u00e4ndnis mit sich selbst. Es f\u00fchlt sich selbst \u00fcberfordert und \u00fcberschwemmt, obwohl es im Grunde verbunden ist. Ber\u00fchren die weisen Eltern ihre Kinder, die in solchen Albtr\u00e4umen leben, mit der Wahrheit, also ihrer Liebe zu ihnen, dann wachen diese Kinder in genau dieser Sekunde auf aus ihrem Traum.<\/p>\n\n\n\n<div style=\"height:20px\" aria-hidden=\"true\" class=\"wp-block-spacer\"><\/div>\n\n\n\n<p><strong>Und Jetzt? \u201eWie schaffen wir es denn, die Welt wieder menschlicher zu machen?\u201c:<\/strong><\/p>\n\n\n\n<p><strong>Z<\/strong>un\u00e4chst hilft es, sich zu erinnern, da\u00df wir keine Erlaubnisse oder Mehrheiten brauchen, um in der Welt etwas zu ver\u00e4ndern. Wir brauchen nur eine Handvoll Menschen, die sich ehrlich um das Wohl der Welt k\u00fcmmert. Wenn, mathematisch gesehen, die Wurzel aus einem Prozent der Gesamtbev\u00f6lkerung beginnt, sich auf eine authentische Weise, innerlich f\u00fcr eine liebevollere Art Lebens auszusprechen, beginnt das gesamte System zu \u201ekippen\u201c und folgt dieser liebevolleren Vision, so wie die Pflanzen dem Licht folgen.<\/p>\n\n\n\n<p class=\"has-background\" style=\"background-color:#ffa72b24\">\ud83d\udca1 <strong>S<\/strong>iehe dazu auch <a href=\"https:\/\/youtu.be\/n5tbedFBTCs?list=PLZxqRPxxSG0yeGstQWE9-SHMFsu5x-DG1\">dieses Video<\/a> von Gregg Braden. (Leider nur in englischer Sprache)<\/p>\n\n\n\n<p><strong>W<\/strong>enn Du Dir also diese Frage reinen Herzens stellst, nicht nur aus Idealismus, oder weil es vielleicht Mode ist, sondern weil Du diese Herzensvision wirklich in Dir hast&#8230; ganz authentisch\u2026 Dann ist die Wahrscheinlichkeit sehr gro\u00df, da\u00df Du zu diesem einen Prozent geh\u00f6rst.<\/p>\n\n\n\n<div style=\"height:20px\" aria-hidden=\"true\" class=\"wp-block-spacer\"><\/div>\n\n\n\n<p><strong>Was also konkret tun?:<\/strong><\/p>\n\n\n\n<div class=\"wp-block-columns is-layout-flex wp-container-core-columns-is-layout-9d6595d7 wp-block-columns-is-layout-flex\">\n<div class=\"wp-block-column is-layout-flow wp-block-column-is-layout-flow\" style=\"flex-basis:33.33%\">\n<figure class=\"wp-block-image size-full is-resized\"><img loading=\"lazy\" decoding=\"async\" width=\"480\" height=\"720\" src=\"http:\/\/spiegelraum.com\/wp-content\/uploads\/jordan-heath-Up2-miQck7A-unsplash_720p.jpg.png\" alt=\"\" class=\"wp-image-3390\" style=\"width:211px;height:auto\" srcset=\"https:\/\/spiegelraum.com\/wp-content\/uploads\/jordan-heath-Up2-miQck7A-unsplash_720p.jpg.png 480w, https:\/\/spiegelraum.com\/wp-content\/uploads\/jordan-heath-Up2-miQck7A-unsplash_720p.jpg-200x300.png 200w\" sizes=\"auto, (max-width: 480px) 100vw, 480px\" \/><\/figure>\n<\/div>\n\n\n\n<div class=\"wp-block-column is-layout-flow wp-block-column-is-layout-flow\" style=\"flex-basis:66.66%\">\n<ul class=\"wp-block-list\">\n<li>Geh in einen meditativen Zustand, sei pr\u00e4sent und ruhig und erwarte nichts.<\/li>\n\n\n\n<li>\u00d6ffne Deine <strong>Wahrnehmung<\/strong> f\u00fcr das, was Du \u201edie Welt\u201c nennst.<\/li>\n\n\n\n<li>Schau Dir Deine <strong>Wahrnehmung<\/strong> und auch Deine <strong>Einstellung<\/strong> zu dieser Wahrnehmung an.<\/li>\n\n\n\n<li>Dann sieh, ob Deine <strong>Einstellung<\/strong> wahrhaft mitf\u00fchlend (also neutral, nicht wertend) ist, oder aber gewaltvoll erzwingend oder mitleidend oder \u00e4ngstlich.. usw.. ist.<\/li>\n\n\n\n<li>Falls letzteres zutrifft, schau, wie Deine <strong>Einstellung zu Deinem mangelnden Mitgef\u00fchl<\/strong> ist.<\/li>\n\n\n\n<li>Falls Du Dein <strong>mangelndes Mitgef\u00fchl<\/strong> lieblos behandelst, dann hast Du den Kern aller Probleme aller Welten gefunden und es liegt nun an Dir, Dich innerlich neu auszurichten. Das machst Du, indem Du Dich <strong>umentscheidest<\/strong>. Untersch\u00e4tze niemals die Kraft einer <strong>innerlichen Neuausrichtung.<\/strong><\/li>\n<\/ul>\n<\/div>\n<\/div>\n\n\n\n<div style=\"height:20px\" aria-hidden=\"true\" class=\"wp-block-spacer\"><\/div>\n\n\n\n<p><strong>Wie wirken die folgenden S\u00e4tze auf Dich?<\/strong><\/p>\n\n\n\n<p><strong>I<\/strong>ch sehe, mein Mitgef\u00fchl reicht nicht aus. Das finde ich schlimm. Aber noch schlimmer finde ich es, da\u00df ich mir selbst Schmerzen hinzuf\u00fcge. Zuzusehen, wie ich mich selbst schw\u00e4che, indem ich mich bedauere oder gewaltvoll mit mir bin, tut mir weh. Eigentlich ist aber die Wahrheit in mir ganz tief innen, da\u00df ich mich nicht verletzen m\u00f6chte. In Wahrheit m\u00f6chte ich, da\u00df es mir gut geht. Und mir geht es gut, wenn ich mir selbst zeige, da\u00df ich mich liebe. In Wahrheit habe ich mich lieb und es tut mir leid, da\u00df ich nicht liebevoller mit mir umgehen konnte.<\/p>\n\n\n\n<hr class=\"wp-block-separator has-alpha-channel-opacity is-style-dots\"\/>\n\n\n\n<p class=\"has-text-align-right\"><strong>\u00b7\u00b7\u00b7&gt;<\/strong>&nbsp;<a href=\"https:\/\/spiegelraum.com\/?page_id=421\" data-type=\"page\" data-id=\"421\" rel=\"nofollow\">zur \u00dcbersicht<\/a><\/p>\n\n\n\n<p class=\"has-background has-medium-font-size\" style=\"background-color:#ffa72b24\">\ud83d\udca1 Wenn Dir der Beitrag gefallen hat und Du unsere Arbeit unterst\u00fctzen m\u00f6chtest, gelangst Du hier zur Seite mit den <a href=\"https:\/\/spiegelraum.com\/?page_id=2533\" data-type=\"page\" data-id=\"2533\" rel=\"nofollow\">Spendeninformationen<\/a>.<\/p>\n","protected":false},"excerpt":{"rendered":"<p>Blog: \u201eWie schaffen wir es denn, die Welt wieder menschlicher zu machen?\u201c ein Text von Johannes Alexander \u201eWie schaffen wir es denn, die Welt wieder menschlicher zu machen?\u201c, fragte neulich Thomas Becherer, der Gr\u00fcnder der alternativen Dating-Plattform Conscious:Love, Prof. Dr. Max Otte in einem Interview. Dazu fiel mir sofort etwas ein und ich lie\u00df alles [&hellip;]<\/p>\n","protected":false},"author":1,"featured_media":3226,"parent":421,"menu_order":0,"comment_status":"open","ping_status":"closed","template":"template-full-width.php","meta":{"footnotes":""},"class_list":["post-3349","page","type-page","status-publish","has-post-thumbnail","hentry"],"_links":{"self":[{"href":"https:\/\/spiegelraum.com\/index.php?rest_route=\/wp\/v2\/pages\/3349","targetHints":{"allow":["GET"]}}],"collection":[{"href":"https:\/\/spiegelraum.com\/index.php?rest_route=\/wp\/v2\/pages"}],"about":[{"href":"https:\/\/spiegelraum.com\/index.php?rest_route=\/wp\/v2\/types\/page"}],"author":[{"embeddable":true,"href":"https:\/\/spiegelraum.com\/index.php?rest_route=\/wp\/v2\/users\/1"}],"replies":[{"embeddable":true,"href":"https:\/\/spiegelraum.com\/index.php?rest_route=%2Fwp%2Fv2%2Fcomments&post=3349"}],"version-history":[{"count":44,"href":"https:\/\/spiegelraum.com\/index.php?rest_route=\/wp\/v2\/pages\/3349\/revisions"}],"predecessor-version":[{"id":3478,"href":"https:\/\/spiegelraum.com\/index.php?rest_route=\/wp\/v2\/pages\/3349\/revisions\/3478"}],"up":[{"embeddable":true,"href":"https:\/\/spiegelraum.com\/index.php?rest_route=\/wp\/v2\/pages\/421"}],"wp:featuredmedia":[{"embeddable":true,"href":"https:\/\/spiegelraum.com\/index.php?rest_route=\/wp\/v2\/media\/3226"}],"wp:attachment":[{"href":"https:\/\/spiegelraum.com\/index.php?rest_route=%2Fwp%2Fv2%2Fmedia&parent=3349"}],"curies":[{"name":"wp","href":"https:\/\/api.w.org\/{rel}","templated":true}]}}