{"id":2882,"date":"2024-05-17T12:21:24","date_gmt":"2024-05-17T12:21:24","guid":{"rendered":"https:\/\/spiegelraum.com\/?page_id=2882"},"modified":"2024-11-01T15:22:26","modified_gmt":"2024-11-01T15:22:26","slug":"musik-deep-from-within","status":"publish","type":"page","link":"https:\/\/spiegelraum.com\/?page_id=2882","title":{"rendered":"Musik: &#8222;Deep From Within&#8220;"},"content":{"rendered":"\n<p class=\"has-text-align-center has-medium-font-size\">&#8222;<strong>Deep From Within<\/strong>&#8220; <br>von Johannes Alexander &amp; Anja Perron<\/p>\n\n\n\n<div style=\"height:20px\" aria-hidden=\"true\" class=\"wp-block-spacer\"><\/div>\n\n\n\n<p class=\"has-medium-font-size\"><strong>Z<\/strong>usammen mit der Musikerin&nbsp;<strong>Anja Perron<\/strong>&nbsp;entstand ein sch\u00f6nes, beruhigendes Musikst\u00fcck. Kl\u00e4nge Ihrer <strong>RAV Drum<\/strong>, vereint mit den Melodien meiner <strong>Bansuri<\/strong>, zaubern einen tiefen Raum der Einkehr und Selbstbesinnung.<\/p>\n\n\n\n<p class=\"has-medium-font-size\"><strong>V<\/strong>iel Spa\u00df beim Anh\u00f6ren. \ud83d\ude42<\/p>\n\n\n\n<div class=\"wp-block-columns has-background is-layout-flex wp-container-core-columns-is-layout-9d6595d7 wp-block-columns-is-layout-flex\" style=\"background-color:#ffa72b24\">\n<div class=\"wp-block-column is-layout-flow wp-block-column-is-layout-flow\">\n<div style=\"height:20px\" aria-hidden=\"true\" class=\"wp-block-spacer\"><\/div>\n\n\n\n<div style=\"height:20px\" aria-hidden=\"true\" class=\"wp-block-spacer\"><\/div>\n\n\n\n<p class=\"has-text-align-center has-medium-font-size\">In die Tiefen Deines Wesens<br>kehre heim in jenen Raum.<br><br>Aus der Ruhe steig&#8216; empor,<br>wie von allein, das Wahre schauen.<\/p>\n\n\n\n<div style=\"height:20px\" aria-hidden=\"true\" class=\"wp-block-spacer\"><\/div>\n\n\n\n<figure class=\"wp-block-audio\"><audio controls src=\"http:\/\/spiegelraum.com\/wp-content\/uploads\/2022\/01\/Anja-Perron-Johannes-Alexander-deep-from-within-teaser.ogg\"><\/audio><\/figure>\n<\/div>\n\n\n\n<div class=\"wp-block-column is-layout-flow wp-block-column-is-layout-flow\"><div class=\"wp-block-image\">\n<figure class=\"alignright size-full is-resized\"><img loading=\"lazy\" decoding=\"async\" width=\"720\" height=\"720\" src=\"http:\/\/spiegelraum.com\/wp-content\/uploads\/2022\/01\/Album-deep-from-within-Cover.png\" alt=\"\" class=\"wp-image-546\" style=\"object-fit:contain;width:285px;height:auto\"\/><\/figure>\n<\/div><\/div>\n<\/div>\n\n\n\n<p class=\"has-medium-font-size\"><strong>A<\/strong>uch als <strong>Videoversion<\/strong>:<\/p>\n\n\n\n<div class=\"wp-block-columns is-layout-flex wp-container-core-columns-is-layout-9d6595d7 wp-block-columns-is-layout-flex\">\n<div class=\"wp-block-column is-vertically-aligned-center is-layout-flow wp-block-column-is-layout-flow\">\n<figure class=\"wp-block-video aligncenter\"><video height=\"720\" style=\"aspect-ratio: 1280 \/ 720;\" width=\"1280\" controls poster=\"http:\/\/spiegelraum.com\/wp-content\/uploads\/Deep-from-within-.-LEER-.-720p.png\" preload=\"none\" src=\"https:\/\/spiegelraum.com\/wp-content\/uploads\/deep-from-within.mp4\"><\/video><\/figure>\n<\/div>\n<\/div>\n\n\n\n<p class=\"has-background has-medium-font-size\" style=\"background-color:#ffa72b24\">\ud83d\udca1 <strong>ganz neu<\/strong>: Auch als laaaaaange Version zum Meditieren, Yoga machen, Entspannen oder Einschlafen, usw&#8230;. auf <a href=\"https:\/\/youtu.be\/pYw-Tnu87Wk\">YouTube<\/a> erh\u00e4ltlich.<\/p>\n\n\n\n<figure class=\"wp-block-gallery has-nested-images columns-default is-cropped wp-block-gallery-1 is-layout-flex wp-block-gallery-is-layout-flex\">\n<figure class=\"wp-block-image size-large\"><a href=\"https:\/\/youtu.be\/pYw-Tnu87Wk\"><img loading=\"lazy\" decoding=\"async\" width=\"1024\" height=\"576\" data-id=\"3564\" src=\"https:\/\/spiegelraum.com\/wp-content\/uploads\/Deep-from-within-.-EXTENDED-.-2024-.-720p-1024x576.png\" alt=\"\" class=\"wp-image-3564\" srcset=\"https:\/\/spiegelraum.com\/wp-content\/uploads\/Deep-from-within-.-EXTENDED-.-2024-.-720p-1024x576.png 1024w, https:\/\/spiegelraum.com\/wp-content\/uploads\/Deep-from-within-.-EXTENDED-.-2024-.-720p-300x169.png 300w, https:\/\/spiegelraum.com\/wp-content\/uploads\/Deep-from-within-.-EXTENDED-.-2024-.-720p-768x432.png 768w, https:\/\/spiegelraum.com\/wp-content\/uploads\/Deep-from-within-.-EXTENDED-.-2024-.-720p.png 1280w\" sizes=\"auto, (max-width: 1024px) 100vw, 1024px\" \/><\/a><\/figure>\n<\/figure>\n\n\n\n<p class=\"has-text-align-left has-background has-medium-font-size\" style=\"background-color:#ffa72b24\">\ud83d\udca1 Wenn Dir der Beitrag gefallen hat und Du unsere Arbeit unterst\u00fctzen m\u00f6chtest, gelangst Du hier zur Seite mit den <a href=\"https:\/\/spiegelraum.com\/?page_id=2533\" data-type=\"page\" data-id=\"2533\" rel=\"nofollow\">Spendeninformationen<\/a>.<\/p>\n","protected":false},"excerpt":{"rendered":"<p>&#8222;Deep From Within&#8220; von Johannes Alexander &amp; Anja Perron Zusammen mit der Musikerin&nbsp;Anja Perron&nbsp;entstand ein sch\u00f6nes, beruhigendes Musikst\u00fcck. Kl\u00e4nge Ihrer RAV Drum, vereint mit den Melodien meiner Bansuri, zaubern einen tiefen Raum der Einkehr und Selbstbesinnung. Viel Spa\u00df beim Anh\u00f6ren. \ud83d\ude42 In die Tiefen Deines Wesenskehre heim in jenen Raum. Aus der Ruhe steig&#8216; empor,wie [&hellip;]<\/p>\n","protected":false},"author":1,"featured_media":2868,"parent":419,"menu_order":0,"comment_status":"closed","ping_status":"closed","template":"template-full-width.php","meta":{"footnotes":""},"class_list":["post-2882","page","type-page","status-publish","has-post-thumbnail","hentry"],"_links":{"self":[{"href":"https:\/\/spiegelraum.com\/index.php?rest_route=\/wp\/v2\/pages\/2882","targetHints":{"allow":["GET"]}}],"collection":[{"href":"https:\/\/spiegelraum.com\/index.php?rest_route=\/wp\/v2\/pages"}],"about":[{"href":"https:\/\/spiegelraum.com\/index.php?rest_route=\/wp\/v2\/types\/page"}],"author":[{"embeddable":true,"href":"https:\/\/spiegelraum.com\/index.php?rest_route=\/wp\/v2\/users\/1"}],"replies":[{"embeddable":true,"href":"https:\/\/spiegelraum.com\/index.php?rest_route=%2Fwp%2Fv2%2Fcomments&post=2882"}],"version-history":[{"count":49,"href":"https:\/\/spiegelraum.com\/index.php?rest_route=\/wp\/v2\/pages\/2882\/revisions"}],"predecessor-version":[{"id":3567,"href":"https:\/\/spiegelraum.com\/index.php?rest_route=\/wp\/v2\/pages\/2882\/revisions\/3567"}],"up":[{"embeddable":true,"href":"https:\/\/spiegelraum.com\/index.php?rest_route=\/wp\/v2\/pages\/419"}],"wp:featuredmedia":[{"embeddable":true,"href":"https:\/\/spiegelraum.com\/index.php?rest_route=\/wp\/v2\/media\/2868"}],"wp:attachment":[{"href":"https:\/\/spiegelraum.com\/index.php?rest_route=%2Fwp%2Fv2%2Fmedia&parent=2882"}],"curies":[{"name":"wp","href":"https:\/\/api.w.org\/{rel}","templated":true}]}}