{"id":2586,"date":"2024-04-19T15:38:25","date_gmt":"2024-04-19T15:38:25","guid":{"rendered":"https:\/\/spiegelraum.com\/?page_id=2586"},"modified":"2024-09-27T10:04:18","modified_gmt":"2024-09-27T10:04:18","slug":"blog-wie-meditation-im-alltag-gelingt","status":"publish","type":"page","link":"https:\/\/spiegelraum.com\/?page_id=2586","title":{"rendered":"Blog: &#8222;Wie Meditation im Alltag gelingt&#8220;"},"content":{"rendered":"\n<p class=\"has-text-align-center has-medium-font-size\"><strong>B<\/strong>log: &#8222;<strong>Wie Meditation im Alltag gelingt<\/strong>&#8220; <\/p>\n\n\n\n<p class=\"has-text-align-center\"><strong>ein Text von Johannes Alexander<\/strong><\/p>\n\n\n\n<div style=\"height:20px\" aria-hidden=\"true\" class=\"wp-block-spacer\"><\/div>\n\n\n\n<div class=\"wp-block-columns is-layout-flex wp-container-core-columns-is-layout-9d6595d7 wp-block-columns-is-layout-flex\">\n<div class=\"wp-block-column is-layout-flow wp-block-column-is-layout-flow\" style=\"flex-basis:51.73%\">\n<figure class=\"wp-block-image size-large is-resized\"><img loading=\"lazy\" decoding=\"async\" width=\"1024\" height=\"351\" src=\"http:\/\/spiegelraum.com\/wp-content\/uploads\/beach-blur-camper-386000-scaled-e1575120874760-1536x526-1-1024x351.jpg\" alt=\"\" class=\"wp-image-2501\" style=\"aspect-ratio:1.5;object-fit:cover;width:277px;height:auto\"\/><\/figure>\n<\/div>\n\n\n\n<div class=\"wp-block-column is-layout-flow wp-block-column-is-layout-flow\" style=\"flex-basis:66.66%\">\n<p><strong>Z<\/strong>un\u00e4chst ist es wichtig zu verstehen, da\u00df es sehr, sehr viele verschiedene Arten der Meditation gibt. Die Einen sitzen still da und versuchen, Ihren Geist zur Ruhe zu bringen. Andere setzen sich aufs Fahrrad und radeln einfach drauf los, genie\u00dfen die Reise und kommen dabei innerlich an.<\/p>\n<\/div>\n<\/div>\n\n\n\n<p class=\"has-text-align-left\"><strong>E<\/strong>gal, was f\u00fcr ein Typ man ist. Jeder kann eine Art und Weise entdecken und in sein Leben integrieren, die einem hilft, in Zeiten des Chaos ruhig Blut zu bewahren oder in Zeiten der Ruhe ein noch tieferes Verst\u00e4ndnis f\u00fcr sich selbst zu finden.<\/p>\n\n\n\n<p><strong>M<\/strong>eine Art zu meditieren fing mit stiller Meditation an. Am Anfang fiel es mir recht schwer, bei all den unkontrollierbaren Regungen in meinem Kopf einen klaren Gedanken zu fassen. Mit der Zeit schaffte ich es besser und besser, aber so richtig zufrieden war ich mit der ganzen Sache noch nicht. Was n\u00fctze es mir, mit Hilfe mentaler Kraft einen Ruheraum f\u00fcr mich aufrecht zu erhalten, wenn bei mentaler Erm\u00fcdung die selben Gedanken wieder an meine T\u00fcr klopften? Ich hatte vor, einen Zustand der inneren Ruhe zu erreichen, den ich nicht mit Kraft oder Gew\u00f6hnung aufrechterhalten mu\u00dfte. Ich wollte, da\u00df meine Meditation zu einer Heilarbeit wird, die eine dauerhafte nat\u00fcrliche Ordnung in mir wiederherstellte.<\/p>\n\n\n\n<div class=\"wp-block-columns is-layout-flex wp-container-core-columns-is-layout-9d6595d7 wp-block-columns-is-layout-flex\">\n<div class=\"wp-block-column is-layout-flow wp-block-column-is-layout-flow\" style=\"flex-basis:50%\">\n<p><strong>A<\/strong>lso begann ich, in meinem mentalen Ruheraum nicht nur zu sitzen und zu entspannen, sondern ich fing an, konkret mit den Gedanken, die sich am hartn\u00e4ckigsten zeigten, zu arbeiten. Und weil Ich mich immer nur einer Sache wirklich widmen kann, ohne meine Aufmerksamkeit zu teilen, sagte ich zu all den Gedanken, die mit Nachdruck an meine T\u00fcr klopften:<\/p>\n\n\n\n<p>&#8222;<strong>H<\/strong>allo, Ihr Lieben. Ich habe euch geh\u00f6rt. Danke, da\u00df Ihr da seid. Ich lerne gerade, mit euch zu arbeiten. Ich kann aber nur Einen nach dem Anderen dran nehmen. Ich verspreche euch, Ihr kommt alle dran. Denen, die meine Aufmerksamkeit am dringlichsten ben\u00f6tigen, werde ich mich als erstes widmen.&#8220;<\/p>\n<\/div>\n\n\n\n<div class=\"wp-block-column is-vertically-aligned-top is-layout-flow wp-block-column-is-layout-flow\" style=\"flex-basis:50%\"><div class=\"wp-block-image\">\n<figure class=\"alignright size-large is-resized\"><img loading=\"lazy\" decoding=\"async\" width=\"1024\" height=\"681\" src=\"https:\/\/spiegelraum.com\/wp-content\/uploads\/Couleur-pixabay-meditate-4252505_720p.jpg-1024x681.png\" alt=\"\" class=\"wp-image-3218\" style=\"width:415px;height:auto\" srcset=\"https:\/\/spiegelraum.com\/wp-content\/uploads\/Couleur-pixabay-meditate-4252505_720p.jpg-1024x681.png 1024w, https:\/\/spiegelraum.com\/wp-content\/uploads\/Couleur-pixabay-meditate-4252505_720p.jpg-300x199.png 300w, https:\/\/spiegelraum.com\/wp-content\/uploads\/Couleur-pixabay-meditate-4252505_720p.jpg-768x511.png 768w, https:\/\/spiegelraum.com\/wp-content\/uploads\/Couleur-pixabay-meditate-4252505_720p.jpg.png 1083w\" sizes=\"auto, (max-width: 1024px) 100vw, 1024px\" \/><\/figure>\n<\/div><\/div>\n<\/div>\n\n\n\n<p><strong>N<\/strong>ach dieser inneren Ausrichtung, kehrte sofort eine neue Art der Ruhe ein. Auch wenn ich noch sp\u00fcren konnte, da\u00df die dringlichsten Gedanken immernoch dr\u00e4ngelten, so war es mir, als hatten sich trotzdem alle etwas entspannt. In dieser neuen inneren Qualit\u00e4t hatte ich zum ersten Mal die M\u00f6glichkeit, wie in ein Wartezimmer zu rufen: &#8222;Der N\u00e4chste bitte!&#8220;. Die eigentliche Arbeit konnte nun beginnen&#8230;<\/p>\n\n\n\n<hr class=\"wp-block-separator has-css-opacity is-style-dots\"\/>\n\n\n\n<p class=\"has-text-align-right\"><strong>\u00b7\u00b7\u00b7&gt;<\/strong>&nbsp;<a href=\"https:\/\/spiegelraum.com\/?page_id=421\" data-type=\"page\" data-id=\"421\" rel=\"nofollow\">zur \u00dcbersicht<\/a><\/p>\n\n\n\n<p class=\"has-background has-medium-font-size\" style=\"background-color:#ffa72b24\">\ud83d\udca1 Wenn Dir der Beitrag gefallen hat und Du unsere Arbeit unterst\u00fctzen m\u00f6chtest, gelangst Du hier zur Seite mit den <a href=\"https:\/\/spiegelraum.com\/?page_id=2533\" data-type=\"page\" data-id=\"2533\" rel=\"nofollow\">Spendeninformationen<\/a>.<\/p>\n","protected":false},"excerpt":{"rendered":"<p>Blog: &#8222;Wie Meditation im Alltag gelingt&#8220; ein Text von Johannes Alexander Zun\u00e4chst ist es wichtig zu verstehen, da\u00df es sehr, sehr viele verschiedene Arten der Meditation gibt. Die Einen sitzen still da und versuchen, Ihren Geist zur Ruhe zu bringen. Andere setzen sich aufs Fahrrad und radeln einfach drauf los, genie\u00dfen die Reise und kommen [&hellip;]<\/p>\n","protected":false},"author":1,"featured_media":3226,"parent":421,"menu_order":0,"comment_status":"open","ping_status":"closed","template":"template-full-width.php","meta":{"footnotes":""},"class_list":["post-2586","page","type-page","status-publish","has-post-thumbnail","hentry"],"_links":{"self":[{"href":"https:\/\/spiegelraum.com\/index.php?rest_route=\/wp\/v2\/pages\/2586","targetHints":{"allow":["GET"]}}],"collection":[{"href":"https:\/\/spiegelraum.com\/index.php?rest_route=\/wp\/v2\/pages"}],"about":[{"href":"https:\/\/spiegelraum.com\/index.php?rest_route=\/wp\/v2\/types\/page"}],"author":[{"embeddable":true,"href":"https:\/\/spiegelraum.com\/index.php?rest_route=\/wp\/v2\/users\/1"}],"replies":[{"embeddable":true,"href":"https:\/\/spiegelraum.com\/index.php?rest_route=%2Fwp%2Fv2%2Fcomments&post=2586"}],"version-history":[{"count":40,"href":"https:\/\/spiegelraum.com\/index.php?rest_route=\/wp\/v2\/pages\/2586\/revisions"}],"predecessor-version":[{"id":3498,"href":"https:\/\/spiegelraum.com\/index.php?rest_route=\/wp\/v2\/pages\/2586\/revisions\/3498"}],"up":[{"embeddable":true,"href":"https:\/\/spiegelraum.com\/index.php?rest_route=\/wp\/v2\/pages\/421"}],"wp:featuredmedia":[{"embeddable":true,"href":"https:\/\/spiegelraum.com\/index.php?rest_route=\/wp\/v2\/media\/3226"}],"wp:attachment":[{"href":"https:\/\/spiegelraum.com\/index.php?rest_route=%2Fwp%2Fv2%2Fmedia&parent=2586"}],"curies":[{"name":"wp","href":"https:\/\/api.w.org\/{rel}","templated":true}]}}