{"id":2550,"date":"2024-04-18T15:20:52","date_gmt":"2024-04-18T15:20:52","guid":{"rendered":"https:\/\/spiegelraum.com\/?page_id=2550"},"modified":"2024-09-19T17:07:21","modified_gmt":"2024-09-19T17:07:21","slug":"bibliothek-intro","status":"publish","type":"page","link":"https:\/\/spiegelraum.com\/?page_id=2550","title":{"rendered":"Bibliothek-Intro"},"content":{"rendered":"\n<div style=\"height:20px\" aria-hidden=\"true\" class=\"wp-block-spacer\"><\/div>\n\n\n\n<p class=\"has-background\" style=\"background-color:#ffa72b24\"><strong>\ud83d\udca1 wichtige Info<\/strong>:<br><br><strong>W<\/strong>ir haben uns entschieden, unsere Beitr\u00e4ge zu ver\u00f6ffentlichen,&nbsp;<strong>ohne<\/strong>&nbsp;da\u00df man&nbsp;<strong>vorher<\/strong>&nbsp;eine Mitgliedschaft oder \u00c4hnliches kaufen mu\u00df.<br><br><strong>Z<\/strong>um Einen weil wir R\u00fccksicht nehmen m\u00f6chten auf all diejenigen, die finanziell sparsamer unterwegs sein m\u00fcssen und denen unsere Arbeit aber helfen w\u00fcrde.<br><br><strong>Z<\/strong>um Anderen auch, weil wir glauben, da\u00df die Menschen, die wir mit unserer Arbeit wahrhaft im Herzen erreichen und in Ihrem Leben bereichern, dies auch wertsch\u00e4tzen und uns zum Beispiel mit Mundpropaganda, sch\u00f6nem Feedback oder auch auf ganz andere Art &amp; Weise unterst\u00fctzen werden.<br><br><strong>B<\/strong>esonders m\u00f6chten wir uns bei den Menschen bedanken, die unsere Arbeit mit einer&nbsp;<strong>Spende<\/strong>&nbsp;unterst\u00fctzen und daran teilhaben m\u00f6chten, da\u00df unser Sparschwein gut gen\u00e4hrt bleibt, damit wir weitere Inhalte produzieren k\u00f6nnen.<br><br><strong>Spendenkonto<\/strong>:<br>Kontoinhaber: <strong>Johannes Alexander<\/strong><br>IBAN: <strong>DE73 8705 0000 4510 0145 92<\/strong><br>BIC \/ SWIFT: <strong>CHEKDE81XXX<\/strong><br>Bitte gib als <strong>Verwendungszweck &#8222;Spende &#8211; Spiegelraum&#8220;<\/strong> an. <strong>Vielen lieben Dank f\u00fcr Deine Unterst\u00fctzung!!!<\/strong><\/p>\n\n\n\n<div style=\"height:20px\" aria-hidden=\"true\" class=\"wp-block-spacer\"><\/div>\n\n\n\n<p class=\"has-text-align-center has-medium-font-size\">Und nun viel Vergn\u00fcgen beim <strong>St\u00f6bern<\/strong> \ud83d\ude42 Hier geht&#8217;s zum <strong><a href=\"https:\/\/spiegelraum.com\/?page_id=70\" data-type=\"page\" data-id=\"70\">Eingang<\/a><\/strong>.<\/p>\n\n\n\n<p><\/p>\n","protected":false},"excerpt":{"rendered":"<p>\ud83d\udca1 wichtige Info: Wir haben uns entschieden, unsere Beitr\u00e4ge zu ver\u00f6ffentlichen,&nbsp;ohne&nbsp;da\u00df man&nbsp;vorher&nbsp;eine Mitgliedschaft oder \u00c4hnliches kaufen mu\u00df. Zum Einen weil wir R\u00fccksicht nehmen m\u00f6chten auf all diejenigen, die finanziell sparsamer unterwegs sein m\u00fcssen und denen unsere Arbeit aber helfen w\u00fcrde. Zum Anderen auch, weil wir glauben, da\u00df die Menschen, die wir mit unserer Arbeit wahrhaft [&hellip;]<\/p>\n","protected":false},"author":1,"featured_media":999,"parent":0,"menu_order":0,"comment_status":"closed","ping_status":"closed","template":"template-full-width.php","meta":{"footnotes":""},"class_list":["post-2550","page","type-page","status-publish","has-post-thumbnail","hentry"],"_links":{"self":[{"href":"https:\/\/spiegelraum.com\/index.php?rest_route=\/wp\/v2\/pages\/2550","targetHints":{"allow":["GET"]}}],"collection":[{"href":"https:\/\/spiegelraum.com\/index.php?rest_route=\/wp\/v2\/pages"}],"about":[{"href":"https:\/\/spiegelraum.com\/index.php?rest_route=\/wp\/v2\/types\/page"}],"author":[{"embeddable":true,"href":"https:\/\/spiegelraum.com\/index.php?rest_route=\/wp\/v2\/users\/1"}],"replies":[{"embeddable":true,"href":"https:\/\/spiegelraum.com\/index.php?rest_route=%2Fwp%2Fv2%2Fcomments&post=2550"}],"version-history":[{"count":24,"href":"https:\/\/spiegelraum.com\/index.php?rest_route=\/wp\/v2\/pages\/2550\/revisions"}],"predecessor-version":[{"id":3419,"href":"https:\/\/spiegelraum.com\/index.php?rest_route=\/wp\/v2\/pages\/2550\/revisions\/3419"}],"wp:featuredmedia":[{"embeddable":true,"href":"https:\/\/spiegelraum.com\/index.php?rest_route=\/wp\/v2\/media\/999"}],"wp:attachment":[{"href":"https:\/\/spiegelraum.com\/index.php?rest_route=%2Fwp%2Fv2%2Fmedia&parent=2550"}],"curies":[{"name":"wp","href":"https:\/\/api.w.org\/{rel}","templated":true}]}}