{"id":2398,"date":"2024-03-30T21:06:15","date_gmt":"2024-03-30T21:06:15","guid":{"rendered":"https:\/\/spiegelraum.com\/?page_id=2398"},"modified":"2024-10-02T11:26:34","modified_gmt":"2024-10-02T11:26:34","slug":"stimmen","status":"publish","type":"page","link":"https:\/\/spiegelraum.com\/?page_id=2398","title":{"rendered":"Stimmen"},"content":{"rendered":"\n<p class=\"has-text-align-center has-background has-medium-font-size\" style=\"background-color:#ffa72b24\">\ud83d\udca1&nbsp;<strong>E<\/strong>inen ganz lieben Dank an die Verfasser dieser Zeilen! Vielen Dank, da\u00df Ihr euch die Zeit genommen habt, eure Erfahrungen mit mir und meiner Arbeit aufzuschreiben und einverstanden seid, diese hier zu teilen.<\/p>\n\n\n\n<div style=\"height:20px\" aria-hidden=\"true\" class=\"wp-block-spacer\"><\/div>\n\n\n\n<p class=\"has-medium-font-size\"><strong>Sabrina<\/strong>&nbsp;aus Buxtehude:<\/p>\n\n\n\n<p class=\"has-background\" style=\"background-color:#ffa72b24\">\u201eLieber Johannes,<br>ich danke Dir von Herzen f\u00fcr Dein Sein, Dein Wesen &amp; Deine liebevolle Begleitung. Du warst genau zum richtigen Zeitpunkt einfach da! Deine ruhige &amp; einf\u00fchlsame Art haben mir in unserer Zusammenarbeit sehr viel Halt &amp; Sicherheit gegeben. Dein Wissen hat mich sehr bereichert &amp; neue Perspektiven ge\u00f6ffnet. Alles zusammen hat in mir zu tiefen Erkenntnissen, liebevoller Heilung &amp; den Weg f\u00fcr Neues gef\u00fchrt. So warst Du ein wertvoller Begleiter f\u00fcr mich bei der Umsetzung meiner Selbst\u00e4ndigkeit:&nbsp;<a href=\"https:\/\/www.raum-anima.de\/\">coaching RAUM ANiMA<\/a>. Ein herzliches Dankesch\u00f6n!\u201c<\/p>\n\n\n\n<div style=\"height:20px\" aria-hidden=\"true\" class=\"wp-block-spacer\"><\/div>\n\n\n\n<p class=\"has-medium-font-size\"><strong>Peter<\/strong>&nbsp;aus Leipzig schreibt:<\/p>\n\n\n\n<p class=\"has-background\" style=\"background-color:#ffa72b24\">\u201eIch habe jahrelang unter Nerven- und Muskelschmerzen in den Beinen gelitten. Laut \u00c4rzten gab es zwar keine richtige Diagnose, doch immer wieder wurde ich von den Schmerzen heimgesucht und oft musste ich dabei auf Schmerzmittel zur\u00fcckgreifen. Nachdem man mir erneut einen Arztbesuch bei einem Orthop\u00e4den ans Herz legte, entschied ich mich f\u00fcr einen Behandlungstermin bei Johannes. Zuvor hatte ich kaum Hoffnung geschweige denn die Erwartung, dass dies etwas bewirken k\u00f6nne. Bereits w\u00e4hrend seiner Heilbehandlung sp\u00fcrte ich starkes Kribbeln und W\u00e4rme. Zwei Tage nach der Behandlung das gro\u00dfe Wunder: Die Schmerzen waren v\u00f6llig verschwunden. Unser Termin liegt nun bereits einige Wochen zur\u00fcck. Die Schmerzen sind immer noch weg. Aus diesem Grunde schreibe ich die Rezension. Ich selbst habe bei Heilungsarbeit oft Zweifel gehabt \u2013 besonders wenn es um k\u00f6rperliche Schmerzen geht. An meinem eigenen K\u00f6rper durfte ich nun erleben, was alles m\u00f6glich ist. Hiermit m\u00f6chte ich eine gro\u00dfe Empfehlung f\u00fcr Johannes\u2018 erstklassige Arbeit aussprechen!\u201c<\/p>\n\n\n\n<div style=\"height:20px\" aria-hidden=\"true\" class=\"wp-block-spacer\"><\/div>\n\n\n\n<p class=\"has-medium-font-size\"><strong>Laura<\/strong>&nbsp;aus Markkleeberg schreibt:<\/p>\n\n\n\n<p class=\"has-background\" style=\"background-color:#ffa72b24\">\u201eMeine bisherigen Erfahrungen in Partnerschaften haben mein Leben sehr stark gepr\u00e4gt. Zwar war es mir m\u00f6glich, die sich wiederholenden Muster zu sehen, doch ist es mir \u00fcber Jahre nicht gelungen, wirkliche Heilung und Ver\u00e4nderung zu erfahren. So habe ich in diesem Bereich immer wieder aufs Neue die selben schmerzhaften Erfahrungen gemacht, immer wieder denselben Typus Mann angezogen und darunter sehr gelitten. Jahrelange Therapie, Hypnosen und R\u00fcckf\u00fchrungen haben mich unterst\u00fctzt \u2013 doch wahrhaftige Befreiung und Erl\u00f6sung habe ich erst in den Sitzungen mit Johannes erfahren. Ich durfte mit seiner Hilfe das heilen, was immer wieder daf\u00fcr gesorgt hat, dass ich \u201edie falschen M\u00e4nner\u201c angezogen habe. Seine Arbeit ist gro\u00dfartig und dazu ist Johannes ein einfach lieber Mensch. Ich habe mich sehr gesehen gef\u00fchlt. Er war stets feinf\u00fchlig und gleichzeitig erhebend, ehrlich sowie achtsam. Danke Johannes, dass ich dank deiner Heilungstechniken nun anders auf meine Vergangenheit schauen und nun ganz neue Erfahrungen mit M\u00e4nnern machen darf.\u201c<\/p>\n\n\n\n<div style=\"height:20px\" aria-hidden=\"true\" class=\"wp-block-spacer\"><\/div>\n\n\n\n<p class=\"has-medium-font-size\"><strong>Joana<\/strong> aus Leipzig schreibt:<\/p>\n\n\n\n<p class=\"has-background\" style=\"background-color:#ffa72b24\">&#8222;Ich bin in meinem Leben schon mit vielen verschiedenen Heilern, Heilpraktikern und Coaches in Kontakt gewesen und habe viele Techniken &amp; Methoden ausprobiert und auch selbst erlernt. Doch noch nie zuvor ist innerhalb kurzer Zeit soviel Ver\u00e4nderung und wirklich tiefgreifende Heilung geschehen. Johannes hat es immer wieder geschafft, in meinem inneren Chaos die Ursache des Leidens zu erkennen. Mal f\u00fcr Mal hat er den Nagel auf dem Kopf getroffen und das f\u00fcr mich noch nicht Greifbare greifbar gemacht. Selbstsicher, intuitiv und unglaublich professionell hat er mich durch viele Prozesse gef\u00fchrt. Nach jeder Session habe ich sofort die Ver\u00e4nderung und Neuausrichtung in meinem System gef\u00fchlt und dadurch wurde mir im Au\u00dfen direkt etwas anderes gespiegelt. So folgten nach jeder Heilungsarbeit direkt Erfolgserlebnisse im Au\u00dfen, die mich tief verbl\u00fcfften und die ich nicht mehr l\u00e4nger als blo\u00dfe \u201eZuf\u00e4lle\u201c betiteln konnte. Ich bin zutiefst beeindruckt, was sich dadurch auch in meiner Selbstst\u00e4ndigkeit bewegt hat.<br>Nicht nur dass mit seiner Hilfe viel Heilung und Ver\u00e4nderung passiert ist und sich immer mehr Frieden in mir eingestellt hat \u2013 ich habe durch ihn universelle Regeln tiefgreifend verstehen gelernt und kann mir nun immer mehr selbst helfen und mein Leben in die gew\u00fcnschte Richtung leiten. Johannes ist auf seinem Gebiet eine absolute Koryph\u00e4e. Ich kann ihn von ganzem Herzen weiterempfehlen f\u00fcr alle, die sich eine tiefgehende Ver\u00e4nderung w\u00fcnschen. Absolute Herzensempfehlung f\u00fcr die Menschen, die \u2013 wie ich damals \u2013 schon sehr vieles probiert haben und leider immer noch in ihrer \u201einneren H\u00f6lle\u201c stehen.\u201c<\/p>\n\n\n\n<p class=\"has-background has-medium-font-size\" style=\"background-color:#ffa72b24\">\ud83d\udca1&nbsp;<strong>E<\/strong>inige Namen sind, auf Wunsch der Klienten, aus Datenschutzgr\u00fcnden abge\u00e4ndert.<\/p>\n","protected":false},"excerpt":{"rendered":"<p>\ud83d\udca1&nbsp;Einen ganz lieben Dank an die Verfasser dieser Zeilen! Vielen Dank, da\u00df Ihr euch die Zeit genommen habt, eure Erfahrungen mit mir und meiner Arbeit aufzuschreiben und einverstanden seid, diese hier zu teilen. Sabrina&nbsp;aus Buxtehude: \u201eLieber Johannes,ich danke Dir von Herzen f\u00fcr Dein Sein, Dein Wesen &amp; Deine liebevolle Begleitung. Du warst genau zum richtigen [&hellip;]<\/p>\n","protected":false},"author":1,"featured_media":3082,"parent":0,"menu_order":0,"comment_status":"closed","ping_status":"closed","template":"template-full-width.php","meta":{"footnotes":""},"class_list":["post-2398","page","type-page","status-publish","has-post-thumbnail","hentry"],"_links":{"self":[{"href":"https:\/\/spiegelraum.com\/index.php?rest_route=\/wp\/v2\/pages\/2398","targetHints":{"allow":["GET"]}}],"collection":[{"href":"https:\/\/spiegelraum.com\/index.php?rest_route=\/wp\/v2\/pages"}],"about":[{"href":"https:\/\/spiegelraum.com\/index.php?rest_route=\/wp\/v2\/types\/page"}],"author":[{"embeddable":true,"href":"https:\/\/spiegelraum.com\/index.php?rest_route=\/wp\/v2\/users\/1"}],"replies":[{"embeddable":true,"href":"https:\/\/spiegelraum.com\/index.php?rest_route=%2Fwp%2Fv2%2Fcomments&post=2398"}],"version-history":[{"count":11,"href":"https:\/\/spiegelraum.com\/index.php?rest_route=\/wp\/v2\/pages\/2398\/revisions"}],"predecessor-version":[{"id":3499,"href":"https:\/\/spiegelraum.com\/index.php?rest_route=\/wp\/v2\/pages\/2398\/revisions\/3499"}],"wp:featuredmedia":[{"embeddable":true,"href":"https:\/\/spiegelraum.com\/index.php?rest_route=\/wp\/v2\/media\/3082"}],"wp:attachment":[{"href":"https:\/\/spiegelraum.com\/index.php?rest_route=%2Fwp%2Fv2%2Fmedia&parent=2398"}],"curies":[{"name":"wp","href":"https:\/\/api.w.org\/{rel}","templated":true}]}}