{"id":2375,"date":"2022-09-30T09:02:05","date_gmt":"2022-09-30T09:02:05","guid":{"rendered":"https:\/\/spiegelraum.com\/?p=2375"},"modified":"2024-09-20T06:56:27","modified_gmt":"2024-09-20T06:56:27","slug":"was-uns-bewegt-%c2%b7-folge-no-10-%c2%b7-der-retter-aus-der-angst","status":"publish","type":"page","link":"https:\/\/spiegelraum.com\/?page_id=2375","title":{"rendered":"Was uns bewegt \u00b7 Folge no.10 \u00b7 Der Retter aus der Angst"},"content":{"rendered":"\n<p class=\"has-text-align-center has-medium-font-size\"><strong><strong>Der Retter aus der Angst<\/strong><\/strong><br><strong><strong>I<\/strong><\/strong>nterview-Reihe <strong><strong>&#8222;was uns bewegt&#8220; \u00b7<\/strong><\/strong> Folge 10<\/p>\n\n\n\n<div style=\"height:25px\" aria-hidden=\"true\" class=\"wp-block-spacer\"><\/div>\n\n\n\n<p class=\"has-medium-font-size\"><strong>V<\/strong>ielen Dank f\u00fcr Dein Interesse an dieser Episode. \ud83d\ude42 Wenn Du unsere Arbeit unterst\u00fctzen m\u00f6chtest, w\u00fcrden wir uns \u00fcber eine\u00a0<a href=\"https:\/\/spiegelraum.com\/?page_id=2533\">Spende<\/a>\u00a0sehr freuen.<\/p>\n\n\n\n<p class=\"has-medium-font-size\"><strong>I<\/strong>n diesem Gespr\u00e4ch geht es unter anderem um folgende Schwerpunkte:<\/p>\n\n\n\n<div class=\"wp-block-columns is-layout-flex wp-container-core-columns-is-layout-9d6595d7 wp-block-columns-is-layout-flex\">\n<div class=\"wp-block-column is-layout-flow wp-block-column-is-layout-flow\">\n<p class=\"has-background\" style=\"background-color:#ffa72b24\"><strong><strong>Warum wir Angst haben?:<\/strong><\/strong><br>Weil ein Teil in uns wei\u00df, da\u00df er uns (noch) nicht helfen und uns liebevoll halten kann, macht er sich berechtigt Sorgen.<br>Dann bekommen wir Angst, etwas zu verlieren, was uns sehr sehr wichtig ist.<\/p>\n\n\n\n<p class=\"has-background\" style=\"background-color:#ffa72b24\"><strong>Umgang mit Existenz-\u00c4ngsten:<\/strong><br>Ein Beispiel aus einer \u00abK\u00f6rperreise\u00bb in Anja&#8217;s Gruppe und wie sich die Angst dank der Vers\u00f6hnung mit dem \u00abWorst Case\u00bb (schlimmster Fall) aufgel\u00f6st hat.<\/p>\n\n\n\n<p class=\"has-background\" style=\"background-color:#ffa72b24\"><strong>Angenehme Opfer-Rolle?:<\/strong><br>Wenn wir uns selbst (noch) nicht geben k\u00f6nnen, erhalten wir dann den Rest von au\u00dfen? Und wir brauchen dann oft nicht selbst zu entscheiden?<\/p>\n<\/div>\n\n\n\n<div class=\"wp-block-column is-layout-flow wp-block-column-is-layout-flow\">\n<p class=\"has-background\" style=\"background-color:#ffa72b24\"><strong>Wie das Leiden beendet wird:<\/strong><br>Denken wir nur an uns oder nur an andere? &#8211; Wenn wir uns um uns selbst UND auch um die anderen gut k\u00fcmmern, ist das Leiden beendet.<br>Die Liebe schlie\u00dft alle(s) ein &#8211; wer liebt denkt an das Ganze UND an sich selbst.<\/p>\n\n\n\n<p class=\"has-background\" style=\"background-color:#ffa72b24\"><strong>Sein eigener Retter sein:<\/strong><br>Der Retter wird nicht in der Not geboren, sondern vorher. Was wichtig und hilfreich ist, um uns im Extremfall halten zu k\u00f6nnen.<\/p>\n\n\n\n<p class=\"has-background\" style=\"background-color:#ffa72b24\"><strong>Einfache \u00dcbung f\u00fcr alle:&nbsp;<\/strong><br>Eine ganze einfache \u00dcbung, wie echter Wandel passieren kann, wenn es um \u00c4ngste oder andere Themen geht, die uns gerade besch\u00e4ftigen. Hier erleben wir die sanftm\u00fctige Kraft der bedingungslosen Liebe.<\/p>\n\n\n\n<p class=\"has-background\" style=\"background-color:#ffa72b24\"><strong>Wie echter Wandel passiert:<\/strong><br>Zum Schluss sprechen wir \u00fcber eines der wohl wichtigsten Versprechen an uns selbst und wie dadurch auf m\u00fchelose Weise echter Wandel passiert.<\/p>\n<\/div>\n<\/div>\n\n\n\n<p class=\"has-medium-font-size\"><strong>U<\/strong>nd nun viel Freude mit dem <strong>kompletten Video<\/strong>:<\/p>\n\n\n\n<figure class=\"wp-block-video\"><video controls poster=\"http:\/\/spiegelraum.com\/wp-content\/uploads\/VIDEOREIHE-.-Was-uns-bewegt-.-No-10-.-Der-Retter-aus-der-Angst-.-720p.png\" preload=\"none\" src=\"https:\/\/spiegelraum.com\/WUB\/Videoreihe . Was uns bewegt . Folge 10 . 1080p.mp4\"><\/video><\/figure>\n\n\n\n<div style=\"height:25px\" aria-hidden=\"true\" class=\"wp-block-spacer\"><\/div>\n\n\n\n<p><strong>\ud83d\udca1<\/strong> auch als <strong>Audioversion<\/strong>:<\/p>\n\n\n\n<figure class=\"wp-block-audio\"><audio controls src=\"https:\/\/spiegelraum.com\/wp-content\/uploads\/Videoreihe-.-Was-uns-bewegt-.-Folge-10-.-1080p.ogg\" preload=\"none\"><\/audio><\/figure>\n\n\n\n<div style=\"height:20px\" aria-hidden=\"true\" class=\"wp-block-spacer\"><\/div>\n\n\n\n<hr class=\"wp-block-separator has-alpha-channel-opacity is-style-dots\"\/>\n\n\n\n<p class=\"has-text-align-right\"><strong>\u00b7\u00b7\u00b7&gt;<\/strong>&nbsp;<a href=\"https:\/\/spiegelraum.com\/interview-reihe-was-uns-bewegt\" data-type=\"page\" data-id=\"535\">zur \u00dcbersicht<\/a><\/p>\n\n\n\n<p class=\"has-background has-medium-font-size\" style=\"background-color:#ffa72b24\">\ud83d\udca1 Wenn Dir unsere Arbeit gef\u00e4llt und Du uns unterst\u00fctzen m\u00f6chtest, gelangst Du hier zur Seite mit den <a href=\"https:\/\/spiegelraum.com\/?page_id=2533\" data-type=\"page\" data-id=\"2533\" rel=\"nofollow\">Spendeninformationen<\/a>.<\/p>\n","protected":false},"excerpt":{"rendered":"<p>Der Retter aus der AngstInterview-Reihe &#8222;was uns bewegt&#8220; \u00b7 Folge 10 Vielen Dank f\u00fcr Dein Interesse an dieser Episode. \ud83d\ude42 Wenn Du unsere Arbeit unterst\u00fctzen m\u00f6chtest, w\u00fcrden wir uns \u00fcber eine\u00a0Spende\u00a0sehr freuen. In diesem Gespr\u00e4ch geht es unter anderem um folgende Schwerpunkte: Warum wir Angst haben?:Weil ein Teil in uns wei\u00df, da\u00df er uns (noch) [&hellip;]<\/p>\n","protected":false},"author":1,"featured_media":0,"parent":0,"menu_order":0,"comment_status":"open","ping_status":"open","template":"template-full-width.php","meta":{"footnotes":""},"class_list":["post-2375","page","type-page","status-publish","hentry"],"_links":{"self":[{"href":"https:\/\/spiegelraum.com\/index.php?rest_route=\/wp\/v2\/pages\/2375","targetHints":{"allow":["GET"]}}],"collection":[{"href":"https:\/\/spiegelraum.com\/index.php?rest_route=\/wp\/v2\/pages"}],"about":[{"href":"https:\/\/spiegelraum.com\/index.php?rest_route=\/wp\/v2\/types\/page"}],"author":[{"embeddable":true,"href":"https:\/\/spiegelraum.com\/index.php?rest_route=\/wp\/v2\/users\/1"}],"replies":[{"embeddable":true,"href":"https:\/\/spiegelraum.com\/index.php?rest_route=%2Fwp%2Fv2%2Fcomments&post=2375"}],"version-history":[{"count":27,"href":"https:\/\/spiegelraum.com\/index.php?rest_route=\/wp\/v2\/pages\/2375\/revisions"}],"predecessor-version":[{"id":3493,"href":"https:\/\/spiegelraum.com\/index.php?rest_route=\/wp\/v2\/pages\/2375\/revisions\/3493"}],"wp:attachment":[{"href":"https:\/\/spiegelraum.com\/index.php?rest_route=%2Fwp%2Fv2%2Fmedia&parent=2375"}],"curies":[{"name":"wp","href":"https:\/\/api.w.org\/{rel}","templated":true}]}}