{"id":2323,"date":"2022-05-29T05:38:30","date_gmt":"2022-05-29T05:38:30","guid":{"rendered":"https:\/\/spiegelraum.com\/?p=2323"},"modified":"2024-09-20T06:55:58","modified_gmt":"2024-09-20T06:55:58","slug":"was-uns-bewegt-%c2%b7-folge-no-09-%c2%b7-liebe-jenseits-der-projektionen","status":"publish","type":"page","link":"https:\/\/spiegelraum.com\/?page_id=2323","title":{"rendered":"Was uns bewegt \u00b7 Folge no.09 \u00b7 Liebe jenseits der Projektionen"},"content":{"rendered":"\n<p class=\"has-text-align-center has-medium-font-size\"><strong>Liebe jenseits der Projektionen<\/strong><br><strong>I<\/strong>nterview-Reihe <strong>&#8222;was uns bewegt&#8220; \u00b7 <\/strong>Folge 9<\/p>\n\n\n\n<div style=\"height:25px\" aria-hidden=\"true\" class=\"wp-block-spacer\"><\/div>\n\n\n\n<p class=\"has-medium-font-size\"><strong>V<\/strong>ielen Dank f\u00fcr Dein Interesse an dieser Episode. \ud83d\ude42 Wenn Du unsere Arbeit unterst\u00fctzen m\u00f6chtest, w\u00fcrden wir uns \u00fcber eine\u00a0<a href=\"https:\/\/spiegelraum.com\/?page_id=2533\">Spende<\/a>\u00a0sehr freuen.<\/p>\n\n\n\n<p class=\"has-medium-font-size\"><strong>I<\/strong>n diesem Gespr\u00e4ch geht es unter anderem um folgende Schwerpunkte:<\/p>\n\n\n\n<div class=\"wp-block-columns is-layout-flex wp-container-core-columns-is-layout-9d6595d7 wp-block-columns-is-layout-flex\">\n<div class=\"wp-block-column is-layout-flow wp-block-column-is-layout-flow\">\n<p class=\"has-background\" style=\"background-color:#ffa72b24\"><strong>Emotionale Verbundenheit<\/strong>: <br>Wie sich unser Umfeld ganz nat\u00fcrlich ver\u00e4ndert, wenn wir uns projektionsfrei einbringen.<\/p>\n\n\n\n<p class=\"has-background\" style=\"background-color:#ffa72b24\"><strong>Der &#8222;B\u00f6se&#8220; ist nicht der B\u00f6se<\/strong>:<br>Durch welche Brille schaue ich? Das erkennen der objektiven Wahrheit der Welt.<\/p>\n\n\n\n<p class=\"has-background\" style=\"background-color:#ffa72b24\"><strong>Verst\u00e4ndnis<\/strong> mit dem noch nicht aushaltbaren Gef\u00fchl.<\/p>\n\n\n\n<p class=\"has-background\" style=\"background-color:#ffa72b24\"><strong>Der Wechsel von der Projektion zur objektiven Selbstwahrnehmung<\/strong>:<br>Die Empathief\u00e4higkeiten \u00fcben und <br>Trigger-Themen heilen.<\/p>\n\n\n\n<p class=\"has-background\" style=\"background-color:#ffa72b24\"><strong>Mitgef\u00fchl verwandelt alles: <\/strong><br>Was Anja f\u00fcr das eigene Leben Heilsames erkannt hat, nachdem sie andere Menschen als unzuverl\u00e4ssig und verkopft empfunden hat. Und wie sich dadurch die Wahrnehmung dieser Menschen v\u00f6llig ver\u00e4ndert hat.<\/p>\n<\/div>\n\n\n\n<div class=\"wp-block-column is-layout-flow wp-block-column-is-layout-flow\">\n<p class=\"has-background\" style=\"background-color:#ffa72b24\"><strong>Das Leben selbst ist der Pr\u00fcfstein<\/strong>:<br>Stimmt unsere Selbstwahrnehmung, aufgrund von Projektionen oder Selbst\u00fcber- oder -untersch\u00e4tzung, nicht mit der Wahrheit \u00fcberein, st\u00fcrzt dieses Selbstbild fr\u00fcher oder sp\u00e4ter dennoch heilsam zusammen.<\/p>\n\n\n\n<p class=\"has-background\" style=\"background-color:#ffa72b24\"><strong>Umgang mit Verletzlichkeit<\/strong>:<br>Wie uns das Verstecken unserer Verletzlichkeit unnahbar werden l\u00e4\u00dft und wie wir uns durch das liebevolle Zulassen der Verletzlichkeit wieder mit offenem Herzen und neugierig auf echte Begegnungen einlassen k\u00f6nnen.<\/p>\n\n\n\n<p class=\"has-background\" style=\"background-color:#ffa72b24\"><strong>Authentizit\u00e4t in Liebesbeziehungen erm\u00f6glicht Intimit\u00e4t<\/strong>:<br>Oft zeigen wir uns genau vor dem Menschen, den wir am meisten lieben, nicht ganz authentisch. Wie wir diese Authentizit\u00e4t in Liebesbeziehungen leben k\u00f6nnten.<\/p>\n\n\n\n<p class=\"has-background\" style=\"background-color:#ffa72b24\"><strong>Offenheit mit mir selbst<\/strong>:<br>Eine Beziehung beenden oder nicht?<br>Wohin f\u00fchrt mein Weg und ist er mit dem Partner Hand in Hand gehbar?<\/p>\n<\/div>\n<\/div>\n\n\n\n<p class=\"has-medium-font-size\"><strong>U<\/strong>nd nun viel Freude mit dem <strong>kompletten Video<\/strong>:<\/p>\n\n\n\n<figure class=\"wp-block-video\"><video controls poster=\"http:\/\/spiegelraum.com\/wp-content\/uploads\/VIDEOREIHE-.-Was-uns-bewegt-.-No-09-.-Liebe-jenseits-der-Projektionen-.-720p.png\" preload=\"none\" src=\"https:\/\/spiegelraum.com\/WUB\/Videoreihe . Was uns bewegt . Folge 09 . 1080p.mp4\"><\/video><\/figure>\n\n\n\n<div style=\"height:25px\" aria-hidden=\"true\" class=\"wp-block-spacer\"><\/div>\n\n\n\n<p>\ud83d\udca1 auch als <strong>Audioversion<\/strong>:<\/p>\n\n\n\n<figure class=\"wp-block-audio\"><audio controls src=\"https:\/\/spiegelraum.com\/wp-content\/uploads\/Videoreihe-.-Was-uns-bewegt-.-Folge-09-.-nur-Audio.ogg\" preload=\"none\"><\/audio><\/figure>\n\n\n\n<div style=\"height:20px\" aria-hidden=\"true\" class=\"wp-block-spacer\"><\/div>\n\n\n\n<hr class=\"wp-block-separator has-alpha-channel-opacity is-style-dots\"\/>\n\n\n\n<p class=\"has-text-align-right\"><strong>\u00b7\u00b7\u00b7&gt;<\/strong>&nbsp;<a href=\"https:\/\/spiegelraum.com\/interview-reihe-was-uns-bewegt\" data-type=\"page\" data-id=\"535\">zur \u00dcbersicht<\/a><\/p>\n\n\n\n<p class=\"has-background has-medium-font-size\" style=\"background-color:#ffa72b24\">\ud83d\udca1 Wenn Dir unsere Arbeit gef\u00e4llt und Du uns unterst\u00fctzen m\u00f6chtest, gelangst Du hier zur Seite mit den <a href=\"https:\/\/spiegelraum.com\/?page_id=2533\" data-type=\"page\" data-id=\"2533\" rel=\"nofollow\">Spendeninformationen<\/a>.<\/p>\n","protected":false},"excerpt":{"rendered":"<p>Liebe jenseits der ProjektionenInterview-Reihe &#8222;was uns bewegt&#8220; \u00b7 Folge 9 Vielen Dank f\u00fcr Dein Interesse an dieser Episode. \ud83d\ude42 Wenn Du unsere Arbeit unterst\u00fctzen m\u00f6chtest, w\u00fcrden wir uns \u00fcber eine\u00a0Spende\u00a0sehr freuen. In diesem Gespr\u00e4ch geht es unter anderem um folgende Schwerpunkte: Emotionale Verbundenheit: Wie sich unser Umfeld ganz nat\u00fcrlich ver\u00e4ndert, wenn wir uns projektionsfrei einbringen. [&hellip;]<\/p>\n","protected":false},"author":1,"featured_media":0,"parent":0,"menu_order":0,"comment_status":"open","ping_status":"open","template":"template-full-width.php","meta":{"footnotes":""},"class_list":["post-2323","page","type-page","status-publish","hentry"],"_links":{"self":[{"href":"https:\/\/spiegelraum.com\/index.php?rest_route=\/wp\/v2\/pages\/2323","targetHints":{"allow":["GET"]}}],"collection":[{"href":"https:\/\/spiegelraum.com\/index.php?rest_route=\/wp\/v2\/pages"}],"about":[{"href":"https:\/\/spiegelraum.com\/index.php?rest_route=\/wp\/v2\/types\/page"}],"author":[{"embeddable":true,"href":"https:\/\/spiegelraum.com\/index.php?rest_route=\/wp\/v2\/users\/1"}],"replies":[{"embeddable":true,"href":"https:\/\/spiegelraum.com\/index.php?rest_route=%2Fwp%2Fv2%2Fcomments&post=2323"}],"version-history":[{"count":48,"href":"https:\/\/spiegelraum.com\/index.php?rest_route=\/wp\/v2\/pages\/2323\/revisions"}],"predecessor-version":[{"id":3492,"href":"https:\/\/spiegelraum.com\/index.php?rest_route=\/wp\/v2\/pages\/2323\/revisions\/3492"}],"wp:attachment":[{"href":"https:\/\/spiegelraum.com\/index.php?rest_route=%2Fwp%2Fv2%2Fmedia&parent=2323"}],"curies":[{"name":"wp","href":"https:\/\/api.w.org\/{rel}","templated":true}]}}