{"id":2295,"date":"2022-05-13T11:10:33","date_gmt":"2022-05-13T11:10:33","guid":{"rendered":"https:\/\/spiegelraum.com\/?p=2295"},"modified":"2024-09-20T06:55:29","modified_gmt":"2024-09-20T06:55:29","slug":"was-uns-bewegt-%c2%b7-folge-no-08-%c2%b7-intimitaet-%c2%b7-sich-genussvoll-entfalten","status":"publish","type":"page","link":"https:\/\/spiegelraum.com\/?page_id=2295","title":{"rendered":"Was uns bewegt \u00b7 Folge no.08 \u00b7 Intimit\u00e4t \u00b7 Sich genu\u00dfvoll entfalten"},"content":{"rendered":"\n<p class=\"has-text-align-center has-medium-font-size\"><strong>Intimit\u00e4t \u00b7 Sich genu\u00dfvoll entfalten<\/strong><br><strong><strong>I<\/strong><\/strong>nterview-Reihe <strong><strong>&#8222;was uns bewegt&#8220; \u00b7<\/strong><\/strong> Folge 8<\/p>\n\n\n\n<div style=\"height:25px\" aria-hidden=\"true\" class=\"wp-block-spacer\"><\/div>\n\n\n\n<p class=\"has-medium-font-size\"><strong>V<\/strong>ielen Dank f\u00fcr Dein Interesse an dieser Episode. \ud83d\ude42 Wenn Du unsere Arbeit unterst\u00fctzen m\u00f6chtest, w\u00fcrden wir uns \u00fcber eine\u00a0<a href=\"https:\/\/spiegelraum.com\/?page_id=2533\">Spende<\/a>\u00a0sehr freuen.<\/p>\n\n\n\n<p class=\"has-medium-font-size\"><strong>I<\/strong>n diesem Gespr\u00e4ch geht es unter anderem um folgende Schwerpunkte:<\/p>\n\n\n\n<div class=\"wp-block-columns is-layout-flex wp-container-core-columns-is-layout-9d6595d7 wp-block-columns-is-layout-flex\">\n<div class=\"wp-block-column is-layout-flow wp-block-column-is-layout-flow\">\n<p class=\"has-background\" style=\"background-color:#ffa72b24\"><strong>Mangel in jungen Jahren:&nbsp;<\/strong><br>Wenn die Mutter \/ der Vater nicht wirklich da waren: Beispiele aus dem Leben von Anja und mir und wie sich das auf die Liebesbeziehungen ausgewirkt hat.<\/p>\n\n\n\n<p class=\"has-background\" style=\"background-color:#ffa72b24\"><strong>\u00dcber sich selbst hinauswachsen:<\/strong>&nbsp;<br>Wie wir uns selbst eine gute Mutter\/ein guter Vater sein k\u00f6nnen.<\/p>\n\n\n\n<p class=\"has-background\" style=\"background-color:#ffa72b24\"><strong>Die Stille stillt den Hunger<\/strong>:<br>Was passiert, wenn wir die oft anstrengenden Aktionen, mit denen wir unseren emotionalen Hunger stillen wollen, einmal weglassen?<\/p>\n\n\n\n<p class=\"has-background\" style=\"background-color:#ffa72b24\"><strong>M\u00e4nner wollen immer nur Sex? \u2013 Frauen wollen immer nur reden?<\/strong>:<br>Ist das wirklich wahr und was wollen wir wirklich? \u2013 Wie uns Ber\u00fchrung dazu verhelfen kann, wieder eine echte Herzensverbindung und somit echte Intimit\u00e4t zu erleben.<\/p>\n<\/div>\n\n\n\n<div class=\"wp-block-column is-layout-flow wp-block-column-is-layout-flow\">\n<p class=\"has-background\" style=\"background-color:#ffa72b24\"><strong>Auf der Erde willkommen sein<\/strong>:<br>Aktion und Regeneration im Wechselspiel &#8211; Was es f\u00fcr unsere M\u00e4nnlichkeit bedeutet in unserer Weiblichkeit zu baden.<\/p>\n\n\n\n<p class=\"has-background\" style=\"background-color:#ffa72b24\"><strong>Die Stille ist ein Tor zu den Gef\u00fchlen<\/strong>:<br>Intimit\u00e4t mit uns selbst als Voraussetzung &amp; wie wir uns aus der Erwartungshaltung an unser Umfeld befreien k\u00f6nnen und das Sich-Gesehen-F\u00fchlen in uns selbst erleben k\u00f6nnen.<\/p>\n\n\n\n<p class=\"has-background\" style=\"background-color:#ffa72b24\"><strong>Wie Innen, so Au\u00dfen<\/strong>:<br>Erst durch innere Verschmelzung sind wir f\u00e4hig, echte Intimit\u00e4t mit einem Gegen\u00fcber zu erleben.<\/p>\n\n\n\n<p class=\"has-background\" style=\"background-color:#ffa72b24\"><strong>Wenn wir uns selbst genie\u00dfen k\u00f6nnen<\/strong>: <br>Je gr\u00f6sser unsere Genu\u00dff\u00e4higkeit, desto mehr k\u00f6nnen wir auch andere genie\u00dfen.<\/p>\n\n\n\n<p class=\"has-background\" style=\"background-color:#ffa72b24\"><strong>Geborgenheit im Lernfeld<\/strong>:<br>Es gibt keine echte Weiterentwicklung ohne eine gesunde Intimsph\u00e4re.<\/p>\n<\/div>\n<\/div>\n\n\n\n<p class=\"has-medium-font-size\"><strong>U<\/strong>nd nun viel Freude mit dem <strong>kompletten Video<\/strong>:<\/p>\n\n\n\n<figure class=\"wp-block-video\"><video controls poster=\"http:\/\/spiegelraum.com\/wp-content\/uploads\/VIDEOREIHE-.-Was-uns-bewegt-.-No-08-.-Intimitaet-.-Sich-genussvoll-entfalten-.-720p.png\" preload=\"none\" src=\"https:\/\/spiegelraum.com\/WUB\/Videoreihe . Was uns bewegt . Folge 08 . 1080p.mp4\"><\/video><\/figure>\n\n\n\n<div style=\"height:25px\" aria-hidden=\"true\" class=\"wp-block-spacer\"><\/div>\n\n\n\n<p>\ud83d\udca1 auch als <strong>Audioversion<\/strong>:<\/p>\n\n\n\n<figure class=\"wp-block-audio\"><audio controls src=\"http:\/\/spiegelraum.com\/wp-content\/uploads\/Videoreihe-.-Was-uns-bewegt-.-Folge-08-.-nur-Audio.ogg\"><\/audio><\/figure>\n\n\n\n<div style=\"height:20px\" aria-hidden=\"true\" class=\"wp-block-spacer\"><\/div>\n\n\n\n<hr class=\"wp-block-separator has-alpha-channel-opacity is-style-dots\"\/>\n\n\n\n<p class=\"has-text-align-right\"><strong>\u00b7\u00b7\u00b7&gt;<\/strong>&nbsp;<a href=\"https:\/\/spiegelraum.com\/interview-reihe-was-uns-bewegt\" data-type=\"page\" data-id=\"535\">zur \u00dcbersicht<\/a><\/p>\n\n\n\n<p class=\"has-background has-medium-font-size\" style=\"background-color:#ffa72b24\">\ud83d\udca1 Wenn Dir unsere Arbeit gef\u00e4llt und Du uns unterst\u00fctzen m\u00f6chtest, gelangst Du hier zur Seite mit den <a href=\"https:\/\/spiegelraum.com\/?page_id=2533\" data-type=\"page\" data-id=\"2533\" rel=\"nofollow\">Spendeninformationen<\/a>.<\/p>\n","protected":false},"excerpt":{"rendered":"<p>Intimit\u00e4t \u00b7 Sich genu\u00dfvoll entfaltenInterview-Reihe &#8222;was uns bewegt&#8220; \u00b7 Folge 8 Vielen Dank f\u00fcr Dein Interesse an dieser Episode. \ud83d\ude42 Wenn Du unsere Arbeit unterst\u00fctzen m\u00f6chtest, w\u00fcrden wir uns \u00fcber eine\u00a0Spende\u00a0sehr freuen. In diesem Gespr\u00e4ch geht es unter anderem um folgende Schwerpunkte: Mangel in jungen Jahren:&nbsp;Wenn die Mutter \/ der Vater nicht wirklich da waren: [&hellip;]<\/p>\n","protected":false},"author":1,"featured_media":205,"parent":0,"menu_order":0,"comment_status":"open","ping_status":"open","template":"template-full-width.php","meta":{"footnotes":""},"class_list":["post-2295","page","type-page","status-publish","has-post-thumbnail","hentry"],"_links":{"self":[{"href":"https:\/\/spiegelraum.com\/index.php?rest_route=\/wp\/v2\/pages\/2295","targetHints":{"allow":["GET"]}}],"collection":[{"href":"https:\/\/spiegelraum.com\/index.php?rest_route=\/wp\/v2\/pages"}],"about":[{"href":"https:\/\/spiegelraum.com\/index.php?rest_route=\/wp\/v2\/types\/page"}],"author":[{"embeddable":true,"href":"https:\/\/spiegelraum.com\/index.php?rest_route=\/wp\/v2\/users\/1"}],"replies":[{"embeddable":true,"href":"https:\/\/spiegelraum.com\/index.php?rest_route=%2Fwp%2Fv2%2Fcomments&post=2295"}],"version-history":[{"count":21,"href":"https:\/\/spiegelraum.com\/index.php?rest_route=\/wp\/v2\/pages\/2295\/revisions"}],"predecessor-version":[{"id":3491,"href":"https:\/\/spiegelraum.com\/index.php?rest_route=\/wp\/v2\/pages\/2295\/revisions\/3491"}],"wp:featuredmedia":[{"embeddable":true,"href":"https:\/\/spiegelraum.com\/index.php?rest_route=\/wp\/v2\/media\/205"}],"wp:attachment":[{"href":"https:\/\/spiegelraum.com\/index.php?rest_route=%2Fwp%2Fv2%2Fmedia&parent=2295"}],"curies":[{"name":"wp","href":"https:\/\/api.w.org\/{rel}","templated":true}]}}