{"id":2247,"date":"2022-04-21T17:20:07","date_gmt":"2022-04-21T17:20:07","guid":{"rendered":"https:\/\/spiegelraum.com\/?p=2247"},"modified":"2024-09-20T06:54:57","modified_gmt":"2024-09-20T06:54:57","slug":"was-uns-bewegt-%c2%b7-folge-no-07-%c2%b7-geld-%c2%b7-den-wahren-hunger-stillen","status":"publish","type":"page","link":"https:\/\/spiegelraum.com\/?page_id=2247","title":{"rendered":"Was uns bewegt \u00b7 Folge no.07 \u00b7 Geld \u00b7 Den wahren Hunger stillen"},"content":{"rendered":"\n<p class=\"has-text-align-center has-medium-font-size\"><strong>Geld \u00b7 Den wahren Hunger stillen<\/strong><br><strong><strong>I<\/strong><\/strong>nterview-Reihe <strong><strong>&#8222;was uns bewegt&#8220; \u00b7<\/strong><\/strong> Folge 7<\/p>\n\n\n\n<div style=\"height:25px\" aria-hidden=\"true\" class=\"wp-block-spacer\"><\/div>\n\n\n\n<p class=\"has-medium-font-size\"><strong>V<\/strong>ielen Dank f\u00fcr Dein Interesse an dieser Episode. \ud83d\ude42 Wenn Du unsere Arbeit unterst\u00fctzen m\u00f6chtest, w\u00fcrden wir uns \u00fcber eine\u00a0<a href=\"https:\/\/spiegelraum.com\/?page_id=2533\">Spende<\/a>\u00a0sehr freuen.<\/p>\n\n\n\n<p class=\"has-medium-font-size\"><strong>I<\/strong>n diesem Gespr\u00e4ch geht es unter anderem um folgende Schwerpunkte:<\/p>\n\n\n\n<div class=\"wp-block-columns is-layout-flex wp-container-core-columns-is-layout-9d6595d7 wp-block-columns-is-layout-flex\">\n<div class=\"wp-block-column is-layout-flow wp-block-column-is-layout-flow\">\n<p><strong>Austausch &#8211; frei von Vorstellungen \u00fcber Geld:&nbsp;<\/strong><br>Was sagt unser authentisches inneres Gef\u00fchl, in welcher Qualit\u00e4t und Quantit\u00e4t wir dem anderen etwas geben oder von ihm empfangen m\u00f6chten?<\/p>\n\n\n\n<p><strong>Geld, Selbstwert und das Heilen:<\/strong>&nbsp;<br>Wissen wir \u00fcberhaupt, was das wert ist, was wir den Menschen geben? Diese Frage gilt nat\u00fcrlich f\u00fcr alle Gaben, nicht nur f\u00fcr das Heilen.<\/p>\n\n\n\n<p><strong>D<\/strong>amit ein Mensch, der heilend t\u00e4tig ist, seinen Mitmenschen so pr\u00e4sent, so klar und so einf\u00fchlsam begegnen kann, brauchte es viele, viele Jahre der inneren Einkehr. In stundenlangen Meditationen hat er all die unbewusst schwelenden Schatten beleuchtet, bis die Klarheit, die Freiheit und die Liebe, die in uns allen wohnt, immer mehr freigelegt wurde.<\/p>\n\n\n\n<p><strong>Die Mutterbrust hat auch keinen M\u00fcnzeinwurf:<\/strong>&nbsp;(Das ist der neue Slogan von Johannes.&nbsp;\ud83d\ude0a)<br>Wenn wir mit der Bedingungslosigkeit geben, wie eine Mutter ihr Kind stillt, erleben wir, dass das Universum uns genauso bedingungslos n\u00e4hrt. Und was passiert, wenn wir mehr darauf achten, dass es f\u00fcr alle aufgeht, anstatt nur unsere pers\u00f6nlichen Ziele im Blickwinkel zu haben.<\/p>\n<\/div>\n\n\n\n<div class=\"wp-block-column is-layout-flow wp-block-column-is-layout-flow\">\n<p><strong>Je heiler, desto weniger Hunger:<\/strong><br>Eine Erfahrung von Johannes und wie er gesehen hat, dass Hunger in Wahrheit ein Hunger unseres verletzten Egos ist. Je heiler wir sind, desto weniger physische Nahrung brauchen wir.<\/p>\n\n\n\n<p><strong>U<\/strong>nd wie ein Klient von Johannes in einem halben Jahr zehn Kilogramm an Gewicht verloren hat, nachdem sie an anderen Bewusstseins-Themen gearbeitet hatten, die nichts mit dem K\u00f6rpergewicht zu tun hatten.<\/p>\n\n\n\n<p><strong>\u00dcber den Umgang mit unserer Angst vor Mangel:<\/strong>&nbsp;Zwei befreiende Fragen, die uns dazu verhelfen, dass sich die Angst vor Mangel von alleine wandelt und dass wir die Sicherheit im jetzigen Moment wieder finden.<\/p>\n\n\n\n<p><strong>Die Welt hungert nach Authentizit\u00e4t:<\/strong>&nbsp;Unsere Arbeit hilft den Menschen, den eigentlichen inneren Hunger zu finden und selbst zu stillen. Auf diese Weise k\u00f6nnen wir uns wieder selbst erm\u00e4chtigen und unseren freien Willen wirklich wohltuend einsetzen.<\/p>\n<\/div>\n<\/div>\n\n\n\n<p class=\"has-medium-font-size\"><strong>U<\/strong>nd nun viel Freude mit dem <strong>kompletten Video<\/strong>:<\/p>\n\n\n\n<figure class=\"wp-block-video\"><video controls poster=\"http:\/\/spiegelraum.com\/wp-content\/uploads\/VIDEOREIHE-.-Was-uns-bewegt-.-No-07-.-Geld-.-Den-wahren-Hunger-stillen-.-720p.png\" preload=\"none\" src=\"https:\/\/spiegelraum.com\/WUB\/Videoreihe . Was uns bewegt . Folge 07 . 1080p.mp4\"><\/video><\/figure>\n\n\n\n<div style=\"height:25px\" aria-hidden=\"true\" class=\"wp-block-spacer\"><\/div>\n\n\n\n<p>\ud83d\udca1 auch als <strong>Audioversion<\/strong>:<\/p>\n\n\n\n<figure class=\"wp-block-audio\"><audio controls src=\"http:\/\/spiegelraum.com\/wp-content\/uploads\/Videoreihe-.-Was-uns-bewegt-.-Folge-07-.-nur-Audio.ogg\"><\/audio><\/figure>\n\n\n\n<div style=\"height:20px\" aria-hidden=\"true\" class=\"wp-block-spacer\"><\/div>\n\n\n\n<hr class=\"wp-block-separator has-alpha-channel-opacity is-style-dots\"\/>\n\n\n\n<p class=\"has-text-align-right\"><strong>\u00b7\u00b7\u00b7&gt;<\/strong>&nbsp;<a href=\"https:\/\/spiegelraum.com\/interview-reihe-was-uns-bewegt\" data-type=\"page\" data-id=\"535\">zur \u00dcbersicht<\/a><\/p>\n\n\n\n<p class=\"has-background has-medium-font-size\" style=\"background-color:#ffa72b24\">\ud83d\udca1 Wenn Dir unsere Arbeit gef\u00e4llt und Du uns unterst\u00fctzen m\u00f6chtest, gelangst Du hier zur Seite mit den <a href=\"https:\/\/spiegelraum.com\/?page_id=2533\" data-type=\"page\" data-id=\"2533\" rel=\"nofollow\">Spendeninformationen<\/a>.<\/p>\n","protected":false},"excerpt":{"rendered":"<p>Geld \u00b7 Den wahren Hunger stillenInterview-Reihe &#8222;was uns bewegt&#8220; \u00b7 Folge 7 Vielen Dank f\u00fcr Dein Interesse an dieser Episode. \ud83d\ude42 Wenn Du unsere Arbeit unterst\u00fctzen m\u00f6chtest, w\u00fcrden wir uns \u00fcber eine\u00a0Spende\u00a0sehr freuen. In diesem Gespr\u00e4ch geht es unter anderem um folgende Schwerpunkte: Austausch &#8211; frei von Vorstellungen \u00fcber Geld:&nbsp;Was sagt unser authentisches inneres Gef\u00fchl, [&hellip;]<\/p>\n","protected":false},"author":1,"featured_media":205,"parent":0,"menu_order":0,"comment_status":"open","ping_status":"open","template":"template-full-width.php","meta":{"footnotes":""},"class_list":["post-2247","page","type-page","status-publish","has-post-thumbnail","hentry"],"_links":{"self":[{"href":"https:\/\/spiegelraum.com\/index.php?rest_route=\/wp\/v2\/pages\/2247","targetHints":{"allow":["GET"]}}],"collection":[{"href":"https:\/\/spiegelraum.com\/index.php?rest_route=\/wp\/v2\/pages"}],"about":[{"href":"https:\/\/spiegelraum.com\/index.php?rest_route=\/wp\/v2\/types\/page"}],"author":[{"embeddable":true,"href":"https:\/\/spiegelraum.com\/index.php?rest_route=\/wp\/v2\/users\/1"}],"replies":[{"embeddable":true,"href":"https:\/\/spiegelraum.com\/index.php?rest_route=%2Fwp%2Fv2%2Fcomments&post=2247"}],"version-history":[{"count":25,"href":"https:\/\/spiegelraum.com\/index.php?rest_route=\/wp\/v2\/pages\/2247\/revisions"}],"predecessor-version":[{"id":3490,"href":"https:\/\/spiegelraum.com\/index.php?rest_route=\/wp\/v2\/pages\/2247\/revisions\/3490"}],"wp:featuredmedia":[{"embeddable":true,"href":"https:\/\/spiegelraum.com\/index.php?rest_route=\/wp\/v2\/media\/205"}],"wp:attachment":[{"href":"https:\/\/spiegelraum.com\/index.php?rest_route=%2Fwp%2Fv2%2Fmedia&parent=2247"}],"curies":[{"name":"wp","href":"https:\/\/api.w.org\/{rel}","templated":true}]}}