{"id":2207,"date":"2022-04-14T05:20:28","date_gmt":"2022-04-14T05:20:28","guid":{"rendered":"https:\/\/spiegelraum.com\/?p=2207"},"modified":"2024-09-20T06:37:59","modified_gmt":"2024-09-20T06:37:59","slug":"was-uns-heilt-%c2%b7-folge-no-01-%c2%b7-von-der-ameise-zum-koenig","status":"publish","type":"page","link":"https:\/\/spiegelraum.com\/?page_id=2207","title":{"rendered":"Was uns heilt \u00b7 Folge no.01 \u00b7 von der Ameise zum K\u00f6nig"},"content":{"rendered":"\n<p class=\"has-text-align-center has-medium-font-size\"><strong>Heilbegleitung: von der Ameise zum K\u00f6nig<\/strong><br><strong>V<\/strong>ideoreihe: <strong>&#8222;was uns heilt&#8220;<\/strong> <strong>\u00b7<\/strong> Folge 1<\/p>\n\n\n\n<div class=\"wp-block-columns is-layout-flex wp-container-core-columns-is-layout-9d6595d7 wp-block-columns-is-layout-flex\">\n<div class=\"wp-block-column is-vertically-aligned-center is-layout-flow wp-block-column-is-layout-flow\" style=\"flex-basis:33.33%\">\n<p class=\"has-medium-font-size\"><strong>E<\/strong>igentlich wollten Anja und Ich heute &#8222;nur&#8220; ein Video machen, in dem man die M\u00f6glichkeit hat, mitzuerleben, wie innere Heilung geschehen kann.<br><br><strong>U<\/strong>nd dann ist etwas ganz Besonderes entstanden. \ud83d\ude42<\/p>\n<\/div>\n\n\n\n<div class=\"wp-block-column is-layout-flow wp-block-column-is-layout-flow\" style=\"flex-basis:66.66%\">\n<div style=\"height:30px\" aria-hidden=\"true\" class=\"wp-block-spacer\"><\/div>\n\n\n\n<figure class=\"wp-block-video\"><video controls poster=\"http:\/\/spiegelraum.com\/wp-content\/uploads\/VIDEOREIHE-.-Was-uns-heilt-.-Folge-01-.-1080p.png\" preload=\"none\" src=\"https:\/\/spiegelraum.com\/WUH\/Videoreihe . Was uns heilt . Folge 01 . TRAILER.mp4\"><\/video><\/figure>\n\n\n\n<p class=\"has-text-align-center\">Na? Appetit bekommen? Das komplette Video gibt&#8217;s unten \ud83d\ude42<\/p>\n<\/div>\n<\/div>\n\n\n\n<p class=\"has-medium-font-size\"><strong>A<\/strong>nja hat sich von mir bei der L\u00f6sung eines Themas begleiten lassen. Sie konnte zum ersten Mal kennenlernen, auf welche Art und Weise ich an die L\u00f6sung von Themen herangehe, seien es meine eigenen oder die von Klienten.<\/p>\n\n\n\n<h5 class=\"wp-block-heading\">Anja beschreibt Ihr Erleben so:<\/h5>\n\n\n\n<p class=\"has-medium-font-size\">&#8222;<strong>Z<\/strong>uerst meinte ich, es gehe um die Angst vor Enge und Unfreiheit. Im Laufe der inneren Reise empfand ich es dann mehr wie eine Angst vor echter N\u00e4he.<\/p>\n\n\n\n<p class=\"has-medium-font-size\"><strong>Z<\/strong>um Schluss erlebte ich etwas f\u00fcr mich tief Ber\u00fchrendes und unglaublich Kraftvolles:<br>Es war, als ob sich mein \u00abinnerer Mann\u00bb und meine \u00abinnere Frau\u00bb zum ersten Mal ebenb\u00fcrtig gegen\u00fcberstehen w\u00fcrden. Als die beiden sich umarmten, erlebte ich ein ganz tiefes und wundersch\u00f6nes Gef\u00fchl von Verschmelzung.<\/p>\n\n\n\n<p class=\"has-medium-font-size\"><strong>U<\/strong>nd da erkannte ich, dass meine Angst, ich k\u00f6nnte mich selbst verlieren in einer nahen Beziehung, hinf\u00e4llig wurde. Ich empfand es eher umgekehrt:<br>In der Verschmelzung von dieser in sich ruhenden \u00abK\u00f6nigin\u00bb und diesem kraftvollen \u00abK\u00f6nig\u00bb konnte meine Kreativit\u00e4t und mein ganzes Wesen sogar noch viel mehr sprudeln als zuvor.<\/p>\n\n\n\n<p class=\"has-medium-font-size\"><strong>E<\/strong>s war eine Empfindung von tiefer LIEBE, die durch absolut nichts ins Wanken gebracht werden k\u00f6nnte.<\/p>\n\n\n\n<p class=\"has-medium-font-size\"><strong>I<\/strong>ch bin tief dankbar f\u00fcr diese besondere Erfahrung und Johannes hat mich ganz wunderbar begleitet dabei.&#8220;<\/p>\n\n\n\n<p class=\"has-text-align-left has-medium-font-size\"><strong>U<\/strong>nd nun w\u00fcnsche Ich allen Neugierigen und Interessierten viel Freude beim Anschauen:<\/p>\n\n\n\n<figure class=\"wp-block-video\"><video controls poster=\"http:\/\/spiegelraum.com\/wp-content\/uploads\/VIDEOREIHE-.-Was-uns-heilt-.-Folge-01-.-1080p.png\" preload=\"none\" src=\"https:\/\/spiegelraum.com\/WUH\/Videoreihe . Was uns heilt . Folge 01 . Von der Ameise zum K\u00f6nig . 1080p.mp4\"><\/video><\/figure>\n\n\n\n<div style=\"height:20px\" aria-hidden=\"true\" class=\"wp-block-spacer\"><\/div>\n\n\n\n<hr class=\"wp-block-separator has-alpha-channel-opacity is-style-dots\"\/>\n\n\n\n<p class=\"has-text-align-right\"><strong>\u00b7\u00b7\u00b7&gt;<\/strong>&nbsp;<a href=\"https:\/\/spiegelraum.com\/videoreihe-%c2%b7-was-uns-heilt\" data-type=\"page\" data-id=\"2177\">zur \u00dcbersicht<\/a><\/p>\n\n\n\n<p class=\"has-background has-medium-font-size\" style=\"background-color:#ffa72b24\">\ud83d\udca1 Wenn Dir unsere Arbeit gef\u00e4llt und Du uns unterst\u00fctzen m\u00f6chtest, gelangst Du hier zur Seite mit den <a href=\"https:\/\/spiegelraum.com\/?page_id=2533\" data-type=\"page\" data-id=\"2533\" rel=\"nofollow\">Spendeninformationen<\/a>.<\/p>\n","protected":false},"excerpt":{"rendered":"<p>Heilbegleitung: von der Ameise zum K\u00f6nigVideoreihe: &#8222;was uns heilt&#8220; \u00b7 Folge 1 Eigentlich wollten Anja und Ich heute &#8222;nur&#8220; ein Video machen, in dem man die M\u00f6glichkeit hat, mitzuerleben, wie innere Heilung geschehen kann. Und dann ist etwas ganz Besonderes entstanden. \ud83d\ude42 Na? Appetit bekommen? Das komplette Video gibt&#8217;s unten \ud83d\ude42 Anja hat sich von [&hellip;]<\/p>\n","protected":false},"author":1,"featured_media":2233,"parent":0,"menu_order":0,"comment_status":"open","ping_status":"open","template":"template-full-width.php","meta":{"footnotes":""},"class_list":["post-2207","page","type-page","status-publish","has-post-thumbnail","hentry"],"_links":{"self":[{"href":"https:\/\/spiegelraum.com\/index.php?rest_route=\/wp\/v2\/pages\/2207","targetHints":{"allow":["GET"]}}],"collection":[{"href":"https:\/\/spiegelraum.com\/index.php?rest_route=\/wp\/v2\/pages"}],"about":[{"href":"https:\/\/spiegelraum.com\/index.php?rest_route=\/wp\/v2\/types\/page"}],"author":[{"embeddable":true,"href":"https:\/\/spiegelraum.com\/index.php?rest_route=\/wp\/v2\/users\/1"}],"replies":[{"embeddable":true,"href":"https:\/\/spiegelraum.com\/index.php?rest_route=%2Fwp%2Fv2%2Fcomments&post=2207"}],"version-history":[{"count":26,"href":"https:\/\/spiegelraum.com\/index.php?rest_route=\/wp\/v2\/pages\/2207\/revisions"}],"predecessor-version":[{"id":3472,"href":"https:\/\/spiegelraum.com\/index.php?rest_route=\/wp\/v2\/pages\/2207\/revisions\/3472"}],"wp:featuredmedia":[{"embeddable":true,"href":"https:\/\/spiegelraum.com\/index.php?rest_route=\/wp\/v2\/media\/2233"}],"wp:attachment":[{"href":"https:\/\/spiegelraum.com\/index.php?rest_route=%2Fwp%2Fv2%2Fmedia&parent=2207"}],"curies":[{"name":"wp","href":"https:\/\/api.w.org\/{rel}","templated":true}]}}