{"id":2177,"date":"2022-04-12T08:33:20","date_gmt":"2022-04-12T08:33:20","guid":{"rendered":"https:\/\/spiegelraum.com\/?page_id=2177"},"modified":"2024-09-20T06:37:18","modified_gmt":"2024-09-20T06:37:18","slug":"videoreihe-%c2%b7-was-uns-heilt","status":"publish","type":"page","link":"https:\/\/spiegelraum.com\/?page_id=2177","title":{"rendered":"Videoreihe: \u201eWas uns heilt\u201c"},"content":{"rendered":"\n<p class=\"has-text-align-center has-medium-font-size\"><strong>V<\/strong>ideoreihe: <strong>&#8222;Was uns heilt&#8220;<\/strong><\/p>\n\n\n\n<div style=\"height:20px\" aria-hidden=\"true\" class=\"wp-block-spacer\"><\/div>\n\n\n\n<p class=\"has-medium-font-size\"><strong>I<\/strong>n dieser Videoreihe, zu der sich hoffentlich mit der Zeit immer mehr Videos hinzugesellen werden, geht es darum, verschiedene Menschen, ihre spirituellen Werdeg\u00e4nge, ihre Denkans\u00e4tze, ihre Arbeit, usw&#8230; vorzustellen.<\/p>\n\n\n\n<p class=\"has-text-align-center has-medium-font-size\">Viel Freunde beim Anschauen. \ud83d\ude42<\/p>\n\n\n\n<div style=\"height:20px\" aria-hidden=\"true\" class=\"wp-block-spacer\"><\/div>\n\n\n\n<div class=\"wp-block-columns is-layout-flex wp-container-core-columns-is-layout-9d6595d7 wp-block-columns-is-layout-flex\">\n<div class=\"wp-block-column is-layout-flow wp-block-column-is-layout-flow\">\n<div class=\"wp-block-columns is-layout-flex wp-container-core-columns-is-layout-9d6595d7 wp-block-columns-is-layout-flex\">\n<div class=\"wp-block-column is-layout-flow wp-block-column-is-layout-flow\">\n<figure class=\"wp-block-image size-large\"><a href=\"https:\/\/spiegelraum.com\/?page_id=2207\"><img loading=\"lazy\" decoding=\"async\" width=\"1024\" height=\"576\" src=\"https:\/\/spiegelraum.com\/wp-content\/uploads\/VIDEOREIHE-.-Was-uns-heilt-.-Folge-01-.-1080p-1024x576.png\" alt=\"\" class=\"wp-image-2967\" srcset=\"https:\/\/spiegelraum.com\/wp-content\/uploads\/VIDEOREIHE-.-Was-uns-heilt-.-Folge-01-.-1080p-1024x576.png 1024w, https:\/\/spiegelraum.com\/wp-content\/uploads\/VIDEOREIHE-.-Was-uns-heilt-.-Folge-01-.-1080p-300x169.png 300w, https:\/\/spiegelraum.com\/wp-content\/uploads\/VIDEOREIHE-.-Was-uns-heilt-.-Folge-01-.-1080p-768x432.png 768w, https:\/\/spiegelraum.com\/wp-content\/uploads\/VIDEOREIHE-.-Was-uns-heilt-.-Folge-01-.-1080p-1536x864.png 1536w, https:\/\/spiegelraum.com\/wp-content\/uploads\/VIDEOREIHE-.-Was-uns-heilt-.-Folge-01-.-1080p.png 1920w\" sizes=\"auto, (max-width: 1024px) 100vw, 1024px\" \/><\/a><\/figure>\n\n\n\n<details class=\"wp-block-details has-background is-layout-flow wp-block-details-is-layout-flow\" style=\"background-color:#ffa72b24\"><summary><strong><strong>\u00b7\u00b7\u00b7&gt;<\/strong><\/strong> mehr zur Folge <strong><strong>\u00b7\u00b7\u00b7&gt;<\/strong><\/strong> <a href=\"https:\/\/spiegelraum.com\/WUB\/Videoreihe . Was uns bewegt . Folge 02 . TRAILER . 1080p.mp4\" target=\"_blank\" rel=\"noreferrer noopener nofollow\"><\/a><a href=\"https:\/\/spiegelraum.com\/WUH\/Videoreihe . Was uns heilt . Folge 01 . TRAILER.mp4\">Trailer anschauen<\/a> <strong><strong>\u00b7\u00b7\u00b7&gt;<\/strong><\/strong> <a href=\"https:\/\/spiegelraum.com\/?page_id=2207\" data-type=\"page\" data-id=\"2207\">Folge anschauen<\/a><\/summary>\n<div style=\"height:20px\" aria-hidden=\"true\" class=\"wp-block-spacer\"><\/div>\n\n\n\n<p><strong>A<\/strong>nja hat sich von mir bei der L\u00f6sung eines Themas begleiten lassen. Sie konnte zum ersten Mal kennenlernen, auf welche Art und Weise ich an die L\u00f6sung von Themen herangehe, seien es meine eigenen oder die von Klienten.<\/p>\n<\/details>\n<\/div>\n\n\n\n<div class=\"wp-block-column is-layout-flow wp-block-column-is-layout-flow\">\n<p><\/p>\n<\/div>\n<\/div>\n<\/div>\n<\/div>\n\n\n\n<div style=\"height:20px\" aria-hidden=\"true\" class=\"wp-block-spacer\"><\/div>\n\n\n\n<hr class=\"wp-block-separator has-alpha-channel-opacity is-style-dots\"\/>\n\n\n\n<p class=\"has-text-align-right\"><strong>\u00b7\u00b7\u00b7&gt;<\/strong>&nbsp;<a href=\"https:\/\/spiegelraum.com\/?page_id=70\" data-type=\"page\" data-id=\"70\" rel=\"nofollow\">zur \u00dcbersicht<\/a><\/p>\n\n\n\n<p class=\"has-background has-medium-font-size\" style=\"background-color:#ffa72b24\">\ud83d\udca1 Wenn Dir unsere Arbeit gef\u00e4llt und Du uns unterst\u00fctzen m\u00f6chtest, gelangst Du hier zur Seite mit den <a href=\"https:\/\/spiegelraum.com\/?page_id=2533\" data-type=\"page\" data-id=\"2533\" rel=\"nofollow\">Spendeninformationen<\/a>.<\/p>\n","protected":false},"excerpt":{"rendered":"<p>Videoreihe: &#8222;Was uns heilt&#8220; In dieser Videoreihe, zu der sich hoffentlich mit der Zeit immer mehr Videos hinzugesellen werden, geht es darum, verschiedene Menschen, ihre spirituellen Werdeg\u00e4nge, ihre Denkans\u00e4tze, ihre Arbeit, usw&#8230; vorzustellen. Viel Freunde beim Anschauen. \ud83d\ude42 \u00b7\u00b7\u00b7&gt;&nbsp;zur \u00dcbersicht \ud83d\udca1 Wenn Dir unsere Arbeit gef\u00e4llt und Du uns unterst\u00fctzen m\u00f6chtest, gelangst Du hier zur [&hellip;]<\/p>\n","protected":false},"author":1,"featured_media":2233,"parent":0,"menu_order":0,"comment_status":"closed","ping_status":"closed","template":"template-full-width.php","meta":{"footnotes":""},"class_list":["post-2177","page","type-page","status-publish","has-post-thumbnail","hentry"],"_links":{"self":[{"href":"https:\/\/spiegelraum.com\/index.php?rest_route=\/wp\/v2\/pages\/2177","targetHints":{"allow":["GET"]}}],"collection":[{"href":"https:\/\/spiegelraum.com\/index.php?rest_route=\/wp\/v2\/pages"}],"about":[{"href":"https:\/\/spiegelraum.com\/index.php?rest_route=\/wp\/v2\/types\/page"}],"author":[{"embeddable":true,"href":"https:\/\/spiegelraum.com\/index.php?rest_route=\/wp\/v2\/users\/1"}],"replies":[{"embeddable":true,"href":"https:\/\/spiegelraum.com\/index.php?rest_route=%2Fwp%2Fv2%2Fcomments&post=2177"}],"version-history":[{"count":42,"href":"https:\/\/spiegelraum.com\/index.php?rest_route=\/wp\/v2\/pages\/2177\/revisions"}],"predecessor-version":[{"id":3471,"href":"https:\/\/spiegelraum.com\/index.php?rest_route=\/wp\/v2\/pages\/2177\/revisions\/3471"}],"wp:featuredmedia":[{"embeddable":true,"href":"https:\/\/spiegelraum.com\/index.php?rest_route=\/wp\/v2\/media\/2233"}],"wp:attachment":[{"href":"https:\/\/spiegelraum.com\/index.php?rest_route=%2Fwp%2Fv2%2Fmedia&parent=2177"}],"curies":[{"name":"wp","href":"https:\/\/api.w.org\/{rel}","templated":true}]}}