{"id":1986,"date":"2022-03-25T20:13:09","date_gmt":"2022-03-25T20:13:09","guid":{"rendered":"https:\/\/spiegelraum.com\/?p=1986"},"modified":"2024-09-20T06:43:55","modified_gmt":"2024-09-20T06:43:55","slug":"blog-machtmissbrauch-%c2%b7-ueber-das-sabotieren-der-eigenen-kraft","status":"publish","type":"page","link":"https:\/\/spiegelraum.com\/?page_id=1986","title":{"rendered":"Blog: &#8222;Machtmi\u00dfbrauch \u00b7 \u00dcber das Sabotieren der eigenen Kraft&#8220;"},"content":{"rendered":"\n<p class=\"has-text-align-center has-medium-font-size\"><strong>B<\/strong>log: &#8222;<strong>Machtmi\u00dfbrauch <\/strong>\u00b7<strong> \u00dcber das Sabotieren der eigenen Kraft<\/strong>&#8222;<\/p>\n\n\n\n<p class=\"has-text-align-center\"><strong>ein Text von Johannes Alexander<\/strong><\/p>\n\n\n\n<div style=\"height:30px\" aria-hidden=\"true\" class=\"wp-block-spacer\"><\/div>\n\n\n\n<div class=\"wp-block-columns is-layout-flex wp-container-core-columns-is-layout-9d6595d7 wp-block-columns-is-layout-flex\">\n<div class=\"wp-block-column is-layout-flow wp-block-column-is-layout-flow\" style=\"flex-basis:40%\"><div class=\"wp-block-image is-resized\">\n<figure class=\"alignleft size-large\"><img loading=\"lazy\" decoding=\"async\" width=\"1024\" height=\"1024\" src=\"http:\/\/spiegelraum.com\/wp-content\/uploads\/rod-long-cWU9Vy-L3Co-unsplash-Ausschnitt-1024x1024.jpg\" alt=\"\" class=\"wp-image-2054\" style=\"width:321px;height:auto\" srcset=\"https:\/\/spiegelraum.com\/wp-content\/uploads\/rod-long-cWU9Vy-L3Co-unsplash-Ausschnitt-1024x1024.jpg 1024w, https:\/\/spiegelraum.com\/wp-content\/uploads\/rod-long-cWU9Vy-L3Co-unsplash-Ausschnitt-300x300.jpg 300w, https:\/\/spiegelraum.com\/wp-content\/uploads\/rod-long-cWU9Vy-L3Co-unsplash-Ausschnitt-150x150.jpg 150w, https:\/\/spiegelraum.com\/wp-content\/uploads\/rod-long-cWU9Vy-L3Co-unsplash-Ausschnitt-768x768.jpg 768w, https:\/\/spiegelraum.com\/wp-content\/uploads\/rod-long-cWU9Vy-L3Co-unsplash-Ausschnitt.jpg 1080w\" sizes=\"auto, (max-width: 1024px) 100vw, 1024px\" \/><\/figure>\n<\/div><\/div>\n\n\n\n<div class=\"wp-block-column is-layout-flow wp-block-column-is-layout-flow\" style=\"flex-basis:60%\">\n<p><strong>I<\/strong>m Spiegelspiel der Welt, ist mir gestern eine Begegnung mit einem Menschen geschenkt worden, der mir ein sehr weit verbreitetes Thema aufgezeigt hat. Und ich bin sehr, sehr dankbar daf\u00fcr, denn dieses Thema schwelt auch in mir schon seit Jahren vor sich hin.<br>Es scheint mir die Zeit f\u00fcr gekommen, Z\u00fcgel wieder zu lockern und einen ganz besonderen Teil in mir zu rehabilitieren und mich vor Ihm in Dankbarkeit zu verneigen&#8230;<\/p>\n\n\n\n<hr class=\"wp-block-separator has-css-opacity is-style-dots\"\/>\n\n\n\n<p><strong>W<\/strong>as tun, wenn wir uns so f\u00fchlen, als h\u00e4tten andere Macht \u00fcber unser Leben, \u00fcber unsere Entscheidungen oder \u00fcber unsere Gef\u00fchle? Begehren wir auf? F\u00fcgen wir uns in ein vermeintliches Schicksal? Rufen wir laut \u201eNein!\u201c oder um Hilfe?<\/p>\n<\/div>\n<\/div>\n\n\n\n<p><strong>M<\/strong>ir ist bewu\u00dft geworden, da\u00df es einen ganz anderen Weg gibt, um die Situation f\u00fcr mich zu entscheiden. Oder viel richtiger, um die Situation ins rechte Licht zu r\u00fccken. Und, wie k\u00f6nnte es auch anders sein, ist dieser Weg wieder denkbar einfach und kurz, wie alle anderen Wege auch, die direkt zur\u00fcck in die Einheit mit einem Selbst f\u00fchren.<\/p>\n\n\n\n<p><strong>W<\/strong>as ist, wenn alles in der Welt nur ein Spiegel meines <strong>eigenen<\/strong> Sch\u00f6pfertums ist? Dann ist doch auch jede Art der Gewalt oder scheinbaren Autorit\u00e4t, die mich trifft und zu unterwerfen versucht, wenn ich im Opfer-Modus lebe, ein Ausdruck meines <strong>eigenen<\/strong> Glaubens oder meiner <strong>eigenen<\/strong> Bef\u00fcrchtungen.<\/p>\n\n\n\n<div class=\"wp-block-columns are-vertically-aligned-top is-layout-flex wp-container-core-columns-is-layout-9d6595d7 wp-block-columns-is-layout-flex\">\n<div class=\"wp-block-column is-vertically-aligned-top is-layout-flow wp-block-column-is-layout-flow\">\n<p><strong>U<\/strong>nd was ist, wenn ich genau hinschaue? Spiegeln mir die Mitmenschen mit der Waffe in der Hand oder im Munde nicht nur meine <strong>eigene<\/strong> Gewaltbereitschaft? Unter was f\u00fcr Bedingungen sind wir bereit gewaltt\u00e4tig zu werden? Wenn wir glauben, da\u00df wir uns sch\u00fctzen m\u00fcssen? Wenn wir glauben, da\u00df wir Recht haben? Wenn wir glauben, da\u00df wir reifer sind und deshalb herrschen sollten?<\/p>\n\n\n\n<p><strong>I<\/strong>n jeder Form der von Gewalt gepr\u00e4gten Begegnung kommen zwei Seiten ein und derselben M\u00fcnze ans Tageslicht. Im Kino sehen wir meistens den <strong>Yang-Modus<\/strong>, also das T\u00e4terszenario, dieses Themas: Ein \u201eB\u00f6ser\u201c oder ein \u201eHeld\u201c, der bis an die Z\u00e4hne bewaffnet ist, l\u00e4uft Amok. Der \u201eB\u00f6se\u201c stirbt am Ende und alle werden als erleichtert dargestellt, weil er weg ist, der \u201eHeld\u201c aber \u00fcberlebt und wird gefeiert.<\/p>\n<\/div>\n\n\n\n<div class=\"wp-block-column is-vertically-aligned-top is-layout-flow wp-block-column-is-layout-flow\"><div class=\"wp-block-image is-resized\">\n<figure class=\"aligncenter size-full\"><img loading=\"lazy\" decoding=\"async\" width=\"720\" height=\"720\" src=\"https:\/\/spiegelraum.com\/wp-content\/uploads\/mulyadi-wYzjL5BwiEI-unsplash_720p.jpg.png\" alt=\"\" class=\"wp-image-3148\" style=\"width:360px;height:auto\" srcset=\"https:\/\/spiegelraum.com\/wp-content\/uploads\/mulyadi-wYzjL5BwiEI-unsplash_720p.jpg.png 720w, https:\/\/spiegelraum.com\/wp-content\/uploads\/mulyadi-wYzjL5BwiEI-unsplash_720p.jpg-300x300.png 300w, https:\/\/spiegelraum.com\/wp-content\/uploads\/mulyadi-wYzjL5BwiEI-unsplash_720p.jpg-150x150.png 150w\" sizes=\"auto, (max-width: 720px) 100vw, 720px\" \/><\/figure>\n<\/div><\/div>\n<\/div>\n\n\n\n<p><strong>Mit wem assoziieren wir uns im Kino?<\/strong><\/p>\n\n\n\n<div class=\"wp-block-columns are-vertically-aligned-top is-layout-flex wp-container-core-columns-is-layout-9d6595d7 wp-block-columns-is-layout-flex\">\n<div class=\"wp-block-column is-vertically-aligned-top is-layout-flow wp-block-column-is-layout-flow\" style=\"flex-basis:33.33%\"><div class=\"wp-block-image\">\n<figure class=\"alignleft size-full is-resized\"><img loading=\"lazy\" decoding=\"async\" width=\"308\" height=\"720\" src=\"https:\/\/spiegelraum.com\/wp-content\/uploads\/jean-philippe-delberghe-9XAnXWHu9_4-unsplash-snippet.jpg\" alt=\"\" class=\"wp-image-2112\" style=\"aspect-ratio:0.42790697674418604;width:256px;height:auto\" srcset=\"https:\/\/spiegelraum.com\/wp-content\/uploads\/jean-philippe-delberghe-9XAnXWHu9_4-unsplash-snippet.jpg 308w, https:\/\/spiegelraum.com\/wp-content\/uploads\/jean-philippe-delberghe-9XAnXWHu9_4-unsplash-snippet-128x300.jpg 128w\" sizes=\"auto, (max-width: 308px) 100vw, 308px\" \/><\/figure>\n<\/div><\/div>\n\n\n\n<div class=\"wp-block-column is-vertically-aligned-top is-layout-flow wp-block-column-is-layout-flow\" style=\"flex-basis:66.66%\">\n<p>Mit dem \u201eB\u00f6sen\u201c, der den Tod verdient zu haben scheint, weil man uns in der Vorgeschichte aufgez\u00e4hlt hat, was er alles falsch macht bzw. falsch gemacht hat? Weil er eine scheinbar zweifelhafte Moral vertritt, die hart mit dem eigenen scheinbar guten Werteverst\u00e4ndnis kollidiert?<\/p>\n\n\n\n<p>Oder mit dem Held, weil er so edelm\u00fctig scheint und immer die ganze Welt rettet, zumindest aber das unbeschmutzte Burgfr\u00e4ulein, was er als Preis, ja als Lohn f\u00fcr seine M\u00fchen, mit nach Hause nehmen darf?<\/p>\n\n\n\n<div style=\"height:30px\" aria-hidden=\"true\" class=\"wp-block-spacer\"><\/div>\n\n\n\n<p><strong>S<\/strong><strong>ind sie <\/strong><strong>nicht <\/strong><strong>beide \u201egut\u201c?<\/strong><\/p>\n\n\n\n<p><strong>I<\/strong>ch f\u00fcr meinen Teil sehe, da\u00df es keine schlechte Eigenschaft ist, eine Meinung konsequent zu vertreten, die man f\u00fcr wahr h\u00e4lt.<br>Das Problem kommt erst, wenn man eine Meinung f\u00fcr wahr h\u00e4lt, die aber, aus universeller Perspektive betrachtet, eben nicht wahr oder zumindest nicht ganzheitlich ist. Denn dann gibt man seine Energie einem Ungleichgewicht hin und baut es dadurch, wenn vielleicht auch unbewu\u00dft, weiter aus.<\/p>\n\n\n\n<p><strong>F<\/strong>\u00fcr die \u201eedelm\u00fctigen Helden\u201c unter uns erscheint das dann im Au\u00dfen so, als vertrete so jemand die falschen Werte. Und hat er genug Angst, da\u00df diese Dysbalance Ihn selbst und das, wof\u00fcr er steht, negativ beeinflussen k\u00f6nnte, geht er eben sein Schwert holen und bereitet sich auf einen Krieg gegen \u201edas B\u00f6se\u201c vor. Und auch hier m\u00fc\u00dfte ich sagen, da\u00df es eine gute Eigenschaft ist, sich mit wachsenden Ungleichgewichten auseinandersetzen zu wollen.<\/p>\n<\/div>\n<\/div>\n\n\n\n<p><strong>Oder sind alle beide \u201eb\u00f6se\u201c?<\/strong><\/p>\n\n\n\n<p><strong>I<\/strong>ch finde, die beiden sind genau gleich \u201egut\u201c oder \u201eb\u00f6se\u201c, denn sie stellen <strong>beide<\/strong> keinen wahren Frieden her. Beide wollen mit Gewalt, in den anderen \u201eeingreifen\u201c aus <strong>Angst, <\/strong>der Wille des Gegen\u00fcbers k\u00f6nnte sich durchsetzen. <strong>Beide<\/strong> teilen die gleiche Angst, denn mal ehrlich: Wer will schon gern und unfreiwillig get\u00f6tet werden &#8211; gewaltvoll, brutal, friedlos, lieblos? Also ich nicht. Ich will eigentlich <strong>\u00fcberhaupt nicht<\/strong> get\u00f6tet werden.<\/p>\n\n\n\n<p><strong>W<\/strong>as beide nicht gemacht haben, ist, Ihre eigenen Ziele und Meinungen wirklich auf Herz und Nieren zu pr\u00fcfen und dadurch ihren Glauben in Wissen zu wandeln, sowie die Bereitschaft zu erlangen, alles Un- oder nur Halbwahre der ganzheitlichen Meinung des eigenen Herzens unterzuordnen. Der eine arbeitet nur f\u00fcr die eigenen Ziele und achtet nicht auf das gesamte Gleichgewicht, w\u00e4hrend der andere glaubt, da\u00df Gewalt zum Einen edelm\u00fctig w\u00e4re, wenn man sie nur f\u00fcr \u201edie richtige\u201c Sache einsetzt, zum Anderen aber, da\u00df Gleichgewicht mit Gewalt herzustellen sei.<\/p>\n\n\n\n<div style=\"height:20px\" aria-hidden=\"true\" class=\"wp-block-spacer\"><\/div>\n\n\n\n<p class=\"has-text-align-center has-medium-font-size\"><strong>Wahre Gewaltfreiheit ist aber ein Nebenprodukt der Bewu\u00dftmachung der universellen Wahrheit.<\/strong><\/p>\n\n\n\n<div style=\"height:14px\" aria-hidden=\"true\" class=\"wp-block-spacer\"><\/div>\n\n\n\n<p><strong>Den T\u00e4ter in uns selbst sehen<\/strong>:<\/p>\n\n\n\n<div class=\"wp-block-columns is-layout-flex wp-container-core-columns-is-layout-9d6595d7 wp-block-columns-is-layout-flex\">\n<div class=\"wp-block-column is-layout-flow wp-block-column-is-layout-flow\" style=\"flex-basis:75%\">\n<p class=\"has-text-align-left\"><strong>W<\/strong>ir leben in einer Gesellschaft, in der das Opfer verh\u00e4tschelt und der T\u00e4ter eingesperrt wird. Wer will da gern der Schuldige sein? Getr\u00f6stet auf jemandes Scho\u00df zu liegen ist ja auch viel n\u00e4hrender, als alleine in einer Zelle zu sitzen.<\/p>\n\n\n\n<p><strong>N<\/strong>iemand m\u00f6chte bestraft werden, aber dennoch ist es so, da\u00df wir alle T\u00e4ter sind, wenn es um die Kreation unserer <strong>eigenen<\/strong> Lebensumst\u00e4nde geht. Und wir sind unvermeidlich auch diejenigen, die die Konsequenzen unseres Handelns oder Nicht-Handelns ertragen werden, ob wir dies nun wollen oder nicht.<\/p>\n\n\n\n<p><strong>L<\/strong>a\u00dft uns, um den emotionalen Zugang zu unserem \u201einneren T\u00e4ter\u201c zu erleichtern, auch einmal den negativ angehauchten Beigeschmack des Wortes \u201eT\u00e4ter\u201c etwas abmildern:<br>Ein T\u00e4ter ist lediglich jemand, der etwas tut. Das kann gut sein oder auch nicht, gemessen daran, was man eben vorhat und wie weise man handelt.<\/p>\n<\/div>\n\n\n\n<div class=\"wp-block-column is-layout-flow wp-block-column-is-layout-flow\" style=\"flex-basis:25%\"><div class=\"wp-block-image is-resized\">\n<figure class=\"alignleft size-full\"><img loading=\"lazy\" decoding=\"async\" width=\"480\" height=\"720\" src=\"https:\/\/spiegelraum.com\/wp-content\/uploads\/joshua-hoehne-0x2foLiN5sM-unsplash.jpg\" alt=\"\" class=\"wp-image-2088\" style=\"width:203px;height:auto\" srcset=\"https:\/\/spiegelraum.com\/wp-content\/uploads\/joshua-hoehne-0x2foLiN5sM-unsplash.jpg 480w, https:\/\/spiegelraum.com\/wp-content\/uploads\/joshua-hoehne-0x2foLiN5sM-unsplash-200x300.jpg 200w\" sizes=\"auto, (max-width: 480px) 100vw, 480px\" \/><\/figure>\n<\/div><\/div>\n<\/div>\n\n\n\n<p><strong>Die scheinbare Unterwerfung<\/strong>:<\/p>\n\n\n\n<p><strong>M<\/strong>ir ist aufgefallen, da\u00df sehr viele Menschen sehr vorsichtig sind, wenn es um das Anerkennen und das Freilassen, des \u201eT\u00e4ters\u201c geht. Das betrifft, meiner Ansicht nach, genau jene Menschen, die sich, bewu\u00dft oder unbewu\u00dft, an eigene Erfahrungen erinnern k\u00f6nnen, in denen sie Ihre Macht verantwortungslos einsetzten, dies erkannten und sich nun reglementieren, um so etwas nicht noch einmal geschehen zu lassen. Sie unterdr\u00fccken einen Teil in sich, anstatt diesen zu heilen. Leider verbaut man sich dadurch den Weg, ma\u00dfvoll zu agieren und es bleibt nur eine M\u00f6glichkeit offen: Das \u201eSich passiv in alles F\u00fcgen\u201c. Sie werden zu Opfern, bis sie eine weise Balance zwischen aktivem Handeln und passivem Geschehenlassen gefunden haben.<\/p>\n\n\n\n<div style=\"height:20px\" aria-hidden=\"true\" class=\"wp-block-spacer\"><\/div>\n\n\n\n<div class=\"wp-block-columns is-layout-flex wp-container-core-columns-is-layout-9d6595d7 wp-block-columns-is-layout-flex\">\n<div class=\"wp-block-column is-layout-flow wp-block-column-is-layout-flow\">\n<figure class=\"wp-block-image size-large is-resized\"><img loading=\"lazy\" decoding=\"async\" width=\"1024\" height=\"711\" src=\"https:\/\/spiegelraum.com\/wp-content\/uploads\/nowshad-arefin-EvdYEGDu_CQ-unsplash_720p-1-1024x711.png\" alt=\"\" class=\"wp-image-3182\" style=\"width:279px;height:auto\" srcset=\"https:\/\/spiegelraum.com\/wp-content\/uploads\/nowshad-arefin-EvdYEGDu_CQ-unsplash_720p-1-1024x711.png 1024w, https:\/\/spiegelraum.com\/wp-content\/uploads\/nowshad-arefin-EvdYEGDu_CQ-unsplash_720p-1-300x208.png 300w, https:\/\/spiegelraum.com\/wp-content\/uploads\/nowshad-arefin-EvdYEGDu_CQ-unsplash_720p-1-768x533.png 768w, https:\/\/spiegelraum.com\/wp-content\/uploads\/nowshad-arefin-EvdYEGDu_CQ-unsplash_720p-1.png 1037w\" sizes=\"auto, (max-width: 1024px) 100vw, 1024px\" \/><\/figure>\n<\/div>\n\n\n\n<div class=\"wp-block-column is-vertically-aligned-top is-layout-flow wp-block-column-is-layout-flow\" style=\"flex-basis:65%\">\n<p class=\"has-text-align-left\"><strong>A<\/strong>ls Spiegelpartner im Au\u00dfen kommen dann scheinbare Autorit\u00e4ten auf uns zu, die \u00fcber unseren Willen hinwegzugehen scheinen. Sie erinnern uns an unseren eigenen damaligen Machtmissbrauch und aber vor allem an unsere <strong>eigene Selbstunterdr\u00fcckung<\/strong>, die wir in uns tragen, weil wir nicht wollen, da\u00df wir wieder Schaden anrichten. Wir haben selbst den T\u00e4ter ins Gef\u00e4ngnis geworfen und ihm jedwede Handlungsf\u00e4higkeit entzogen und nun k\u00f6nnen wir, weil wir ihm ja auch noch nicht gelernt haben, wie man mit Macht heilvoll umgeht, auch nicht von seiner St\u00e4rke profitieren, die er im geheilten Zustand h\u00e4tte: <\/p>\n<\/div>\n<\/div>\n\n\n\n<div style=\"height:20px\" aria-hidden=\"true\" class=\"wp-block-spacer\"><\/div>\n\n\n\n<p class=\"has-text-align-center has-medium-font-size\"><strong>N\u00e4mlich zu den \u00e4u\u00dferlichen Unterwerfungsversuchen auf eine Art und Weise \u201eNein\u201c zu sagen, die kein zus\u00e4tzliches Leid verursacht.<\/strong><\/p>\n\n\n\n<div style=\"height:20px\" aria-hidden=\"true\" class=\"wp-block-spacer\"><\/div>\n\n\n\n<p><strong>Selbstvergebung<\/strong>:<\/p>\n\n\n\n<p><strong>W<\/strong>enn wir den T\u00e4ter in uns nicht l\u00e4nger verurteilen, sondern seiner Geschichte zuh\u00f6ren, dann bemerken wir, wenn wir achtsam sind, an welchem Punkt er die Verbindung zur Herzensliebe verloren hat.<\/p>\n\n\n\n<p><strong>U<\/strong>nd w\u00e4hrend mir, beim Schreiben dieser Zeilen selbst vor lauter R\u00fchrung die Tr\u00e4nen die Wangen herunterkullern, weil ich gerade sp\u00fcre, wie ich mich selbst wieder, nach langer Zeit endlich, freispreche, macht sich eine neue Erleichterung und Dankbarkeit breit. <\/p>\n\n\n\n<p><strong>A<\/strong>uch ich war schon liebloser T\u00e4ter und Opfer aus und mit Angst vor \u00fcbergriffiger Gewalt. Aber es ist nun nicht mehr n\u00f6tig, einen Kn\u00fcppel schnitzen zu gehen, um das vermeintliche \u201eB\u00f6se\u201c zu jagen und unter dem Jubel einer angsterf\u00fcllten Masse heldenhaft ein Drachen zu t\u00f6ten und mich feiern zu lassen, nur um dann zu entdecken, da\u00df meine Angst nach wie vor im Untergrund schwelt. Ich h\u00f6re viel lieber anteilnahmsvoll den <strong>Ursachen meines lieblosen Handelns<\/strong> zu und hinterfrage die <strong>Aufrichtigkeit in meiner Opferbereitschaft<\/strong>, \u00fcbernehme Verantwortung f\u00fcr meine Vergangenheit, meinen damaligen Mangel an Weisheit und dem, daraus folgenden, unangemessenen Verhalten.<\/p>\n\n\n\n<p class=\"has-text-align-center has-medium-font-size\"><strong>Ich stelle mich vor einen Spiegel und sage: \u201eEs tut mir leid. Ich lasse Dich wieder frei.\u201c<\/strong><\/p>\n\n\n\n<figure class=\"wp-block-image size-large\"><img loading=\"lazy\" decoding=\"async\" width=\"1024\" height=\"681\" src=\"https:\/\/spiegelraum.com\/wp-content\/uploads\/devon-daniel-L6-xNdKHev0-unsplash-1024x681.jpg\" alt=\"\" class=\"wp-image-2111\" srcset=\"https:\/\/spiegelraum.com\/wp-content\/uploads\/devon-daniel-L6-xNdKHev0-unsplash-1024x681.jpg 1024w, https:\/\/spiegelraum.com\/wp-content\/uploads\/devon-daniel-L6-xNdKHev0-unsplash-300x199.jpg 300w, https:\/\/spiegelraum.com\/wp-content\/uploads\/devon-daniel-L6-xNdKHev0-unsplash-768x511.jpg 768w, https:\/\/spiegelraum.com\/wp-content\/uploads\/devon-daniel-L6-xNdKHev0-unsplash.jpg 1080w\" sizes=\"auto, (max-width: 1024px) 100vw, 1024px\" \/><\/figure>\n\n\n\n<div style=\"height:20px\" aria-hidden=\"true\" class=\"wp-block-spacer\"><\/div>\n\n\n\n<p><strong>T\u00e4ter und Opfer sind in Wahrheit eins<\/strong>:<\/p>\n\n\n\n<p><strong>I<\/strong>n dem Ma\u00df, wie wir das Opfer in uns gedeihen lassen, wird uns auch der T\u00e4ter im Au\u00dfen begegnen. Die Welt, in der wir leben, verlangt nach liebevollem Ausgleich und das liebevollste, wenngleich mitunter schwer verdaulichste, was man einem Mensch in Opferrolle schenken kann, ist eine M\u00f6glichkeit, ihn an die weggesperrten Teile zu erinnern, die sich in seinen inneren Kerkern nach W\u00e4rme und Vergebung sehnen.<\/p>\n\n\n\n<p><strong>W<\/strong>enn wir zu der Weisheit gelangt sind, da\u00df wir uns selbst zum Opfer gemacht haben, als wir unsere inneren T\u00e4ter bestraften, wir uns aber genau seitdem unbesch\u00fctzt und haltlos f\u00fchlten, dann wird auch offensichtlich, da\u00df wir, uns als Opfer w\u00e4hnend, genau in diesem angsterf\u00fcllten Affekt auch zum T\u00e4ter wurden, als wir Dinge getan haben, die sich eigentlich gegen uns selbst richteten.<\/p>\n\n\n\n<p><strong>A<\/strong>lle Gef\u00fchle der Schutzlosigkeit oder des \u201eSich nicht Gehalten f\u00fchlens\u201c l\u00f6sen sich in dem Moment auf, in dem wir innehalten und genau hinsp\u00fcren, anstatt uns selbst zu richten. Der Weg wird wieder frei f\u00fcr Weiterentwicklung.<\/p>\n\n\n\n<p><strong>Wie innen, so au\u00dfen<\/strong>:<\/p>\n\n\n\n<p><strong>U<\/strong>nd weil wir in diesem Moment aufh\u00f6ren, uns selbst Schaden zuzuf\u00fcgen, wird, nach den Regeln des Universums, auch in der \u00e4u\u00dferen Welt keiner mehr an unsere T\u00fcre klopfen und uns Grausamkeiten spiegeln. Wir haben dann wieder Zeit und Raum unsere inneren Geschichten zu h\u00f6ren, Verst\u00e4ndnis und Mitgef\u00fchl zu \u00fcben und uns dadurch zu wandeln, bis alles, was wir empfangen und weitergeben, von ganzheitlicher Liebe getr\u00e4nkt ist. Auf diese Weise fallen wir in jene liebevolle Ordnung zur\u00fcck, die schon immer da war und leben in Frieden und Freude. Und Mittags gibt es Eierkuchen. \ud83d\ude42<\/p>\n\n\n\n<div style=\"height:20px\" aria-hidden=\"true\" class=\"wp-block-spacer\"><\/div>\n\n\n\n<hr class=\"wp-block-separator has-css-opacity is-style-dots\"\/>\n\n\n\n<p class=\"has-text-align-right\"><strong>\u00b7\u00b7\u00b7&gt;<\/strong>&nbsp;<a href=\"https:\/\/spiegelraum.com\/?page_id=421\" data-type=\"page\" data-id=\"421\" rel=\"nofollow\">zur \u00dcbersicht<\/a><\/p>\n\n\n\n<p class=\"has-background has-medium-font-size\" style=\"background-color:#ffa72b24\">\ud83d\udca1 Wenn Dir der Beitrag gefallen hat und Du unsere Arbeit unterst\u00fctzen m\u00f6chtest, gelangst Du hier zur Seite mit den <a href=\"https:\/\/spiegelraum.com\/?page_id=2533\" data-type=\"page\" data-id=\"2533\" rel=\"nofollow\">Spendeninformationen<\/a>.<\/p>\n","protected":false},"excerpt":{"rendered":"<p>Im Spiegelspiel der Welt, ist mir gestern eine Begegnung mit einem Menschen geschenkt worden, der mir ein sehr weit verbreitetes Thema aufgezeigt hat. Und ich bin sehr, sehr dankbar daf\u00fcr, denn dieses Thema schwelt auch in mir schon seit Jahren vor sich hin.<br \/>\nEs scheint mir die Zeit f\u00fcr gekommen, Z\u00fcgel wieder zu lockern und einen ganz besonderen Teil in mir zu rehabilitieren und mich vor Ihm in Dankbarkeit zu verneigen&#8230;<\/p>\n","protected":false},"author":1,"featured_media":3226,"parent":421,"menu_order":0,"comment_status":"open","ping_status":"closed","template":"template-full-width.php","meta":{"footnotes":""},"class_list":["post-1986","page","type-page","status-publish","has-post-thumbnail","hentry"],"_links":{"self":[{"href":"https:\/\/spiegelraum.com\/index.php?rest_route=\/wp\/v2\/pages\/1986","targetHints":{"allow":["GET"]}}],"collection":[{"href":"https:\/\/spiegelraum.com\/index.php?rest_route=\/wp\/v2\/pages"}],"about":[{"href":"https:\/\/spiegelraum.com\/index.php?rest_route=\/wp\/v2\/types\/page"}],"author":[{"embeddable":true,"href":"https:\/\/spiegelraum.com\/index.php?rest_route=\/wp\/v2\/users\/1"}],"replies":[{"embeddable":true,"href":"https:\/\/spiegelraum.com\/index.php?rest_route=%2Fwp%2Fv2%2Fcomments&post=1986"}],"version-history":[{"count":125,"href":"https:\/\/spiegelraum.com\/index.php?rest_route=\/wp\/v2\/pages\/1986\/revisions"}],"predecessor-version":[{"id":3479,"href":"https:\/\/spiegelraum.com\/index.php?rest_route=\/wp\/v2\/pages\/1986\/revisions\/3479"}],"up":[{"embeddable":true,"href":"https:\/\/spiegelraum.com\/index.php?rest_route=\/wp\/v2\/pages\/421"}],"wp:featuredmedia":[{"embeddable":true,"href":"https:\/\/spiegelraum.com\/index.php?rest_route=\/wp\/v2\/media\/3226"}],"wp:attachment":[{"href":"https:\/\/spiegelraum.com\/index.php?rest_route=%2Fwp%2Fv2%2Fmedia&parent=1986"}],"curies":[{"name":"wp","href":"https:\/\/api.w.org\/{rel}","templated":true}]}}