{"id":1411,"date":"2022-02-26T18:42:16","date_gmt":"2022-02-26T18:42:16","guid":{"rendered":"https:\/\/spiegelraum.com\/?p=1411"},"modified":"2024-09-20T06:54:30","modified_gmt":"2024-09-20T06:54:30","slug":"was-uns-bewegt-folge-no-06-yin-und-yang-in-der-sexualitaet","status":"publish","type":"page","link":"https:\/\/spiegelraum.com\/?page_id=1411","title":{"rendered":"Was uns bewegt \u00b7 Folge no.06 \u00b7 Yin und Yang in der Sexualit\u00e4t"},"content":{"rendered":"\n<p class=\"has-text-align-center has-medium-font-size\"><strong>Yin und Yang in der Sexualit\u00e4t<\/strong><br><strong>I<\/strong>nterview-Reihe<strong> &#8222;was uns bewegt&#8220; \u00b7<\/strong> Folge 6<\/p>\n\n\n\n<div style=\"height:25px\" aria-hidden=\"true\" class=\"wp-block-spacer\"><\/div>\n\n\n\n<p class=\"has-medium-font-size\"><strong>V<\/strong>ielen Dank f\u00fcr Dein Interesse an dieser Episode. \ud83d\ude42 Wenn Du unsere Arbeit unterst\u00fctzen m\u00f6chtest, w\u00fcrden wir uns \u00fcber eine\u00a0<a href=\"https:\/\/spiegelraum.com\/?page_id=2533\">Spende<\/a>\u00a0sehr freuen.<\/p>\n\n\n\n<p class=\"has-medium-font-size\"><strong>I<\/strong>n diesem Gespr\u00e4ch geht es unter anderem um folgende Schwerpunkte:<\/p>\n\n\n\n<div class=\"wp-block-columns is-layout-flex wp-container-core-columns-is-layout-9d6595d7 wp-block-columns-is-layout-flex\">\n<div class=\"wp-block-column is-layout-flow wp-block-column-is-layout-flow\">\n<p class=\"has-background\" style=\"background-color:#ffa72b24\"><strong>Sind M\u00e4nner und Frauen wirklich so unterschiedlich in der Sexualit\u00e4t?<\/strong><br>Wenn wir unserem eigenen sexuellen Flu\u00df ganz nat\u00fcrlich folgen k\u00f6nnen, dann k\u00f6nnen wir auch dem sexuellen Flu\u00df von jemand anderem folgen.<br><br>K\u00f6nnte es sein, dass die Unterschiede minimal werden, wenn Mann und Frau frei pendeln k\u00f6nnen zwischen ihren eigenen Yin- und Yang-Aspekten?<\/p>\n\n\n\n<p class=\"has-background\" style=\"background-color:#ffa72b24\"><strong>Zwei Formen von Sexualit\u00e4t:<\/strong><br>Die energieaufbauende Sexualit\u00e4t und die energieabbauende Sexualit\u00e4t. Wie w\u00e4re es, diese beiden Formen wertungsfrei nebeneinander stehen zu lassen? Je nach Situation kann die eine oder die andere Art heilsam sein.<\/p>\n\n\n\n<p class=\"has-background\" style=\"background-color:#ffa72b24\"><strong>Warum st\u00e4ndige Ekstase v\u00f6llig nat\u00fcrlich w\u00e4re:<\/strong><br>Im Frieden sein mit unseren m\u00e4nnlichen und weiblichen Aspekten.<\/p>\n<\/div>\n\n\n\n<div class=\"wp-block-column is-layout-flow wp-block-column-is-layout-flow\">\n<p class=\"has-background\" style=\"background-color:#ffa72b24\"><strong>Frieden im Wurzel-Chakra &amp; Frieden in der sexuellen Energie:<\/strong><br>Wenn wir die grobstoffliche Energie im Wurzel-Chakra nicht abtrennen, sondern liebevoll halten k\u00f6nnen, steigt die Energie durch alle Chakren aufw\u00e4rts und wird dadurch immer mehr verfeinert. <br>Die Energiequelle f\u00fcr jeden unserer Lebensbereiche.<\/p>\n\n\n\n<p class=\"has-background\" style=\"background-color:#ffa72b24\"><strong>Energie-Kan\u00e4le weiten f\u00fcr Lust und Liebe:<\/strong><br>Wie wir dadurch mehr Lebensfreude, mehr Genu\u00df und auch Verj\u00fcngung und k\u00f6rperliche Gesundheit erleben k\u00f6nnen.<\/p>\n\n\n\n<p class=\"has-background\" style=\"background-color:#ffa72b24\"><strong>Lieben f\u00fcr den Weltfrieden:<\/strong> \ud83d\ude42<br>Was eine gesunde Sexualit\u00e4t mit dem Weltfrieden zu tun hat; &#8211; wobei nicht wichtig ist, ob wir die sexuelle Energie in uns selbst erleben oder zusammen mit Partner.<\/p>\n\n\n\n<p class=\"has-background\" style=\"background-color:#ffa72b24\"><strong>\u00dcbung:<\/strong><br>Eine einfache \u00dcbung f\u00fcr den nat\u00fcrlichen Fluss der sexuellen Energie.<\/p>\n<\/div>\n<\/div>\n\n\n\n<p class=\"has-medium-font-size\"><strong>U<\/strong>nd nun viel Freude mit dem <strong>kompletten Video<\/strong>:<\/p>\n\n\n\n<figure class=\"wp-block-video aligncenter\"><video controls poster=\"http:\/\/spiegelraum.com\/wp-content\/uploads\/2022\/03\/VIDEOREIHE-.-Was-uns-bewegt-.-No-06-.-Yin-und-Yang-in-der-Sexualitaet-.-720p.png\" preload=\"none\" src=\"https:\/\/spiegelraum.com\/WUB\/Videoreihe . Was uns bewegt . Folge 06 . 1080p.mp4\"><\/video><\/figure>\n\n\n\n<div style=\"height:25px\" aria-hidden=\"true\" class=\"wp-block-spacer\"><\/div>\n\n\n\n<p>\ud83d\udca1 auch als <strong>Audioversion<\/strong>:<\/p>\n\n\n\n<figure class=\"wp-block-audio\"><audio controls src=\"http:\/\/spiegelraum.com\/wp-content\/uploads\/Videoreihe-.-Was-uns-bewegt-.-Folge-06-.-nur-Audio-1.ogg\" preload=\"none\"><\/audio><\/figure>\n\n\n\n<div style=\"height:20px\" aria-hidden=\"true\" class=\"wp-block-spacer\"><\/div>\n\n\n\n<hr class=\"wp-block-separator has-alpha-channel-opacity is-style-dots\"\/>\n\n\n\n<p class=\"has-text-align-right\"><strong>\u00b7\u00b7\u00b7&gt;<\/strong>&nbsp;<a href=\"https:\/\/spiegelraum.com\/interview-reihe-was-uns-bewegt\" data-type=\"page\" data-id=\"535\">zur \u00dcbersicht<\/a><\/p>\n\n\n\n<p class=\"has-background has-medium-font-size\" style=\"background-color:#ffa72b24\">\ud83d\udca1 Wenn Dir unsere Arbeit gef\u00e4llt und Du uns unterst\u00fctzen m\u00f6chtest, gelangst Du hier zur Seite mit den <a href=\"https:\/\/spiegelraum.com\/?page_id=2533\" data-type=\"page\" data-id=\"2533\" rel=\"nofollow\">Spendeninformationen<\/a>.<\/p>\n","protected":false},"excerpt":{"rendered":"<p>Yin und Yang in der Sexualit\u00e4tInterview-Reihe &#8222;was uns bewegt&#8220; \u00b7 Folge 6 Vielen Dank f\u00fcr Dein Interesse an dieser Episode. \ud83d\ude42 Wenn Du unsere Arbeit unterst\u00fctzen m\u00f6chtest, w\u00fcrden wir uns \u00fcber eine\u00a0Spende\u00a0sehr freuen. In diesem Gespr\u00e4ch geht es unter anderem um folgende Schwerpunkte: Sind M\u00e4nner und Frauen wirklich so unterschiedlich in der Sexualit\u00e4t?Wenn wir unserem [&hellip;]<\/p>\n","protected":false},"author":1,"featured_media":205,"parent":0,"menu_order":0,"comment_status":"open","ping_status":"open","template":"template-full-width.php","meta":{"footnotes":""},"class_list":["post-1411","page","type-page","status-publish","has-post-thumbnail","hentry"],"_links":{"self":[{"href":"https:\/\/spiegelraum.com\/index.php?rest_route=\/wp\/v2\/pages\/1411","targetHints":{"allow":["GET"]}}],"collection":[{"href":"https:\/\/spiegelraum.com\/index.php?rest_route=\/wp\/v2\/pages"}],"about":[{"href":"https:\/\/spiegelraum.com\/index.php?rest_route=\/wp\/v2\/types\/page"}],"author":[{"embeddable":true,"href":"https:\/\/spiegelraum.com\/index.php?rest_route=\/wp\/v2\/users\/1"}],"replies":[{"embeddable":true,"href":"https:\/\/spiegelraum.com\/index.php?rest_route=%2Fwp%2Fv2%2Fcomments&post=1411"}],"version-history":[{"count":26,"href":"https:\/\/spiegelraum.com\/index.php?rest_route=\/wp\/v2\/pages\/1411\/revisions"}],"predecessor-version":[{"id":3489,"href":"https:\/\/spiegelraum.com\/index.php?rest_route=\/wp\/v2\/pages\/1411\/revisions\/3489"}],"wp:featuredmedia":[{"embeddable":true,"href":"https:\/\/spiegelraum.com\/index.php?rest_route=\/wp\/v2\/media\/205"}],"wp:attachment":[{"href":"https:\/\/spiegelraum.com\/index.php?rest_route=%2Fwp%2Fv2%2Fmedia&parent=1411"}],"curies":[{"name":"wp","href":"https:\/\/api.w.org\/{rel}","templated":true}]}}