{"id":1273,"date":"2022-02-19T14:42:43","date_gmt":"2022-02-19T14:42:43","guid":{"rendered":"http:\/\/spiegelraum.com\/?p=1273"},"modified":"2024-09-20T06:44:17","modified_gmt":"2024-09-20T06:44:17","slug":"blog-am-anfang-einer-grossen-reise","status":"publish","type":"page","link":"https:\/\/spiegelraum.com\/?page_id=1273","title":{"rendered":"Blog: &#8222;Am Anfang einer gro\u00dfen Reise&#8220;"},"content":{"rendered":"\n<p class=\"has-text-align-center has-medium-font-size\"><strong>B<\/strong>log: &#8222;<strong>Am Anfang einer gro\u00dfen Reise<\/strong>&#8220; <\/p>\n\n\n\n<p class=\"has-text-align-center\"><strong>ein Text von Johannes Alexander<\/strong><\/p>\n\n\n\n<div style=\"height:20px\" aria-hidden=\"true\" class=\"wp-block-spacer\"><\/div>\n\n\n\n<div class=\"wp-block-columns are-vertically-aligned-top is-layout-flex wp-container-core-columns-is-layout-9d6595d7 wp-block-columns-is-layout-flex\">\n<div class=\"wp-block-column is-vertically-aligned-top is-layout-flow wp-block-column-is-layout-flow\" style=\"flex-basis:66.66%\">\n<div style=\"height:12px\" aria-hidden=\"true\" class=\"wp-block-spacer\"><\/div>\n\n\n\n<p><strong>H<\/strong>eimw\u00e4rts zu sich Selbst unterwegs zu sein, ist wohl eine der spannendsten Unternehmungen \u00fcberhaupt. Ich glaube sogar, da\u00df das ganze Leben im Grunde aus vielen kleinen und gro\u00dfen Einladungen besteht, sich selbst zu sehen und zu erinnern, wer man in Wahrheit ist.<\/p>\n\n\n\n<p><strong>D<\/strong>er Weg der Selbsterkenntnis ist bereichernd und sch\u00f6n f\u00fcr all jene, die ein tiefes Sehnen nach mehr Echtheit, nach mehr Substanz, nach mehr Stabilit\u00e4t und Lebensfreude in sich sp\u00fcren.<\/p>\n\n\n\n<p><strong>W<\/strong>\u00e4hrend einige Menschen einfach eines Morgens unzufrieden aufwachen und anfangen, nach neuen Wegen zu suchen, werden andere mitunter auch durch traumatische Erlebnisse oder Krankheiten daran erinnert, da\u00df sich in deren Leben eine Diskrepanz eingeschlichen hat zwischen Selbstbild und wahrem Selbst.<\/p>\n\n\n\n<div style=\"height:20px\" aria-hidden=\"true\" class=\"wp-block-spacer\"><\/div>\n\n\n\n<p><strong>Freude als Wegweiser<\/strong>:<\/p>\n\n\n\n<p><strong>D<\/strong>ie \u00e4lteren Generationen werden es noch kennen, das Sprichwort: \u201eErst die Arbeit, dann das Vergn\u00fcgen.\u201c Aber ist das wirklich wahr? Ist das sinnvoll? Macht diese Trennung zwischen Arbeit und Vergn\u00fcgen \u00fcberhaupt Sinn?<\/p>\n<\/div>\n\n\n\n<div class=\"wp-block-column is-vertically-aligned-top is-layout-flow wp-block-column-is-layout-flow\" style=\"flex-basis:33.33%\">\n<div style=\"height:12px\" aria-hidden=\"true\" class=\"wp-block-spacer\"><\/div>\n\n\n<div class=\"wp-block-image is-resized\">\n<figure class=\"alignright size-large\"><img loading=\"lazy\" decoding=\"async\" width=\"1439\" height=\"2560\" src=\"http:\/\/spiegelraum.com\/wp-content\/uploads\/2022\/02\/ian-dooley-TevqnfbI0Zc-unsplash-edited-scaled.jpg\" alt=\"\" class=\"wp-image-1322\" style=\"width:265px\" srcset=\"https:\/\/spiegelraum.com\/wp-content\/uploads\/2022\/02\/ian-dooley-TevqnfbI0Zc-unsplash-edited-scaled.jpg 1439w, https:\/\/spiegelraum.com\/wp-content\/uploads\/2022\/02\/ian-dooley-TevqnfbI0Zc-unsplash-edited-169x300.jpg 169w, https:\/\/spiegelraum.com\/wp-content\/uploads\/2022\/02\/ian-dooley-TevqnfbI0Zc-unsplash-edited-575x1024.jpg 575w, https:\/\/spiegelraum.com\/wp-content\/uploads\/2022\/02\/ian-dooley-TevqnfbI0Zc-unsplash-edited-768x1367.jpg 768w, https:\/\/spiegelraum.com\/wp-content\/uploads\/2022\/02\/ian-dooley-TevqnfbI0Zc-unsplash-edited-863x1536.jpg 863w, https:\/\/spiegelraum.com\/wp-content\/uploads\/2022\/02\/ian-dooley-TevqnfbI0Zc-unsplash-edited-1151x2048.jpg 1151w\" sizes=\"auto, (max-width: 1439px) 100vw, 1439px\" \/><\/figure>\n<\/div><\/div>\n<\/div>\n\n\n\n<p><strong>I<\/strong>ch denke, da\u00df dieses Sprichwort eher aus einer Nachkriegsgeneration stammt, die es sich nicht leisten konnte, nach Genu\u00df zu fragen, weil das physische \u00dcberleben wichtiger war. Meiner Erfahrung nach, wird diese Art zu denken aber heutzutage von vielen eher benutzt, um schwierigen Gef\u00fchlen und schmerzlichen Erkenntnissen auszuweichen.<\/p>\n\n\n\n<p><strong>W<\/strong>enn ein Mensch geboren wird, wohnen Ihm ganz spezifische Talente inne. Das sind wichtige F\u00e4higkeiten, die er braucht, um Ihr Leben so zu leben, wie er es &#8222;mu\u00df&#8220;, um individuelle Dinge zu erfahren oder zu lernen. Oft liegen sie verborgen oder sind durch seelische Verletzungen zugedeckt.<\/p>\n\n\n\n<p><strong>J<\/strong>edesmal, wenn wir ein Puzzleteil entdecken, da\u00df zu unserem wahren Seelenbild pa\u00dft, hat das den Effekt, da\u00df wir uns vollst\u00e4ndiger f\u00fchlen. Es ist ein \u201eJa\u201c-Gef\u00fchl, da\u00df keine weitere Erkl\u00e4rung braucht. So, wie wenn man verliebt ist. Man sp\u00fcrt es durch und durch. Dieses \u201eJa\u201c-Gef\u00fchl ist die Freude, da\u00df man sich seinem wahren Selbst ein St\u00fcck weiter angen\u00e4hert hat.<\/p>\n\n\n\n<div class=\"wp-block-columns is-layout-flex wp-container-core-columns-is-layout-9d6595d7 wp-block-columns-is-layout-flex\">\n<div class=\"wp-block-column is-layout-flow wp-block-column-is-layout-flow\" style=\"flex-basis:33.33%\">\n<figure class=\"wp-block-image size-large is-resized\"><img loading=\"lazy\" decoding=\"async\" width=\"1024\" height=\"346\" src=\"http:\/\/spiegelraum.com\/wp-content\/uploads\/2022\/02\/tetiana-shyshkina-JV23poX-lCQ-unsplash-scaled-e1645281689708-1024x346.jpg\" alt=\"\" class=\"wp-image-1300\" style=\"aspect-ratio:1.3333333333333333;object-fit:cover;width:296px;height:auto\" srcset=\"https:\/\/spiegelraum.com\/wp-content\/uploads\/2022\/02\/tetiana-shyshkina-JV23poX-lCQ-unsplash-scaled-e1645281689708-1024x346.jpg 1024w, https:\/\/spiegelraum.com\/wp-content\/uploads\/2022\/02\/tetiana-shyshkina-JV23poX-lCQ-unsplash-scaled-e1645281689708-300x101.jpg 300w, https:\/\/spiegelraum.com\/wp-content\/uploads\/2022\/02\/tetiana-shyshkina-JV23poX-lCQ-unsplash-scaled-e1645281689708-768x259.jpg 768w, https:\/\/spiegelraum.com\/wp-content\/uploads\/2022\/02\/tetiana-shyshkina-JV23poX-lCQ-unsplash-scaled-e1645281689708-1536x518.jpg 1536w, https:\/\/spiegelraum.com\/wp-content\/uploads\/2022\/02\/tetiana-shyshkina-JV23poX-lCQ-unsplash-scaled-e1645281689708-2048x691.jpg 2048w\" sizes=\"auto, (max-width: 1024px) 100vw, 1024px\" \/><\/figure>\n<\/div>\n\n\n\n<div class=\"wp-block-column is-layout-flow wp-block-column-is-layout-flow\" style=\"flex-basis:66.66%\">\n<p><strong>D<\/strong>eswegen ist es f\u00fcr alle Leute auf dem Weg zur\u00fcck zum wahren Selbst von essentieller Bedeutung, das Gesp\u00fcr f\u00fcr wahre Freude, f\u00fcr dieses zufriedene \u201eJa\u201c-Gef\u00fchl, wiederzuerlangen. Entgegen der kurzen Hochs und Tiefs, die wir oft erleben, ist dieses Gef\u00fchl ein in sich ruhendes Gef\u00fchl der Zufriedenheit und des stillen Wissens, da\u00df die Dinge in uns am richtigen Platz sind.<\/p>\n\n\n\n<hr class=\"wp-block-separator has-css-opacity is-style-dots\"\/>\n\n\n\n<p class=\"has-text-align-right\"><strong>\u00b7\u00b7\u00b7&gt;<\/strong>&nbsp;<a href=\"https:\/\/spiegelraum.com\/?page_id=421\" data-type=\"page\" data-id=\"421\" rel=\"nofollow\">zur \u00dcbersicht<\/a><\/p>\n<\/div>\n<\/div>\n\n\n\n<p class=\"has-background has-medium-font-size\" style=\"background-color:#ffa72b24\">\ud83d\udca1 Wenn Dir der Beitrag gefallen hat und Du unsere Arbeit unterst\u00fctzen m\u00f6chtest, gelangst Du hier zur Seite mit den <a href=\"https:\/\/spiegelraum.com\/?page_id=2533\" data-type=\"page\" data-id=\"2533\" rel=\"nofollow\">Spendeninformationen<\/a>.<\/p>\n\n\n\n<p><\/p>\n","protected":false},"excerpt":{"rendered":"<p>Heimw\u00e4rts zu sich Selbst unterwegs zu sein, ist wohl eine der spannendsten Unternehmungen \u00fcberhaupt. Ich glaube sogar, da\u00df das ganze Leben im Grunde aus vielen kleinen und gro\u00dfen Einladungen besteht, sich selbst zu sehen und zu erinnern, wer man in Wahrheit ist.<\/p>\n","protected":false},"author":1,"featured_media":3226,"parent":421,"menu_order":0,"comment_status":"open","ping_status":"closed","template":"template-full-width.php","meta":{"footnotes":""},"class_list":["post-1273","page","type-page","status-publish","has-post-thumbnail","hentry"],"_links":{"self":[{"href":"https:\/\/spiegelraum.com\/index.php?rest_route=\/wp\/v2\/pages\/1273","targetHints":{"allow":["GET"]}}],"collection":[{"href":"https:\/\/spiegelraum.com\/index.php?rest_route=\/wp\/v2\/pages"}],"about":[{"href":"https:\/\/spiegelraum.com\/index.php?rest_route=\/wp\/v2\/types\/page"}],"author":[{"embeddable":true,"href":"https:\/\/spiegelraum.com\/index.php?rest_route=\/wp\/v2\/users\/1"}],"replies":[{"embeddable":true,"href":"https:\/\/spiegelraum.com\/index.php?rest_route=%2Fwp%2Fv2%2Fcomments&post=1273"}],"version-history":[{"count":78,"href":"https:\/\/spiegelraum.com\/index.php?rest_route=\/wp\/v2\/pages\/1273\/revisions"}],"predecessor-version":[{"id":3480,"href":"https:\/\/spiegelraum.com\/index.php?rest_route=\/wp\/v2\/pages\/1273\/revisions\/3480"}],"up":[{"embeddable":true,"href":"https:\/\/spiegelraum.com\/index.php?rest_route=\/wp\/v2\/pages\/421"}],"wp:featuredmedia":[{"embeddable":true,"href":"https:\/\/spiegelraum.com\/index.php?rest_route=\/wp\/v2\/media\/3226"}],"wp:attachment":[{"href":"https:\/\/spiegelraum.com\/index.php?rest_route=%2Fwp%2Fv2%2Fmedia&parent=1273"}],"curies":[{"name":"wp","href":"https:\/\/api.w.org\/{rel}","templated":true}]}}