{"id":1182,"date":"2022-02-04T13:51:21","date_gmt":"2022-02-04T13:51:21","guid":{"rendered":"http:\/\/spiegelraum.com\/?page_id=1182"},"modified":"2022-03-08T13:26:19","modified_gmt":"2022-03-08T13:26:19","slug":"dankeschoen","status":"publish","type":"page","link":"https:\/\/spiegelraum.com\/?page_id=1182","title":{"rendered":"Dankesch\u00f6n"},"content":{"rendered":"\n<p class=\"has-text-align-center\"><strong>An dieser Stelle einen aufrichtigen Dank an all die K\u00fcnstler und Fotografen, mit deren Werken wir diese Website versch\u00f6nern durften:<\/strong> Die hier nicht aufgef\u00fchrten Bilder der Website stammen von uns selbst.<\/p>\n\n\n\n<figure class=\"wp-block-gallery aligncenter has-nested-images columns-2 is-cropped wp-block-gallery-1 is-layout-flex wp-block-gallery-is-layout-flex\">\n<figure class=\"wp-block-image size-full\"><img loading=\"lazy\" decoding=\"async\" width=\"2560\" height=\"1438\" data-id=\"205\" src=\"http:\/\/spiegelraum.com\/wp-content\/uploads\/2022\/01\/lance_asper_3P3NHLZGCp8-scaled.jpg\" alt=\"\" class=\"wp-image-205\" srcset=\"https:\/\/spiegelraum.com\/wp-content\/uploads\/2022\/01\/lance_asper_3P3NHLZGCp8-scaled.jpg 2560w, https:\/\/spiegelraum.com\/wp-content\/uploads\/2022\/01\/lance_asper_3P3NHLZGCp8-300x169.jpg 300w, https:\/\/spiegelraum.com\/wp-content\/uploads\/2022\/01\/lance_asper_3P3NHLZGCp8-1024x575.jpg 1024w, https:\/\/spiegelraum.com\/wp-content\/uploads\/2022\/01\/lance_asper_3P3NHLZGCp8-768x431.jpg 768w, https:\/\/spiegelraum.com\/wp-content\/uploads\/2022\/01\/lance_asper_3P3NHLZGCp8-1536x863.jpg 1536w, https:\/\/spiegelraum.com\/wp-content\/uploads\/2022\/01\/lance_asper_3P3NHLZGCp8-2048x1150.jpg 2048w\" sizes=\"auto, (max-width: 2560px) 100vw, 2560px\" \/><figcaption><br>\u00a9 <strong>Lance Asper<\/strong>, unsplash.com<\/figcaption><\/figure>\n\n\n\n<figure class=\"wp-block-image size-full\"><img decoding=\"async\" data-id=\"1186\" src=\"http:\/\/spiegelraum.com\/wp-content\/uploads\/2022\/02\/chris-ensey-@unsplash_16QrjudiZnE-scaled.jpg\" alt=\"\" class=\"wp-image-1186\"\/><figcaption>\u00a9 <strong>Chris Ensey<\/strong>, unsplash.com<\/figcaption><\/figure>\n\n\n\n<figure class=\"wp-block-image size-full\"><img decoding=\"async\" data-id=\"1030\" src=\"http:\/\/spiegelraum.com\/wp-content\/uploads\/2022\/02\/pexels-cottonbro-3832345-scaled.jpg\" alt=\"\" class=\"wp-image-1030\"\/><figcaption>\u00a9 <strong>Cottonbro<\/strong>, pexels.com<\/figcaption><\/figure>\n\n\n\n<figure class=\"wp-block-image size-full\"><img decoding=\"async\" data-id=\"1014\" src=\"http:\/\/spiegelraum.com\/wp-content\/uploads\/2022\/02\/pexels-polina-kholodova-9965091-scaled.jpg\" alt=\"\" class=\"wp-image-1014\"\/><figcaption>\u00a9 <strong>Polina Kholodova<\/strong>, pexels.com<\/figcaption><\/figure>\n\n\n\n<figure class=\"wp-block-image size-full\"><img decoding=\"async\" data-id=\"593\" src=\"http:\/\/spiegelraum.com\/wp-content\/uploads\/2022\/01\/aneta-pawlik-03xK9saCggE-unsplash-scaled-e1642529915404.jpg\" alt=\"\" class=\"wp-image-593\"\/><figcaption>\u00a9 <strong>Aneta Pawlik<\/strong>, unsplash.com<\/figcaption><\/figure>\n\n\n\n<figure class=\"wp-block-image size-full\"><img decoding=\"async\" data-id=\"999\" src=\"http:\/\/spiegelraum.com\/wp-content\/uploads\/2022\/02\/pexels-klaudia-ekert-2383122-scaled.jpg\" alt=\"\" class=\"wp-image-999\"\/><figcaption>\u00a9 <strong>Klaudia Ekert<\/strong>, pexels.com<\/figcaption><\/figure>\n\n\n\n<figure class=\"wp-block-image size-large\"><img loading=\"lazy\" decoding=\"async\" width=\"1024\" height=\"1024\" data-id=\"1597\" src=\"http:\/\/spiegelraum.com\/wp-content\/uploads\/ben-white-1zA_mC846yU-unsplash-1080x1080-1-1024x1024.png\" alt=\"\" class=\"wp-image-1597\"\/><figcaption>\u00a9 <strong>Ben White<\/strong>, unsplash.com<\/figcaption><\/figure>\n\n\n\n<figure class=\"wp-block-image size-full\"><img decoding=\"async\" data-id=\"599\" src=\"http:\/\/spiegelraum.com\/wp-content\/uploads\/2022\/01\/pexels-aksonsat-uanthoeng-1078850-scaled.jpg\" alt=\"\" class=\"wp-image-599\"\/><figcaption>\u00a9 <strong>Aksonsat Uanthoeng<\/strong>, pexels.com<\/figcaption><\/figure>\n\n\n\n<figure class=\"wp-block-image size-full\"><img decoding=\"async\" data-id=\"1012\" src=\"http:\/\/spiegelraum.com\/wp-content\/uploads\/2022\/02\/pexels-amina-filkins-5410138-scaled.jpg\" alt=\"\" class=\"wp-image-1012\"\/><figcaption>\u00a9 <strong>Amina Filkins<\/strong>, pexels.com<\/figcaption><\/figure>\n\n\n\n<figure class=\"wp-block-image size-large\"><img loading=\"lazy\" decoding=\"async\" width=\"1024\" height=\"576\" data-id=\"1532\" src=\"http:\/\/spiegelraum.com\/wp-content\/uploads\/All-Ein-.-12-.-Hintergrund-.-1080p-1024x576.png\" alt=\"\" class=\"wp-image-1532\" srcset=\"https:\/\/spiegelraum.com\/wp-content\/uploads\/All-Ein-.-12-.-Hintergrund-.-1080p-1024x576.png 1024w, https:\/\/spiegelraum.com\/wp-content\/uploads\/All-Ein-.-12-.-Hintergrund-.-1080p-300x169.png 300w, https:\/\/spiegelraum.com\/wp-content\/uploads\/All-Ein-.-12-.-Hintergrund-.-1080p-768x432.png 768w, https:\/\/spiegelraum.com\/wp-content\/uploads\/All-Ein-.-12-.-Hintergrund-.-1080p-1536x864.png 1536w, https:\/\/spiegelraum.com\/wp-content\/uploads\/All-Ein-.-12-.-Hintergrund-.-1080p.png 1921w\" sizes=\"auto, (max-width: 1024px) 100vw, 1024px\" \/><figcaption>\u00a9 <strong>Marek Piwnicki<\/strong>, unsplash.com<\/figcaption><\/figure>\n\n\n\n<figure class=\"wp-block-image size-full\"><img loading=\"lazy\" decoding=\"async\" width=\"2560\" height=\"1707\" data-id=\"1070\" src=\"http:\/\/spiegelraum.com\/wp-content\/uploads\/2022\/02\/pexels-rodolfo-clix-1578310-scaled.jpg\" alt=\"\" class=\"wp-image-1070\" srcset=\"https:\/\/spiegelraum.com\/wp-content\/uploads\/2022\/02\/pexels-rodolfo-clix-1578310-scaled.jpg 2560w, https:\/\/spiegelraum.com\/wp-content\/uploads\/2022\/02\/pexels-rodolfo-clix-1578310-300x200.jpg 300w, https:\/\/spiegelraum.com\/wp-content\/uploads\/2022\/02\/pexels-rodolfo-clix-1578310-1024x683.jpg 1024w, https:\/\/spiegelraum.com\/wp-content\/uploads\/2022\/02\/pexels-rodolfo-clix-1578310-768x512.jpg 768w, https:\/\/spiegelraum.com\/wp-content\/uploads\/2022\/02\/pexels-rodolfo-clix-1578310-1536x1024.jpg 1536w, https:\/\/spiegelraum.com\/wp-content\/uploads\/2022\/02\/pexels-rodolfo-clix-1578310-2048x1365.jpg 2048w, https:\/\/spiegelraum.com\/wp-content\/uploads\/2022\/02\/pexels-rodolfo-clix-1578310-1200x800.jpg 1200w, https:\/\/spiegelraum.com\/wp-content\/uploads\/2022\/02\/pexels-rodolfo-clix-1578310-600x400.jpg 600w\" sizes=\"auto, (max-width: 2560px) 100vw, 2560px\" \/><figcaption>\u00a9 <strong>Rodolfo Clix<\/strong>, pexels.com<\/figcaption><\/figure>\n\n\n\n<figure class=\"wp-block-image size-full\"><img decoding=\"async\" data-id=\"1240\" src=\"http:\/\/spiegelraum.com\/wp-content\/uploads\/2022\/02\/bruno-martins-4cwf-iW6I1Q-unsplash-scaled.jpg\" alt=\"\" class=\"wp-image-1240\"\/><figcaption>\u00a9 <strong>Bruno Martins<\/strong>, unsplash.com<\/figcaption><\/figure>\n\n\n\n<figure class=\"wp-block-image size-full\"><img loading=\"lazy\" decoding=\"async\" width=\"2560\" height=\"541\" data-id=\"1336\" src=\"http:\/\/spiegelraum.com\/wp-content\/uploads\/2022\/02\/amador-loureiro-BVyNlchWqzs-unsplash-edited-1-scaled.jpg\" alt=\"\" class=\"wp-image-1336\" srcset=\"https:\/\/spiegelraum.com\/wp-content\/uploads\/2022\/02\/amador-loureiro-BVyNlchWqzs-unsplash-edited-1-scaled.jpg 2560w, https:\/\/spiegelraum.com\/wp-content\/uploads\/2022\/02\/amador-loureiro-BVyNlchWqzs-unsplash-edited-1-300x63.jpg 300w, https:\/\/spiegelraum.com\/wp-content\/uploads\/2022\/02\/amador-loureiro-BVyNlchWqzs-unsplash-edited-1-1024x216.jpg 1024w, https:\/\/spiegelraum.com\/wp-content\/uploads\/2022\/02\/amador-loureiro-BVyNlchWqzs-unsplash-edited-1-768x162.jpg 768w, https:\/\/spiegelraum.com\/wp-content\/uploads\/2022\/02\/amador-loureiro-BVyNlchWqzs-unsplash-edited-1-1536x324.jpg 1536w, https:\/\/spiegelraum.com\/wp-content\/uploads\/2022\/02\/amador-loureiro-BVyNlchWqzs-unsplash-edited-1-2048x433.jpg 2048w\" sizes=\"auto, (max-width: 2560px) 100vw, 2560px\" \/><figcaption>\u00a9 <strong>Amador Loureiro<\/strong>, unsplash.com<\/figcaption><\/figure>\n\n\n\n<figure class=\"wp-block-image size-full\"><img loading=\"lazy\" decoding=\"async\" width=\"2558\" height=\"2560\" data-id=\"1335\" src=\"http:\/\/spiegelraum.com\/wp-content\/uploads\/2022\/02\/ian-dooley-TevqnfbI0Zc-unsplash-edited-1-scaled.jpg\" alt=\"\" class=\"wp-image-1335\" srcset=\"https:\/\/spiegelraum.com\/wp-content\/uploads\/2022\/02\/ian-dooley-TevqnfbI0Zc-unsplash-edited-1-scaled.jpg 2558w, https:\/\/spiegelraum.com\/wp-content\/uploads\/2022\/02\/ian-dooley-TevqnfbI0Zc-unsplash-edited-1-300x300.jpg 300w, https:\/\/spiegelraum.com\/wp-content\/uploads\/2022\/02\/ian-dooley-TevqnfbI0Zc-unsplash-edited-1-1024x1024.jpg 1024w, https:\/\/spiegelraum.com\/wp-content\/uploads\/2022\/02\/ian-dooley-TevqnfbI0Zc-unsplash-edited-1-150x150.jpg 150w, https:\/\/spiegelraum.com\/wp-content\/uploads\/2022\/02\/ian-dooley-TevqnfbI0Zc-unsplash-edited-1-768x768.jpg 768w, https:\/\/spiegelraum.com\/wp-content\/uploads\/2022\/02\/ian-dooley-TevqnfbI0Zc-unsplash-edited-1-1536x1536.jpg 1536w, https:\/\/spiegelraum.com\/wp-content\/uploads\/2022\/02\/ian-dooley-TevqnfbI0Zc-unsplash-edited-1-1200x1200.jpg 1200w, https:\/\/spiegelraum.com\/wp-content\/uploads\/2022\/02\/ian-dooley-TevqnfbI0Zc-unsplash-edited-1-600x600.jpg 600w\" sizes=\"auto, (max-width: 2558px) 100vw, 2558px\" \/><figcaption>\u00a9 <strong>Ian Dooley<\/strong>, unsplash.com<\/figcaption><\/figure>\n\n\n\n<figure class=\"wp-block-image size-full\"><img loading=\"lazy\" decoding=\"async\" width=\"2560\" height=\"864\" data-id=\"1300\" src=\"http:\/\/spiegelraum.com\/wp-content\/uploads\/2022\/02\/tetiana-shyshkina-JV23poX-lCQ-unsplash-scaled-e1645281689708.jpg\" alt=\"\" class=\"wp-image-1300\" srcset=\"https:\/\/spiegelraum.com\/wp-content\/uploads\/2022\/02\/tetiana-shyshkina-JV23poX-lCQ-unsplash-scaled-e1645281689708.jpg 2560w, https:\/\/spiegelraum.com\/wp-content\/uploads\/2022\/02\/tetiana-shyshkina-JV23poX-lCQ-unsplash-scaled-e1645281689708-300x101.jpg 300w, https:\/\/spiegelraum.com\/wp-content\/uploads\/2022\/02\/tetiana-shyshkina-JV23poX-lCQ-unsplash-scaled-e1645281689708-1024x346.jpg 1024w, https:\/\/spiegelraum.com\/wp-content\/uploads\/2022\/02\/tetiana-shyshkina-JV23poX-lCQ-unsplash-scaled-e1645281689708-768x259.jpg 768w, https:\/\/spiegelraum.com\/wp-content\/uploads\/2022\/02\/tetiana-shyshkina-JV23poX-lCQ-unsplash-scaled-e1645281689708-1536x518.jpg 1536w, https:\/\/spiegelraum.com\/wp-content\/uploads\/2022\/02\/tetiana-shyshkina-JV23poX-lCQ-unsplash-scaled-e1645281689708-2048x691.jpg 2048w\" sizes=\"auto, (max-width: 2560px) 100vw, 2560px\" \/><figcaption>\u00a9 <strong>Tetiana Shyshkina<\/strong>, unsplash.com<\/figcaption><\/figure>\n\n\n\n<figure class=\"wp-block-image size-full\"><img loading=\"lazy\" decoding=\"async\" width=\"2560\" height=\"1707\" data-id=\"1283\" src=\"http:\/\/spiegelraum.com\/wp-content\/uploads\/2022\/02\/ian-dooley-DuBNA1QMpPA-unsplash-scaled.jpg\" alt=\"\" class=\"wp-image-1283\" srcset=\"https:\/\/spiegelraum.com\/wp-content\/uploads\/2022\/02\/ian-dooley-DuBNA1QMpPA-unsplash-scaled.jpg 2560w, https:\/\/spiegelraum.com\/wp-content\/uploads\/2022\/02\/ian-dooley-DuBNA1QMpPA-unsplash-300x200.jpg 300w, https:\/\/spiegelraum.com\/wp-content\/uploads\/2022\/02\/ian-dooley-DuBNA1QMpPA-unsplash-1024x683.jpg 1024w, https:\/\/spiegelraum.com\/wp-content\/uploads\/2022\/02\/ian-dooley-DuBNA1QMpPA-unsplash-768x512.jpg 768w, https:\/\/spiegelraum.com\/wp-content\/uploads\/2022\/02\/ian-dooley-DuBNA1QMpPA-unsplash-1536x1024.jpg 1536w, https:\/\/spiegelraum.com\/wp-content\/uploads\/2022\/02\/ian-dooley-DuBNA1QMpPA-unsplash-2048x1365.jpg 2048w, https:\/\/spiegelraum.com\/wp-content\/uploads\/2022\/02\/ian-dooley-DuBNA1QMpPA-unsplash-1200x800.jpg 1200w, https:\/\/spiegelraum.com\/wp-content\/uploads\/2022\/02\/ian-dooley-DuBNA1QMpPA-unsplash-600x400.jpg 600w\" sizes=\"auto, (max-width: 2560px) 100vw, 2560px\" \/><figcaption>\u00a9 <strong>Ian Dooley,<\/strong> unsplash.com<\/figcaption><\/figure>\n<\/figure>\n\n\n\n<p><\/p>\n","protected":false},"excerpt":{"rendered":"<p>An dieser Stelle einen aufrichtigen Dank an all die K\u00fcnstler und Fotografen, mit deren Werken wir diese Website versch\u00f6nern durften: Die hier nicht aufgef\u00fchrten Bilder der Website stammen von uns selbst.<\/p>\n","protected":false},"author":1,"featured_media":1070,"parent":0,"menu_order":0,"comment_status":"closed","ping_status":"closed","template":"template-full-width.php","meta":{"footnotes":""},"class_list":["post-1182","page","type-page","status-publish","has-post-thumbnail","hentry"],"_links":{"self":[{"href":"https:\/\/spiegelraum.com\/index.php?rest_route=\/wp\/v2\/pages\/1182","targetHints":{"allow":["GET"]}}],"collection":[{"href":"https:\/\/spiegelraum.com\/index.php?rest_route=\/wp\/v2\/pages"}],"about":[{"href":"https:\/\/spiegelraum.com\/index.php?rest_route=\/wp\/v2\/types\/page"}],"author":[{"embeddable":true,"href":"https:\/\/spiegelraum.com\/index.php?rest_route=\/wp\/v2\/users\/1"}],"replies":[{"embeddable":true,"href":"https:\/\/spiegelraum.com\/index.php?rest_route=%2Fwp%2Fv2%2Fcomments&post=1182"}],"version-history":[{"count":21,"href":"https:\/\/spiegelraum.com\/index.php?rest_route=\/wp\/v2\/pages\/1182\/revisions"}],"predecessor-version":[{"id":3500,"href":"https:\/\/spiegelraum.com\/index.php?rest_route=\/wp\/v2\/pages\/1182\/revisions\/3500"}],"wp:featuredmedia":[{"embeddable":true,"href":"https:\/\/spiegelraum.com\/index.php?rest_route=\/wp\/v2\/media\/1070"}],"wp:attachment":[{"href":"https:\/\/spiegelraum.com\/index.php?rest_route=%2Fwp%2Fv2%2Fmedia&parent=1182"}],"curies":[{"name":"wp","href":"https:\/\/api.w.org\/{rel}","templated":true}]}}